



{"id":13995,"date":"2020-12-18T11:13:36","date_gmt":"2020-12-18T10:13:36","guid":{"rendered":"https:\/\/totenart.com\/noticias\/?page_id=13995"},"modified":"2021-05-10T14:56:46","modified_gmt":"2021-05-10T12:56:46","slug":"pintor-aficionado","status":"publish","type":"page","link":"https:\/\/totenart.com\/noticias\/que-regalar\/pintor-aficionado\/","title":{"rendered":"\u00bfQu\u00e9 regalar a un pintor aficionado?"},"content":{"rendered":"<h1><span class=\"ez-toc-section\" id=\"Ideas_para_regalar_a_un_pintor_aficionado\"><\/span>Ideas para regalar a un pintor aficionado<span class=\"ez-toc-section-end\"><\/span><\/h1>\n<p>Ya , lo entiendo, no sabes qu\u00e9 regalar a alguien que le gusta pintar&#8230; Hacer un regalo para un artista aficionado puede ser complejo. Por este motivo hemos preparado una p\u00e1gina con algunas de nuestras <strong>ideas para regalar a un pintor aficionado. <\/strong>Eso si, al igual que para los artistas profesionales, si tienes que hacer un regalo a un pintor amateur necesitar\u00e1s saber cu\u00e1l es la t\u00e9cnica que le gusta \u00bfYa lo sabes? Pues sigue leyendo:<\/p>\n<h2><span class=\"ez-toc-section\" id=\"Pintor_aficionado_al_oleo\"><\/span>Pintor aficionado al \u00f3leo<span class=\"ez-toc-section-end\"><\/span><\/h2>\n<p>Si est\u00e1s buscando <strong>qu\u00e9 regalar a un pintor de \u00f3leo aficionado\u00a0<\/strong>aqu\u00ed encontrar\u00e1s algunas ideas. Para empezar, puedes optar por comprar un malet\u00edn de pintura al \u00f3leo. Normalmente los artistas aficionados suelen comprar pinturas sueltas <strong>\u00a1Un malet\u00edn le har\u00e1 mucha ilusi\u00f3n!\u00a0<\/strong>Nuestra recomendaci\u00f3n es que regales un <span style=\"text-decoration: underline;\"><a href=\"https:\/\/totenart.com\/maleta-oleo-van-gogh-10-col-40-ml?utm_source=post&amp;utm_medium=que-regalar&amp;utm_campaign=aficionado\" target=\"_blank\" rel=\"noopener noreferrer\">malet\u00edn de pintura Van Gogh<\/a><\/span>. Esta gama tiene una gran relaci\u00f3n calidad precio por lo que es un buen regalo para un pintor aficionado. Tambi\u00e9n puedes intentar averiguar cual es la gama de pintura al \u00f3leo que utiliza. As\u00ed ser\u00e1 m\u00e1s f\u00e1cil adaptarse a su estilo.<\/p>\n<p style=\"text-align: center;\"><img loading=\"lazy\" decoding=\"async\" class=\"alignnone wp-image-14074 size-full\" src=\"https:\/\/totenart.com\/noticias\/wp-content\/uploads\/2020\/12\/maletin-oleo-compra-1-2-1.jpg\" alt=\"totenart-comprar-maletin-oleo\" width=\"720\" height=\"253\" srcset=\"https:\/\/totenart.com\/noticias\/wp-content\/uploads\/2020\/12\/maletin-oleo-compra-1-2-1.jpg 720w, https:\/\/totenart.com\/noticias\/wp-content\/uploads\/2020\/12\/maletin-oleo-compra-1-2-1-300x105.jpg 300w\" sizes=\"auto, (max-width: 720px) 100vw, 720px\" \/><\/p>\n<p>Otra opci\u00f3n es completar un regalo. Si buscas alg\u00fan complemento para a\u00f1adir a un regalo te recomendamos un bote <a href=\"https:\/\/totenart.com\/bote-limpiapinceles-metalico?utm_source=post&amp;utm_medium=que-regalar&amp;utm_campaign=aficionado\" target=\"_blank\" rel=\"noopener noreferrer\"><span style=\"text-decoration: underline;\">limpia pinceles<\/span><\/a>. Los artistas aficionados suelen utilizar otros frascos que no est\u00e1n pensados con este fin. Tambi\u00e9n puedes optar por la <a href=\"https:\/\/totenart.com\/caja-paleta-pintura-compartimentos-tapa-silicona-16x28-cm?utm_source=post&amp;utm_medium=que-regalar&amp;utm_campaign=aficionado\" target=\"_blank\" rel=\"noopener noreferrer\"><span style=\"text-decoration: underline;\">paleta herm\u00e9tica Phoenix<\/span><\/a>. Ideal para un artista que no pinta de forma constante, esta paleta evitar\u00e1 que se sequen sus pinturas.<\/p>\n<p style=\"text-align: center;\"><strong>\u00bfNecesitas m\u00e1s ideas?<\/strong> No te pierdas nuestro post sobre <span style=\"text-decoration: underline;\"><a href=\"https:\/\/totenart.com\/noticias\/que-regalar\/pintor-aficionado\/oleo\" target=\"_blank\" rel=\"noopener noreferrer\">regalos para pintores aficionados al \u00f3leo<\/a><\/span>.<\/p>\n<h2><span class=\"ez-toc-section\" id=\"Pintor_aficionado_a_la_acuarela\"><\/span>Pintor aficionado a la acuarela<span class=\"ez-toc-section-end\"><\/span><\/h2>\n<p>Una de las t\u00e9cnicas art\u00edsticas para pintores aficionados es la acuarela. Por su precio y comodidad, muchos artistas se inician en el mundo de la pintura con la acuarela. As\u00ed que, te damos algunas ideas sobre <strong>qu\u00e9 regalar a un acuarelista aficionado.<\/strong><\/p>\n<p>Por una parte, un regalo con el que seguro que aciertas es un <a href=\"https:\/\/totenart.com\/pinceles\/juegos-de-pinceles?utm_source=post&amp;utm_medium=que-regalar&amp;utm_campaign=aficionado\" target=\"_blank\" rel=\"noopener noreferrer\"><span style=\"text-decoration: underline;\">juego de pinceles<\/span><\/a>. Los artistas amateurs no suelen darle mucha importancia a los pinceles por lo que unos pinceles de calidad les vendr\u00e1n genial. Adem\u00e1s, si escoges un kit de pinceles regalar\u00e1s un poco de todo y acertar\u00e1s seguro.<\/p>\n<p style=\"text-align: center;\"><img loading=\"lazy\" decoding=\"async\" class=\"alignnone wp-image-14076 size-full\" src=\"https:\/\/totenart.com\/noticias\/wp-content\/uploads\/2020\/12\/pinceles2-1.jpg\" alt=\"totenart-pinceles-van-gogh\" width=\"720\" height=\"292\" srcset=\"https:\/\/totenart.com\/noticias\/wp-content\/uploads\/2020\/12\/pinceles2-1.jpg 720w, https:\/\/totenart.com\/noticias\/wp-content\/uploads\/2020\/12\/pinceles2-1-300x122.jpg 300w\" sizes=\"auto, (max-width: 720px) 100vw, 720px\" \/><\/p>\n<p>Otra opci\u00f3n para regalar a pintores aficionados son las cajas de acuarela Pocket Box. Estos estuches est\u00e1n disponibles en diferentes marcas: Winsor &amp; Newton, Schmincke o\u00a0 Van Gogh e <strong>incluyen todo lo necesario para salir a pintar al exterior.\u00a0<\/strong>Nuestra recomendaci\u00f3n es que optes por la gama Cotman de Winsor &amp; Newton creada para artistas aficionados y estudiantes.<\/p>\n<p style=\"text-align: center;\"><strong>\u00bfNecesitas m\u00e1s ideas?<\/strong> No te pierdas nuestro post sobre <a href=\"https:\/\/totenart.com\/noticias\/que-regalar\/pintor-aficionado\/acuarela\/\" target=\"_blank\" rel=\"noopener noreferrer\"><span style=\"text-decoration: underline;\">regalos para pintores aficionados a la acuarela<\/span><\/a>.<\/p>\n<h2><span class=\"ez-toc-section\" id=\"Pintor_aficionado_al_acrilico\"><\/span>Pintor aficionado al acr\u00edlico<span class=\"ez-toc-section-end\"><\/span><\/h2>\n<p>La pintura acr\u00edlica es una de las m\u00e1s utilizadas por los pintores aficionados. Por ese motivo encontrar\u00e1s un mont\u00f3n de regalos originales para pintores de esta t\u00e9cnica. Eso s\u00ed, nosotros lo tenemos claro, el <strong>mejor regalo es un caballete.<\/strong><\/p>\n<p style=\"text-align: center;\"><img loading=\"lazy\" decoding=\"async\" class=\"alignnone wp-image-14290 size-full\" src=\"https:\/\/totenart.com\/noticias\/wp-content\/uploads\/2021\/01\/caballete-sobremesa-1-1.jpg\" alt=\"totenart-comprar-regalo-artista\" width=\"700\" height=\"365\" srcset=\"https:\/\/totenart.com\/noticias\/wp-content\/uploads\/2021\/01\/caballete-sobremesa-1-1.jpg 700w, https:\/\/totenart.com\/noticias\/wp-content\/uploads\/2021\/01\/caballete-sobremesa-1-1-300x156.jpg 300w\" sizes=\"auto, (max-width: 700px) 100vw, 700px\" \/><\/p>\n<p>Pocos artistas aficionados disponen de uno y \u00a1Les har\u00e1 sentir muy profesionales! Depende del espacio del artista puedes buscar un <span style=\"text-decoration: underline;\"><a href=\"https:\/\/totenart.com\/material-pintura\/caballetes-pintura?utm_source=post&amp;utm_medium=que-regalar&amp;utm_campaign=aficionado\" target=\"_blank\" rel=\"noopener noreferrer\">caballete <\/a><a href=\"https:\/\/totenart.com\/material-pintura\/caballetes-pintura?utm_source=post&amp;utm_medium=que-regalar&amp;utm_campaign=aficionado\" target=\"_blank\" rel=\"noopener noreferrer\">normal<\/a><\/span> o un <a href=\"https:\/\/totenart.com\/material-pintura\/caballetes-pintura?caballetes_uso=862&amp;utm_source=post&amp;utm_medium=que-regalar&amp;utm_campaign=aficionado\" target=\"_blank\" rel=\"noopener noreferrer\">caballete de sobremesa<\/a>. Estos \u00faltimos son nuestros favoritos ya que no necesitan mucho espacio. Adem\u00e1s, son <strong>caballetes baratos que cumplen perfectamente su funci\u00f3n.<\/strong><\/p>\n<p style=\"text-align: center;\"><strong>\u00bfQuieres m\u00e1s?<\/strong> Te dejo con m\u00e1s <span style=\"text-decoration: underline;\"><a href=\"https:\/\/totenart.com\/noticias\/que-regalar\/pintor-aficionado\/acrilico\/\" target=\"_blank\" rel=\"noopener noreferrer\">Ideas para regalar a un artista de acr\u00edlico aficionado<\/a><\/span>.<\/p>\n<h2><span class=\"ez-toc-section\" id=\"Pintar_por_numeros\"><\/span>Pintar por n\u00fameros<span class=\"ez-toc-section-end\"><\/span><\/h2>\n<p>Independientemente de la t\u00e9cnica que trabaje, tenemos el <strong>mejor regalo para pintores aficionados.\u00a0<\/strong>En este caso te hablamos de los <a href=\"https:\/\/totenart.com\/otros-materiales-bellas-artes\/kits-y-sets-completos\/pintar-por-numeros?utm_source=post&amp;utm_medium=que-regalar&amp;utm_campaign=pintor-aficionado\" target=\"_blank\" rel=\"noopener\"><span style=\"text-decoration: underline;\">cuadros para pintar por n\u00fameros<\/span><\/a>. Esta t\u00e9cnica, que est\u00e1 triunfando a nivel mundial, consiste en pintar un cuadro dividido por n\u00fameros. Cada n\u00famero equivale a un bote de color.<\/p>\n<p style=\"text-align: center;\"><img loading=\"lazy\" decoding=\"async\" class=\"alignnone wp-image-15653 size-full\" src=\"https:\/\/totenart.com\/noticias\/wp-content\/uploads\/2021\/05\/pintura-con-numeros-1-1.jpg\" alt=\"totenart-que-regalar-pintor-aficionado\" width=\"700\" height=\"203\" srcset=\"https:\/\/totenart.com\/noticias\/wp-content\/uploads\/2021\/05\/pintura-con-numeros-1-1.jpg 700w, https:\/\/totenart.com\/noticias\/wp-content\/uploads\/2021\/05\/pintura-con-numeros-1-1-300x87.jpg 300w\" sizes=\"auto, (max-width: 700px) 100vw, 700px\" \/><\/p>\n<p>Estos <strong>kits de pintura por n\u00fameros incluyen todo lo necesario<\/strong> para que un pintor aficionado disfrute de la pintura. Solo tendr\u00e1 que abrir el set, elegir un pincel y comenzar a llenar las zonas siguiendo el c\u00f3digo de colores \u00a1Resultado garantizado!<\/p>\n<div id=\"ez-toc-container\" class=\"ez-toc-v2_0_82_1 counter-hierarchy ez-toc-counter ez-toc-grey ez-toc-container-direction\">\n<div class=\"ez-toc-title-container\">\n<p class=\"ez-toc-title\" style=\"cursor:inherit\">Tabla de contenidos<\/p>\n<span class=\"ez-toc-title-toggle\"><a href=\"#\" class=\"ez-toc-pull-right ez-toc-btn ez-toc-btn-xs ez-toc-btn-default ez-toc-toggle\" aria-label=\"Alternar tabla de contenidos\"><span class=\"ez-toc-js-icon-con\"><span class=\"\"><span class=\"eztoc-hide\" style=\"display:none;\">Toggle<\/span><span class=\"ez-toc-icon-toggle-span\"><svg style=\"fill: #999;color:#999\" xmlns=\"http:\/\/www.w3.org\/2000\/svg\" class=\"list-377408\" width=\"20px\" height=\"20px\" viewBox=\"0 0 24 24\" fill=\"none\"><path d=\"M6 6H4v2h2V6zm14 0H8v2h12V6zM4 11h2v2H4v-2zm16 0H8v2h12v-2zM4 16h2v2H4v-2zm16 0H8v2h12v-2z\" fill=\"currentColor\"><\/path><\/svg><svg style=\"fill: #999;color:#999\" class=\"arrow-unsorted-368013\" xmlns=\"http:\/\/www.w3.org\/2000\/svg\" width=\"10px\" height=\"10px\" viewBox=\"0 0 24 24\" version=\"1.2\" baseProfile=\"tiny\"><path d=\"M18.2 9.3l-6.2-6.3-6.2 6.3c-.2.2-.3.4-.3.7s.1.5.3.7c.2.2.4.3.7.3h11c.3 0 .5-.1.7-.3.2-.2.3-.5.3-.7s-.1-.5-.3-.7zM5.8 14.7l6.2 6.3 6.2-6.3c.2-.2.3-.5.3-.7s-.1-.5-.3-.7c-.2-.2-.4-.3-.7-.3h-11c-.3 0-.5.1-.7.3-.2.2-.3.5-.3.7s.1.5.3.7z\"\/><\/svg><\/span><\/span><\/span><\/a><\/span><\/div>\n<nav><ul class='ez-toc-list ez-toc-list-level-1 ' ><li class='ez-toc-page-1 ez-toc-heading-level-1'><a class=\"ez-toc-link ez-toc-heading-1\" href=\"https:\/\/totenart.com\/noticias\/que-regalar\/pintor-aficionado\/#Ideas_para_regalar_a_un_pintor_aficionado\" >Ideas para regalar a un pintor aficionado<\/a><ul class='ez-toc-list-level-2' ><li class='ez-toc-heading-level-2'><a class=\"ez-toc-link ez-toc-heading-2\" href=\"https:\/\/totenart.com\/noticias\/que-regalar\/pintor-aficionado\/#Pintor_aficionado_al_oleo\" >Pintor aficionado al \u00f3leo<\/a><\/li><li class='ez-toc-page-1 ez-toc-heading-level-2'><a class=\"ez-toc-link ez-toc-heading-3\" href=\"https:\/\/totenart.com\/noticias\/que-regalar\/pintor-aficionado\/#Pintor_aficionado_a_la_acuarela\" >Pintor aficionado a la acuarela<\/a><\/li><li class='ez-toc-page-1 ez-toc-heading-level-2'><a class=\"ez-toc-link ez-toc-heading-4\" href=\"https:\/\/totenart.com\/noticias\/que-regalar\/pintor-aficionado\/#Pintor_aficionado_al_acrilico\" >Pintor aficionado al acr\u00edlico<\/a><\/li><li class='ez-toc-page-1 ez-toc-heading-level-2'><a class=\"ez-toc-link ez-toc-heading-5\" href=\"https:\/\/totenart.com\/noticias\/que-regalar\/pintor-aficionado\/#Pintar_por_numeros\" >Pintar por n\u00fameros<\/a><\/li><\/ul><\/li><\/ul><\/nav><\/div>\n","protected":false},"excerpt":{"rendered":"<p>Ideas para regalar a un pintor aficionado Ya , lo entiendo, no sabes qu\u00e9 regalar a alguien que le gusta pintar&#8230; Hacer un regalo para un artista aficionado puede ser complejo. Por este motivo hemos preparado una p\u00e1gina con algunas de nuestras ideas para regalar a un pintor aficionado. Eso si, al igual que para [&hellip;]<\/p>\n","protected":false},"author":13,"featured_media":14054,"parent":13981,"menu_order":0,"comment_status":"closed","ping_status":"closed","template":"","meta":{"footnotes":""},"class_list":["post-13995","page","type-page","status-publish","has-post-thumbnail","hentry"],"yoast_head":"<!-- This site is optimized with the Yoast SEO plugin v27.2 - https:\/\/yoast.com\/product\/yoast-seo-wordpress\/ -->\n<title>\u00bfQu\u00e9 regalar a un pintor aficionado? - Ideas para regalar<\/title>\n<meta name=\"description\" content=\"\u00bfSabes qu\u00e9 regalar a un artista aficionado? En este post te damos algunas ideas sobre regalos para pintores aficionados.\" \/>\n<meta name=\"robots\" content=\"index, follow, max-snippet:-1, max-image-preview:large, max-video-preview:-1\" \/>\n<link rel=\"canonical\" href=\"https:\/\/totenart.com\/noticias\/que-regalar\/pintor-aficionado\/\" \/>\n<meta property=\"og:locale\" content=\"es_ES\" \/>\n<meta property=\"og:type\" content=\"article\" \/>\n<meta property=\"og:title\" content=\"\u00bfQu\u00e9 regalar a un pintor aficionado? - Ideas para regalar\" \/>\n<meta property=\"og:description\" content=\"\u00bfSabes qu\u00e9 regalar a un artista aficionado? En este post te damos algunas ideas sobre regalos para pintores aficionados.\" \/>\n<meta property=\"og:url\" content=\"https:\/\/totenart.com\/noticias\/que-regalar\/pintor-aficionado\/\" \/>\n<meta property=\"og:site_name\" content=\"Noticias de Arte Totenart\" \/>\n<meta property=\"article:modified_time\" content=\"2021-05-10T12:56:46+00:00\" \/>\n<meta property=\"og:image\" content=\"https:\/\/totenart.com\/noticias\/wp-content\/uploads\/2020\/12\/cabecera-que-regalar-2.jpg\" \/>\n\t<meta property=\"og:image:width\" content=\"749\" \/>\n\t<meta property=\"og:image:height\" content=\"200\" \/>\n\t<meta property=\"og:image:type\" content=\"image\/jpeg\" \/>\n<meta name=\"twitter:label1\" content=\"Tiempo de lectura\" \/>\n\t<meta name=\"twitter:data1\" content=\"4 minutos\" \/>\n<script type=\"application\/ld+json\" class=\"yoast-schema-graph\">{\"@context\":\"https:\/\/schema.org\",\"@graph\":[{\"@type\":\"WebPage\",\"@id\":\"https:\/\/totenart.com\/noticias\/que-regalar\/pintor-aficionado\/\",\"url\":\"https:\/\/totenart.com\/noticias\/que-regalar\/pintor-aficionado\/\",\"name\":\"\u00bfQu\u00e9 regalar a un pintor aficionado? - Ideas para regalar\",\"isPartOf\":{\"@id\":\"https:\/\/totenart.com\/noticias\/#website\"},\"primaryImageOfPage\":{\"@id\":\"https:\/\/totenart.com\/noticias\/que-regalar\/pintor-aficionado\/#primaryimage\"},\"image\":{\"@id\":\"https:\/\/totenart.com\/noticias\/que-regalar\/pintor-aficionado\/#primaryimage\"},\"thumbnailUrl\":\"https:\/\/totenart.com\/noticias\/wp-content\/uploads\/2020\/12\/cabecera-que-regalar-2.jpg\",\"datePublished\":\"2020-12-18T10:13:36+00:00\",\"dateModified\":\"2021-05-10T12:56:46+00:00\",\"description\":\"\u00bfSabes qu\u00e9 regalar a un artista aficionado? En este post te damos algunas ideas sobre regalos para pintores aficionados.\",\"breadcrumb\":{\"@id\":\"https:\/\/totenart.com\/noticias\/que-regalar\/pintor-aficionado\/#breadcrumb\"},\"inLanguage\":\"es\",\"potentialAction\":[{\"@type\":\"ReadAction\",\"target\":[\"https:\/\/totenart.com\/noticias\/que-regalar\/pintor-aficionado\/\"]}]},{\"@type\":\"ImageObject\",\"inLanguage\":\"es\",\"@id\":\"https:\/\/totenart.com\/noticias\/que-regalar\/pintor-aficionado\/#primaryimage\",\"url\":\"https:\/\/totenart.com\/noticias\/wp-content\/uploads\/2020\/12\/cabecera-que-regalar-2.jpg\",\"contentUrl\":\"https:\/\/totenart.com\/noticias\/wp-content\/uploads\/2020\/12\/cabecera-que-regalar-2.jpg\",\"width\":749,\"height\":200},{\"@type\":\"BreadcrumbList\",\"@id\":\"https:\/\/totenart.com\/noticias\/que-regalar\/pintor-aficionado\/#breadcrumb\",\"itemListElement\":[{\"@type\":\"ListItem\",\"position\":1,\"name\":\"Portada\",\"item\":\"https:\/\/totenart.com\/noticias\/\"},{\"@type\":\"ListItem\",\"position\":2,\"name\":\"\u00bfQu\u00e9 regalar a un artista?\",\"item\":\"https:\/\/totenart.com\/noticias\/que-regalar\/\"},{\"@type\":\"ListItem\",\"position\":3,\"name\":\"\u00bfQu\u00e9 regalar a un pintor aficionado?\"}]},{\"@type\":\"WebSite\",\"@id\":\"https:\/\/totenart.com\/noticias\/#website\",\"url\":\"https:\/\/totenart.com\/noticias\/\",\"name\":\"Noticias de Arte Totenart\",\"description\":\"Blog de noticias del mundo del arte: exposiciones, eventos, nuevos productos y materiales para artistas...\",\"potentialAction\":[{\"@type\":\"SearchAction\",\"target\":{\"@type\":\"EntryPoint\",\"urlTemplate\":\"https:\/\/totenart.com\/noticias\/?s={search_term_string}\"},\"query-input\":{\"@type\":\"PropertyValueSpecification\",\"valueRequired\":true,\"valueName\":\"search_term_string\"}}],\"inLanguage\":\"es\"}]}<\/script>\n<!-- \/ Yoast SEO plugin. -->","yoast_head_json":{"title":"\u00bfQu\u00e9 regalar a un pintor aficionado? - Ideas para regalar","description":"\u00bfSabes qu\u00e9 regalar a un artista aficionado? En este post te damos algunas ideas sobre regalos para pintores aficionados.","robots":{"index":"index","follow":"follow","max-snippet":"max-snippet:-1","max-image-preview":"max-image-preview:large","max-video-preview":"max-video-preview:-1"},"canonical":"https:\/\/totenart.com\/noticias\/que-regalar\/pintor-aficionado\/","og_locale":"es_ES","og_type":"article","og_title":"\u00bfQu\u00e9 regalar a un pintor aficionado? - Ideas para regalar","og_description":"\u00bfSabes qu\u00e9 regalar a un artista aficionado? En este post te damos algunas ideas sobre regalos para pintores aficionados.","og_url":"https:\/\/totenart.com\/noticias\/que-regalar\/pintor-aficionado\/","og_site_name":"Noticias de Arte Totenart","article_modified_time":"2021-05-10T12:56:46+00:00","og_image":[{"width":749,"height":200,"url":"https:\/\/totenart.com\/noticias\/wp-content\/uploads\/2020\/12\/cabecera-que-regalar-2.jpg","type":"image\/jpeg"}],"twitter_misc":{"Tiempo de lectura":"4 minutos"},"schema":{"@context":"https:\/\/schema.org","@graph":[{"@type":"WebPage","@id":"https:\/\/totenart.com\/noticias\/que-regalar\/pintor-aficionado\/","url":"https:\/\/totenart.com\/noticias\/que-regalar\/pintor-aficionado\/","name":"\u00bfQu\u00e9 regalar a un pintor aficionado? - Ideas para regalar","isPartOf":{"@id":"https:\/\/totenart.com\/noticias\/#website"},"primaryImageOfPage":{"@id":"https:\/\/totenart.com\/noticias\/que-regalar\/pintor-aficionado\/#primaryimage"},"image":{"@id":"https:\/\/totenart.com\/noticias\/que-regalar\/pintor-aficionado\/#primaryimage"},"thumbnailUrl":"https:\/\/totenart.com\/noticias\/wp-content\/uploads\/2020\/12\/cabecera-que-regalar-2.jpg","datePublished":"2020-12-18T10:13:36+00:00","dateModified":"2021-05-10T12:56:46+00:00","description":"\u00bfSabes qu\u00e9 regalar a un artista aficionado? En este post te damos algunas ideas sobre regalos para pintores aficionados.","breadcrumb":{"@id":"https:\/\/totenart.com\/noticias\/que-regalar\/pintor-aficionado\/#breadcrumb"},"inLanguage":"es","potentialAction":[{"@type":"ReadAction","target":["https:\/\/totenart.com\/noticias\/que-regalar\/pintor-aficionado\/"]}]},{"@type":"ImageObject","inLanguage":"es","@id":"https:\/\/totenart.com\/noticias\/que-regalar\/pintor-aficionado\/#primaryimage","url":"https:\/\/totenart.com\/noticias\/wp-content\/uploads\/2020\/12\/cabecera-que-regalar-2.jpg","contentUrl":"https:\/\/totenart.com\/noticias\/wp-content\/uploads\/2020\/12\/cabecera-que-regalar-2.jpg","width":749,"height":200},{"@type":"BreadcrumbList","@id":"https:\/\/totenart.com\/noticias\/que-regalar\/pintor-aficionado\/#breadcrumb","itemListElement":[{"@type":"ListItem","position":1,"name":"Portada","item":"https:\/\/totenart.com\/noticias\/"},{"@type":"ListItem","position":2,"name":"\u00bfQu\u00e9 regalar a un artista?","item":"https:\/\/totenart.com\/noticias\/que-regalar\/"},{"@type":"ListItem","position":3,"name":"\u00bfQu\u00e9 regalar a un pintor aficionado?"}]},{"@type":"WebSite","@id":"https:\/\/totenart.com\/noticias\/#website","url":"https:\/\/totenart.com\/noticias\/","name":"Noticias de Arte Totenart","description":"Blog de noticias del mundo del arte: exposiciones, eventos, nuevos productos y materiales para artistas...","potentialAction":[{"@type":"SearchAction","target":{"@type":"EntryPoint","urlTemplate":"https:\/\/totenart.com\/noticias\/?s={search_term_string}"},"query-input":{"@type":"PropertyValueSpecification","valueRequired":true,"valueName":"search_term_string"}}],"inLanguage":"es"}]}},"_links":{"self":[{"href":"https:\/\/totenart.com\/noticias\/wp-json\/wp\/v2\/pages\/13995","targetHints":{"allow":["GET"]}}],"collection":[{"href":"https:\/\/totenart.com\/noticias\/wp-json\/wp\/v2\/pages"}],"about":[{"href":"https:\/\/totenart.com\/noticias\/wp-json\/wp\/v2\/types\/page"}],"author":[{"embeddable":true,"href":"https:\/\/totenart.com\/noticias\/wp-json\/wp\/v2\/users\/13"}],"replies":[{"embeddable":true,"href":"https:\/\/totenart.com\/noticias\/wp-json\/wp\/v2\/comments?post=13995"}],"version-history":[{"count":3,"href":"https:\/\/totenart.com\/noticias\/wp-json\/wp\/v2\/pages\/13995\/revisions"}],"predecessor-version":[{"id":14055,"href":"https:\/\/totenart.com\/noticias\/wp-json\/wp\/v2\/pages\/13995\/revisions\/14055"}],"up":[{"embeddable":true,"href":"https:\/\/totenart.com\/noticias\/wp-json\/wp\/v2\/pages\/13981"}],"wp:featuredmedia":[{"embeddable":true,"href":"https:\/\/totenart.com\/noticias\/wp-json\/wp\/v2\/media\/14054"}],"wp:attachment":[{"href":"https:\/\/totenart.com\/noticias\/wp-json\/wp\/v2\/media?parent=13995"}],"curies":[{"name":"wp","href":"https:\/\/api.w.org\/{rel}","templated":true}]}}