



{"id":14036,"date":"2020-12-18T12:58:17","date_gmt":"2020-12-18T11:58:17","guid":{"rendered":"https:\/\/totenart.com\/noticias\/?page_id=14036"},"modified":"2020-12-24T10:38:31","modified_gmt":"2020-12-24T09:38:31","slug":"oleo","status":"publish","type":"page","link":"https:\/\/totenart.com\/noticias\/que-regalar\/pintor-aficionado\/oleo\/","title":{"rendered":"\u00bfQu\u00e9 regalar a un pintor de \u00f3leo aficionado?"},"content":{"rendered":"<h1><span class=\"ez-toc-section\" id=\"%C2%BFQue_regalar_a_un_pintor_aficionado_al_oleo\"><\/span>\u00bfQu\u00e9 regalar a un pintor aficionado al \u00f3leo?<span class=\"ez-toc-section-end\"><\/span><\/h1>\n<p>\u00bfTienes un amigo al que le gusta la pintura al \u00f3leo y no sabes que regalarle? Aqu\u00ed te damos algunas ideas para regalarle a tu amigo pintor:<\/p>\n<h2><span class=\"ez-toc-section\" id=\"Regala_pintura_al_oleo\"><\/span>Regala pintura al \u00f3leo<span class=\"ez-toc-section-end\"><\/span><\/h2>\n<p style=\"text-align: left;\">Si est\u00e1s buscando\u00a0<strong>qu\u00e9 regalar a un pintor aficionado al \u00f3leo <\/strong>aqu\u00ed encontrar\u00e1s algunas ideas. Para empezar, puedes optar por comprar un malet\u00edn de pintura al \u00f3leo. Normalmente los artistas aficionados suelen comprar pinturas sueltas \u00a1Un malet\u00edn le har\u00e1 mucha ilusi\u00f3n.<\/p>\n<p>Nuestra recomendaci\u00f3n es que regales un <a href=\"https:\/\/totenart.com\/maleta-oleo-van-gogh-10-col-40-ml?utm_source=post&amp;utm_medium=que-regalar&amp;utm_campaign=aficionado-oleo\" target=\"_blank\" rel=\"noopener noreferrer\"><span style=\"text-decoration: underline;\">malet\u00edn de pintura Van Gogh<\/span><\/a>. Esta gama tiene una gran relaci\u00f3n calidad precio por lo que es un buen regalo para un pintor aficionado. Tambi\u00e9n puedes intentar averiguar cu\u00e1l es la gama de pintura al \u00f3leo que utiliza. As\u00ed ser\u00e1 m\u00e1s f\u00e1cil adaptarse a su estilo.<\/p>\n<p style=\"text-align: center;\"><a href=\"https:\/\/totenart.com\/maleta-oleo-van-gogh-10-col-40-ml?utm_source=post&amp;utm_medium=que-regalar&amp;utm_campaign=aficionado-oleo\" target=\"_blank\" rel=\"noopener noreferrer\"><img loading=\"lazy\" decoding=\"async\" class=\"alignnone wp-image-14034 size-full\" src=\"https:\/\/totenart.com\/noticias\/wp-content\/uploads\/2020\/12\/maletin-oleo-compra-1-2.jpg\" alt=\"\" width=\"720\" height=\"253\" srcset=\"https:\/\/totenart.com\/noticias\/wp-content\/uploads\/2020\/12\/maletin-oleo-compra-1-2.jpg 720w, https:\/\/totenart.com\/noticias\/wp-content\/uploads\/2020\/12\/maletin-oleo-compra-1-2-300x105.jpg 300w\" sizes=\"auto, (max-width: 720px) 100vw, 720px\" \/><\/a><\/p>\n<h2><span class=\"ez-toc-section\" id=\"Regala_lienzos\"><\/span>Regala lienzos<span class=\"ez-toc-section-end\"><\/span><\/h2>\n<p>Una de las mejores opciones para artistas que est\u00e1n empezando a pintar al \u00f3leo son lienzos. Por una parte puedes optar por los cl\u00e1sicos <a href=\"https:\/\/totenart.com\/lienzos-y-soportes\/lienzos-tradicionales-para-pintar?utm_source=post&amp;utm_medium=que-regalar&amp;utm_campaign=aficionado-oleo\" target=\"_blank\" rel=\"noopener noreferrer\"><span style=\"text-decoration: underline;\">lienzos de tela<\/span><\/a>, son un poco complicados pero seguro que le hace mucha ilusi\u00f3n \u00a1Pintar\u00e1 como los pintores m\u00e1s famosos!<\/p>\n<p>Por otra parte, un regalo ideal para personas que est\u00e1n empezando a conocer este tipo de pintura es el <a href=\"https:\/\/totenart.com\/oleos\/soportes-para-oleo\/blocs-de-papel-para-pintar-al-oleo?utm_source=post&amp;utm_medium=que-regalar&amp;utm_campaign=aficionado-oleo\" target=\"_blank\" rel=\"noopener noreferrer\"><span style=\"text-decoration: underline;\">papel para \u00f3leo<\/span><\/a>. Estos blocs son muy baratos por lo que un artista amateur no se sentir\u00e1 mal por utilizarlos. En muchas ocasiones los pintores tienen el conocido <strong>miedo al lienzo en blanco<\/strong>, gracias a estos blocs podr\u00e1n garabatear sin sentir que est\u00e1n estropeando un lienzo.<\/p>\n<h2><span class=\"ez-toc-section\" id=\"Regala_complementos_para_pintura_al_oleo\"><\/span>Regala complementos para pintura al \u00f3leo<span class=\"ez-toc-section-end\"><\/span><\/h2>\n<p>La pintura al \u00f3leo es una de las m\u00e1s antiguas. Tal vez, por ese motivo, es una de las pinturas para las que m\u00e1s complementos existen. Si tienes un amigo que est\u00e1 empezando a pintar al \u00f3leo puedes regalarle alg\u00fan producto complementario. Normalmente artistas aficionados carecen de este tipo de cosas:<\/p>\n<h3><span class=\"ez-toc-section\" id=\"Caballetes_de_pintura\"><\/span>Caballetes de pintura<span class=\"ez-toc-section-end\"><\/span><\/h3>\n<p>\u00a1Un\u00a0<a href=\"https:\/\/totenart.com\/material-pintura\/caballetes-pintura?utm_source=post&amp;utm_medium=que-regalar&amp;utm_campaign=aficionado-oleo\" target=\"_blank\" rel=\"noopener noreferrer\">caballete para \u00f3leo<\/a><span style=\"text-decoration: underline;\">!<\/span> Aunque muchas veces, los artistas amateurs carecen de uno, los caballetes son una herramienta indispensable para cualquier artista de \u00f3leo. Por supuesto, hay m\u00faltiples tipos de caballete y es un mundo muy complicado. Por este motivo, te doy 2 ideas de caballetes para regalar:<\/p>\n<ul>\n<li>\n<h4><strong>Caballete de sobremesa<\/strong><\/h4>\n<\/li>\n<\/ul>\n<p>Si tu amigo aficionado al \u00f3leo pinta en un lugar peque\u00f1o, el mejor regalo es un <span style=\"text-decoration: underline;\"><a href=\"https:\/\/totenart.com\/material-pintura\/caballetes-pintura?caballetes_uso=862&amp;utm_source=post&amp;utm_medium=que-regalar&amp;utm_campaign=aficionado-oleo\" target=\"_blank\" rel=\"noopener noreferrer\">caballete de sobremesa<\/a><\/span>. Estos atriles ocupan muy poco espacio y se pueden utilizar en cualquier mesa. Respecto a su precio, <strong>puedes encontrar caballetes baratos desde 10\u20ac aprox. como<\/strong> el <a href=\"https:\/\/totenart.com\/caballete-aluminio-sobremesa?utm_source=post&amp;utm_medium=que-regalar&amp;utm_campaign=aficionado-oleo\" target=\"_blank\" rel=\"noopener noreferrer\"><span style=\"text-decoration: underline;\">caballete de aluminio de sobremesa<\/span><\/a> de Talens. Adem\u00e1s, este caballete incluye una bolsa de transporte y, al ser de aluminio, no pesa pr\u00e1cticamente nada \u00a1Se lo podr\u00e1 llevar a cualquier sitio!<\/p>\n<p style=\"text-align: center;\"><a href=\"https:\/\/totenart.com\/caballete-de-sobremesa-mira-talens?utm_source=post&amp;utm_medium=que-regalar&amp;utm_campaign=aficionado-oleo\" target=\"_blank\" rel=\"noopener noreferrer\"><img loading=\"lazy\" decoding=\"async\" class=\"alignnone wp-image-14023 size-full\" src=\"https:\/\/totenart.com\/noticias\/wp-content\/uploads\/2020\/12\/caballete-sobremes.jpg\" alt=\"que-regalar-pintor-caballete-sobremesa\" width=\"600\" height=\"269\" srcset=\"https:\/\/totenart.com\/noticias\/wp-content\/uploads\/2020\/12\/caballete-sobremes.jpg 600w, https:\/\/totenart.com\/noticias\/wp-content\/uploads\/2020\/12\/caballete-sobremes-300x135.jpg 300w\" sizes=\"auto, (max-width: 600px) 100vw, 600px\" \/><\/a><\/p>\n<ul>\n<li>\n<h4><strong>Caballete simple<\/strong><\/h4>\n<\/li>\n<\/ul>\n<p>Otra opci\u00f3n es un caballete tradicional. Lo mejor para los artistas de \u00f3leo es pintar de pie ya que as\u00ed pueden observar su obra con mayor perspectiva. Por este motivo puedes hacerte con un caballete simple como el <span style=\"text-decoration: underline;\"><a href=\"https:\/\/totenart.com\/caballete-lyre-180-phoenix?utm_source=post&amp;utm_medium=que-regalar&amp;utm_campaign=aficionado-oleo\" target=\"_blank\" rel=\"noopener noreferrer\">Caballete Lyre<\/a>.<\/span><\/p>\n<h3><span class=\"ez-toc-section\" id=\"Paletas\"><\/span>Paletas<span class=\"ez-toc-section-end\"><\/span><\/h3>\n<p>Otra de nuestras recomendaciones para regalar a un artista de \u00f3leo amateur es la <span style=\"text-decoration: underline;\"><a href=\"https:\/\/totenart.com\/caja-paleta-pintura-compartimentos-tapa-silicona-16x28-cm?utm_source=post&amp;utm_medium=que-regalar&amp;utm_campaign=aficionado-oleo\" target=\"_blank\" rel=\"noopener noreferrer\">paleta herm\u00e9tica Phoenix<\/a><\/span>. Ideal para un artista que no pinta de forma constante. Esta paleta evitar\u00e1 que se sequen sus pinturas. Gracias a su tapa herm\u00e9tica de silicona los colores se mantendr\u00e1n m\u00e1s tiempo en buen estado. Adem\u00e1s, podr\u00e1 transportarlos de forma c\u00f3moda\u00a0<em>(aunque con cuidado)\u00a0<\/em>de un lugar a otro.<\/p>\n<p style=\"text-align: center;\"><a href=\"https:\/\/totenart.com\/caja-paleta-pintura-compartimentos-tapa-silicona-16x28-cm?utm_source=post&amp;utm_medium=que-regalar&amp;utm_campaign=aficionado-oleo\" target=\"_blank\" rel=\"noopener noreferrer\"><img loading=\"lazy\" decoding=\"async\" class=\"alignnone wp-image-14025 size-full\" src=\"https:\/\/totenart.com\/noticias\/wp-content\/uploads\/2020\/12\/paleta-silicona-comprar-1.jpg\" alt=\"totenart-comprar-paleta\" width=\"600\" height=\"317\" srcset=\"https:\/\/totenart.com\/noticias\/wp-content\/uploads\/2020\/12\/paleta-silicona-comprar-1.jpg 600w, https:\/\/totenart.com\/noticias\/wp-content\/uploads\/2020\/12\/paleta-silicona-comprar-1-300x159.jpg 300w\" sizes=\"auto, (max-width: 600px) 100vw, 600px\" \/><\/a><\/p>\n<p>Otras paletas pensadas para pintores aficionados al \u00f3leo son las <a href=\"https:\/\/totenart.com\/oleos\/complementos-para-oleo\/paletas-para-pintura-al-oleo?material=850&amp;utm_source=post&amp;utm_medium=que-regalar&amp;utm_campaign=aficionado-oleo\" target=\"_blank\" rel=\"noopener noreferrer\">paletas desechables de papel<\/a>. Este producto es como un bloc pero de paletas independientes. De esta forma el artista puede utilizar una cada vez que pinte y \u00a1Estrenar paleta cada d\u00eda!<\/p>\n<div id=\"ez-toc-container\" class=\"ez-toc-v2_0_82_1 counter-hierarchy ez-toc-counter ez-toc-grey ez-toc-container-direction\">\n<div class=\"ez-toc-title-container\">\n<p class=\"ez-toc-title\" style=\"cursor:inherit\">Tabla de contenidos<\/p>\n<span class=\"ez-toc-title-toggle\"><a href=\"#\" class=\"ez-toc-pull-right ez-toc-btn ez-toc-btn-xs ez-toc-btn-default ez-toc-toggle\" aria-label=\"Alternar tabla de contenidos\"><span class=\"ez-toc-js-icon-con\"><span class=\"\"><span class=\"eztoc-hide\" style=\"display:none;\">Toggle<\/span><span class=\"ez-toc-icon-toggle-span\"><svg style=\"fill: #999;color:#999\" xmlns=\"http:\/\/www.w3.org\/2000\/svg\" class=\"list-377408\" width=\"20px\" height=\"20px\" viewBox=\"0 0 24 24\" fill=\"none\"><path d=\"M6 6H4v2h2V6zm14 0H8v2h12V6zM4 11h2v2H4v-2zm16 0H8v2h12v-2zM4 16h2v2H4v-2zm16 0H8v2h12v-2z\" fill=\"currentColor\"><\/path><\/svg><svg style=\"fill: #999;color:#999\" class=\"arrow-unsorted-368013\" xmlns=\"http:\/\/www.w3.org\/2000\/svg\" width=\"10px\" height=\"10px\" viewBox=\"0 0 24 24\" version=\"1.2\" baseProfile=\"tiny\"><path d=\"M18.2 9.3l-6.2-6.3-6.2 6.3c-.2.2-.3.4-.3.7s.1.5.3.7c.2.2.4.3.7.3h11c.3 0 .5-.1.7-.3.2-.2.3-.5.3-.7s-.1-.5-.3-.7zM5.8 14.7l6.2 6.3 6.2-6.3c.2-.2.3-.5.3-.7s-.1-.5-.3-.7c-.2-.2-.4-.3-.7-.3h-11c-.3 0-.5.1-.7.3-.2.2-.3.5-.3.7s.1.5.3.7z\"\/><\/svg><\/span><\/span><\/span><\/a><\/span><\/div>\n<nav><ul class='ez-toc-list ez-toc-list-level-1 ' ><li class='ez-toc-page-1 ez-toc-heading-level-1'><a class=\"ez-toc-link ez-toc-heading-1\" href=\"https:\/\/totenart.com\/noticias\/que-regalar\/pintor-aficionado\/oleo\/#%C2%BFQue_regalar_a_un_pintor_aficionado_al_oleo\" >\u00bfQu\u00e9 regalar a un pintor aficionado al \u00f3leo?<\/a><ul class='ez-toc-list-level-2' ><li class='ez-toc-heading-level-2'><a class=\"ez-toc-link ez-toc-heading-2\" href=\"https:\/\/totenart.com\/noticias\/que-regalar\/pintor-aficionado\/oleo\/#Regala_pintura_al_oleo\" >Regala pintura al \u00f3leo<\/a><\/li><li class='ez-toc-page-1 ez-toc-heading-level-2'><a class=\"ez-toc-link ez-toc-heading-3\" href=\"https:\/\/totenart.com\/noticias\/que-regalar\/pintor-aficionado\/oleo\/#Regala_lienzos\" >Regala lienzos<\/a><\/li><li class='ez-toc-page-1 ez-toc-heading-level-2'><a class=\"ez-toc-link ez-toc-heading-4\" href=\"https:\/\/totenart.com\/noticias\/que-regalar\/pintor-aficionado\/oleo\/#Regala_complementos_para_pintura_al_oleo\" >Regala complementos para pintura al \u00f3leo<\/a><ul class='ez-toc-list-level-3' ><li class='ez-toc-heading-level-3'><a class=\"ez-toc-link ez-toc-heading-5\" href=\"https:\/\/totenart.com\/noticias\/que-regalar\/pintor-aficionado\/oleo\/#Caballetes_de_pintura\" >Caballetes de pintura<\/a><\/li><li class='ez-toc-page-1 ez-toc-heading-level-3'><a class=\"ez-toc-link ez-toc-heading-6\" href=\"https:\/\/totenart.com\/noticias\/que-regalar\/pintor-aficionado\/oleo\/#Paletas\" >Paletas<\/a><\/li><\/ul><\/li><\/ul><\/li><\/ul><\/nav><\/div>\n","protected":false},"excerpt":{"rendered":"<p>\u00bfQu\u00e9 regalar a un pintor aficionado al \u00f3leo? \u00bfTienes un amigo al que le gusta la pintura al \u00f3leo y no sabes que regalarle? Aqu\u00ed te damos algunas ideas para regalarle a tu amigo pintor: Regala pintura al \u00f3leo Si est\u00e1s buscando\u00a0qu\u00e9 regalar a un pintor aficionado al \u00f3leo aqu\u00ed encontrar\u00e1s algunas ideas. Para empezar, [&hellip;]<\/p>\n","protected":false},"author":13,"featured_media":14039,"parent":13995,"menu_order":0,"comment_status":"closed","ping_status":"closed","template":"","meta":{"footnotes":""},"class_list":["post-14036","page","type-page","status-publish","has-post-thumbnail","hentry"],"yoast_head":"<!-- This site is optimized with the Yoast SEO plugin v27.2 - https:\/\/yoast.com\/product\/yoast-seo-wordpress\/ -->\n<title>\u00bfQu\u00e9 regalar a un pintor de \u00f3leo aficionado? - Ideas para regalar<\/title>\n<meta name=\"description\" content=\"\u00bfTienes que hacer un regalo a alguien que le gusta el pintar? No te pierdas nuestras ideas para regalar a un pintor de \u00f3leo aficionado\" \/>\n<meta name=\"robots\" content=\"index, follow, max-snippet:-1, max-image-preview:large, max-video-preview:-1\" \/>\n<link rel=\"canonical\" href=\"https:\/\/totenart.com\/noticias\/que-regalar\/pintor-aficionado\/oleo\/\" \/>\n<meta property=\"og:locale\" content=\"es_ES\" \/>\n<meta property=\"og:type\" content=\"article\" \/>\n<meta property=\"og:title\" content=\"\u00bfQu\u00e9 regalar a un pintor de \u00f3leo aficionado? - Ideas para regalar\" \/>\n<meta property=\"og:description\" content=\"\u00bfTienes que hacer un regalo a alguien que le gusta el pintar? No te pierdas nuestras ideas para regalar a un pintor de \u00f3leo aficionado\" \/>\n<meta property=\"og:url\" content=\"https:\/\/totenart.com\/noticias\/que-regalar\/pintor-aficionado\/oleo\/\" \/>\n<meta property=\"og:site_name\" content=\"Noticias de Arte Totenart\" \/>\n<meta property=\"article:modified_time\" content=\"2020-12-24T09:38:31+00:00\" \/>\n<meta property=\"og:image\" content=\"https:\/\/totenart.com\/noticias\/wp-content\/uploads\/2020\/12\/cabecera-2-2.jpg\" \/>\n\t<meta property=\"og:image:width\" content=\"749\" \/>\n\t<meta property=\"og:image:height\" content=\"200\" \/>\n\t<meta property=\"og:image:type\" content=\"image\/jpeg\" \/>\n<meta name=\"twitter:label1\" content=\"Tiempo de lectura\" \/>\n\t<meta name=\"twitter:data1\" content=\"3 minutos\" \/>\n<script type=\"application\/ld+json\" class=\"yoast-schema-graph\">{\"@context\":\"https:\/\/schema.org\",\"@graph\":[{\"@type\":\"WebPage\",\"@id\":\"https:\/\/totenart.com\/noticias\/que-regalar\/pintor-aficionado\/oleo\/\",\"url\":\"https:\/\/totenart.com\/noticias\/que-regalar\/pintor-aficionado\/oleo\/\",\"name\":\"\u00bfQu\u00e9 regalar a un pintor de \u00f3leo aficionado? - Ideas para regalar\",\"isPartOf\":{\"@id\":\"https:\/\/totenart.com\/noticias\/#website\"},\"primaryImageOfPage\":{\"@id\":\"https:\/\/totenart.com\/noticias\/que-regalar\/pintor-aficionado\/oleo\/#primaryimage\"},\"image\":{\"@id\":\"https:\/\/totenart.com\/noticias\/que-regalar\/pintor-aficionado\/oleo\/#primaryimage\"},\"thumbnailUrl\":\"https:\/\/totenart.com\/noticias\/wp-content\/uploads\/2020\/12\/cabecera-2-2.jpg\",\"datePublished\":\"2020-12-18T11:58:17+00:00\",\"dateModified\":\"2020-12-24T09:38:31+00:00\",\"description\":\"\u00bfTienes que hacer un regalo a alguien que le gusta el pintar? No te pierdas nuestras ideas para regalar a un pintor de \u00f3leo aficionado\",\"breadcrumb\":{\"@id\":\"https:\/\/totenart.com\/noticias\/que-regalar\/pintor-aficionado\/oleo\/#breadcrumb\"},\"inLanguage\":\"es\",\"potentialAction\":[{\"@type\":\"ReadAction\",\"target\":[\"https:\/\/totenart.com\/noticias\/que-regalar\/pintor-aficionado\/oleo\/\"]}]},{\"@type\":\"ImageObject\",\"inLanguage\":\"es\",\"@id\":\"https:\/\/totenart.com\/noticias\/que-regalar\/pintor-aficionado\/oleo\/#primaryimage\",\"url\":\"https:\/\/totenart.com\/noticias\/wp-content\/uploads\/2020\/12\/cabecera-2-2.jpg\",\"contentUrl\":\"https:\/\/totenart.com\/noticias\/wp-content\/uploads\/2020\/12\/cabecera-2-2.jpg\",\"width\":749,\"height\":200},{\"@type\":\"BreadcrumbList\",\"@id\":\"https:\/\/totenart.com\/noticias\/que-regalar\/pintor-aficionado\/oleo\/#breadcrumb\",\"itemListElement\":[{\"@type\":\"ListItem\",\"position\":1,\"name\":\"Portada\",\"item\":\"https:\/\/totenart.com\/noticias\/\"},{\"@type\":\"ListItem\",\"position\":2,\"name\":\"\u00bfQu\u00e9 regalar a un artista?\",\"item\":\"https:\/\/totenart.com\/noticias\/que-regalar\/\"},{\"@type\":\"ListItem\",\"position\":3,\"name\":\"\u00bfQu\u00e9 regalar a un pintor aficionado?\",\"item\":\"https:\/\/totenart.com\/noticias\/que-regalar\/pintor-aficionado\/\"},{\"@type\":\"ListItem\",\"position\":4,\"name\":\"\u00bfQu\u00e9 regalar a un pintor de \u00f3leo aficionado?\"}]},{\"@type\":\"WebSite\",\"@id\":\"https:\/\/totenart.com\/noticias\/#website\",\"url\":\"https:\/\/totenart.com\/noticias\/\",\"name\":\"Noticias de Arte Totenart\",\"description\":\"Blog de noticias del mundo del arte: exposiciones, eventos, nuevos productos y materiales para artistas...\",\"potentialAction\":[{\"@type\":\"SearchAction\",\"target\":{\"@type\":\"EntryPoint\",\"urlTemplate\":\"https:\/\/totenart.com\/noticias\/?s={search_term_string}\"},\"query-input\":{\"@type\":\"PropertyValueSpecification\",\"valueRequired\":true,\"valueName\":\"search_term_string\"}}],\"inLanguage\":\"es\"}]}<\/script>\n<!-- \/ Yoast SEO plugin. -->","yoast_head_json":{"title":"\u00bfQu\u00e9 regalar a un pintor de \u00f3leo aficionado? - Ideas para regalar","description":"\u00bfTienes que hacer un regalo a alguien que le gusta el pintar? No te pierdas nuestras ideas para regalar a un pintor de \u00f3leo aficionado","robots":{"index":"index","follow":"follow","max-snippet":"max-snippet:-1","max-image-preview":"max-image-preview:large","max-video-preview":"max-video-preview:-1"},"canonical":"https:\/\/totenart.com\/noticias\/que-regalar\/pintor-aficionado\/oleo\/","og_locale":"es_ES","og_type":"article","og_title":"\u00bfQu\u00e9 regalar a un pintor de \u00f3leo aficionado? - Ideas para regalar","og_description":"\u00bfTienes que hacer un regalo a alguien que le gusta el pintar? No te pierdas nuestras ideas para regalar a un pintor de \u00f3leo aficionado","og_url":"https:\/\/totenart.com\/noticias\/que-regalar\/pintor-aficionado\/oleo\/","og_site_name":"Noticias de Arte Totenart","article_modified_time":"2020-12-24T09:38:31+00:00","og_image":[{"width":749,"height":200,"url":"https:\/\/totenart.com\/noticias\/wp-content\/uploads\/2020\/12\/cabecera-2-2.jpg","type":"image\/jpeg"}],"twitter_misc":{"Tiempo de lectura":"3 minutos"},"schema":{"@context":"https:\/\/schema.org","@graph":[{"@type":"WebPage","@id":"https:\/\/totenart.com\/noticias\/que-regalar\/pintor-aficionado\/oleo\/","url":"https:\/\/totenart.com\/noticias\/que-regalar\/pintor-aficionado\/oleo\/","name":"\u00bfQu\u00e9 regalar a un pintor de \u00f3leo aficionado? - Ideas para regalar","isPartOf":{"@id":"https:\/\/totenart.com\/noticias\/#website"},"primaryImageOfPage":{"@id":"https:\/\/totenart.com\/noticias\/que-regalar\/pintor-aficionado\/oleo\/#primaryimage"},"image":{"@id":"https:\/\/totenart.com\/noticias\/que-regalar\/pintor-aficionado\/oleo\/#primaryimage"},"thumbnailUrl":"https:\/\/totenart.com\/noticias\/wp-content\/uploads\/2020\/12\/cabecera-2-2.jpg","datePublished":"2020-12-18T11:58:17+00:00","dateModified":"2020-12-24T09:38:31+00:00","description":"\u00bfTienes que hacer un regalo a alguien que le gusta el pintar? No te pierdas nuestras ideas para regalar a un pintor de \u00f3leo aficionado","breadcrumb":{"@id":"https:\/\/totenart.com\/noticias\/que-regalar\/pintor-aficionado\/oleo\/#breadcrumb"},"inLanguage":"es","potentialAction":[{"@type":"ReadAction","target":["https:\/\/totenart.com\/noticias\/que-regalar\/pintor-aficionado\/oleo\/"]}]},{"@type":"ImageObject","inLanguage":"es","@id":"https:\/\/totenart.com\/noticias\/que-regalar\/pintor-aficionado\/oleo\/#primaryimage","url":"https:\/\/totenart.com\/noticias\/wp-content\/uploads\/2020\/12\/cabecera-2-2.jpg","contentUrl":"https:\/\/totenart.com\/noticias\/wp-content\/uploads\/2020\/12\/cabecera-2-2.jpg","width":749,"height":200},{"@type":"BreadcrumbList","@id":"https:\/\/totenart.com\/noticias\/que-regalar\/pintor-aficionado\/oleo\/#breadcrumb","itemListElement":[{"@type":"ListItem","position":1,"name":"Portada","item":"https:\/\/totenart.com\/noticias\/"},{"@type":"ListItem","position":2,"name":"\u00bfQu\u00e9 regalar a un artista?","item":"https:\/\/totenart.com\/noticias\/que-regalar\/"},{"@type":"ListItem","position":3,"name":"\u00bfQu\u00e9 regalar a un pintor aficionado?","item":"https:\/\/totenart.com\/noticias\/que-regalar\/pintor-aficionado\/"},{"@type":"ListItem","position":4,"name":"\u00bfQu\u00e9 regalar a un pintor de \u00f3leo aficionado?"}]},{"@type":"WebSite","@id":"https:\/\/totenart.com\/noticias\/#website","url":"https:\/\/totenart.com\/noticias\/","name":"Noticias de Arte Totenart","description":"Blog de noticias del mundo del arte: exposiciones, eventos, nuevos productos y materiales para artistas...","potentialAction":[{"@type":"SearchAction","target":{"@type":"EntryPoint","urlTemplate":"https:\/\/totenart.com\/noticias\/?s={search_term_string}"},"query-input":{"@type":"PropertyValueSpecification","valueRequired":true,"valueName":"search_term_string"}}],"inLanguage":"es"}]}},"_links":{"self":[{"href":"https:\/\/totenart.com\/noticias\/wp-json\/wp\/v2\/pages\/14036","targetHints":{"allow":["GET"]}}],"collection":[{"href":"https:\/\/totenart.com\/noticias\/wp-json\/wp\/v2\/pages"}],"about":[{"href":"https:\/\/totenart.com\/noticias\/wp-json\/wp\/v2\/types\/page"}],"author":[{"embeddable":true,"href":"https:\/\/totenart.com\/noticias\/wp-json\/wp\/v2\/users\/13"}],"replies":[{"embeddable":true,"href":"https:\/\/totenart.com\/noticias\/wp-json\/wp\/v2\/comments?post=14036"}],"version-history":[{"count":4,"href":"https:\/\/totenart.com\/noticias\/wp-json\/wp\/v2\/pages\/14036\/revisions"}],"predecessor-version":[{"id":14195,"href":"https:\/\/totenart.com\/noticias\/wp-json\/wp\/v2\/pages\/14036\/revisions\/14195"}],"up":[{"embeddable":true,"href":"https:\/\/totenart.com\/noticias\/wp-json\/wp\/v2\/pages\/13995"}],"wp:featuredmedia":[{"embeddable":true,"href":"https:\/\/totenart.com\/noticias\/wp-json\/wp\/v2\/media\/14039"}],"wp:attachment":[{"href":"https:\/\/totenart.com\/noticias\/wp-json\/wp\/v2\/media?parent=14036"}],"curies":[{"name":"wp","href":"https:\/\/api.w.org\/{rel}","templated":true}]}}