



{"id":14041,"date":"2020-12-19T11:32:09","date_gmt":"2020-12-19T10:32:09","guid":{"rendered":"https:\/\/totenart.com\/noticias\/?page_id=14041"},"modified":"2021-01-05T14:16:29","modified_gmt":"2021-01-05T13:16:29","slug":"acuarela","status":"publish","type":"page","link":"https:\/\/totenart.com\/noticias\/que-regalar\/pintor-aficionado\/acuarela\/","title":{"rendered":"\u00bfQu\u00e9 regalar a un pintor aficionado a la acuarela?"},"content":{"rendered":"<h1><span class=\"ez-toc-section\" id=\"%C2%BFQue_regalar_a_un_pintor_de_acuarela_aficionado\"><\/span>\u00bfQu\u00e9 regalar a un pintor de acuarela aficionado?<span class=\"ez-toc-section-end\"><\/span><\/h1>\n<p>\u00bfTienes un amigo que pinta a la acuarela y no sabes qu\u00e9 regalarle? Para intentar echaros una mano hemos pensado por vosotros&#8230; En este post encontrar\u00e1s 3 Ideas para regalar a un pintor aficionado a la acuarela:<\/p>\n<h2><span class=\"ez-toc-section\" id=\"Pinceles\"><\/span>Pinceles<span class=\"ez-toc-section-end\"><\/span><\/h2>\n<p>Una de las opciones m\u00e1s c\u00f3modas y con las que acertar seguro es regalar un <a href=\"https:\/\/totenart.com\/pinceles\/juegos-de-pinceles?utm_source=post&amp;utm_medium=que-regalar&amp;utm_campaign=aficionado-acuarela\" target=\"_blank\" rel=\"noopener noreferrer\"><span style=\"text-decoration: underline;\">set de pinceles<\/span><\/a>. El pincel es una de las <strong>herramientas m\u00e1s importantes a la hora de pintar acuarela<\/strong>. A pesar de esto hay muchos artistas que no le dan la importancia necesaria. Por este motivo te recomendamos que escojas un kit de pinceles con un poco de todo: Ideal para artistas amateurs.<\/p>\n<p>En relaci\u00f3n a esto tambi\u00e9n puedes optar por los <span style=\"text-decoration: underline;\"><a href=\"https:\/\/totenart.com\/pinceles\/pinceles-vacios-para-rellenar?utm_source=post&amp;utm_medium=que-regalar&amp;utm_campaign=aficionado-acuarela\" target=\"_blank\" rel=\"noopener noreferrer\">pinceles vac\u00edos para rellenar<\/a><\/span>. Esta categor\u00eda permite a los artistas de acuarela llevar un pincel preparado con ellos a todas partes. Gracias a su dep\u00f3sito solo tendr\u00e1n que llenarlo con agua <em>(o tinta) <\/em>para disfrutar de la acuarela en cualquier parte. Hay m\u00faltiples tipos de pinceles para rellenar pero, sin duda, a la hora de hacer un regalo te recomendamos que busques los <span style=\"text-decoration: underline;\"><a href=\"https:\/\/totenart.com\/pinceles\/pinceles-vacios-para-rellenar?manufacturer=98&amp;utm_source=post&amp;utm_medium=que-regalar&amp;utm_campaign=aficionado-acuarela\" target=\"_blank\" rel=\"noopener noreferrer\">pinceles de agua de Pentel<\/a><\/span> o los <span style=\"text-decoration: underline;\"><a href=\"https:\/\/totenart.com\/pinceles\/pinceles-vacios-para-rellenar?manufacturer=773&amp;utm_source=post&amp;utm_medium=que-regalar&amp;utm_campaign=aficionado-acuarela\" target=\"_blank\" rel=\"noopener noreferrer\">pinceles Derwent<\/a><\/span>:<\/p>\n<p style=\"text-align: center;\"><a href=\"https:\/\/totenart.com\/pinceles\/pinceles-vacios-para-rellenar?manufacturer=773&amp;utm_source=post&amp;utm_medium=que-regalar&amp;utm_campaign=aficionado-acuarela\" target=\"_blank\" rel=\"noopener noreferrer\"><img loading=\"lazy\" decoding=\"async\" class=\"alignnone wp-image-14049 size-full\" src=\"https:\/\/totenart.com\/noticias\/wp-content\/uploads\/2020\/12\/regalar-pinceles-derwent.jpg\" alt=\"totenart-que-regalar-acuarelista-aficionado\" width=\"720\" height=\"369\" srcset=\"https:\/\/totenart.com\/noticias\/wp-content\/uploads\/2020\/12\/regalar-pinceles-derwent.jpg 720w, https:\/\/totenart.com\/noticias\/wp-content\/uploads\/2020\/12\/regalar-pinceles-derwent-300x154.jpg 300w\" sizes=\"auto, (max-width: 720px) 100vw, 720px\" \/><\/a><\/p>\n<h2><span class=\"ez-toc-section\" id=\"Cajas_de_Acuarela\"><\/span>Cajas de Acuarela<span class=\"ez-toc-section-end\"><\/span><\/h2>\n<p>Otra opci\u00f3n para regalar a pintores aficionados son las <span style=\"text-decoration: underline;\"><a href=\"https:\/\/totenart.com\/acuarelas\/estuches-de-acuarelas?utm_source=post&amp;utm_medium=que-regalar&amp;utm_campaign=aficionado-acuarela\" target=\"_blank\" rel=\"noopener noreferrer\">cajas de acuarela<\/a> <\/span>Pocket Box. Estos estuches est\u00e1n disponibles en diferentes marcas: Winsor &amp; Newton, <a href=\"https:\/\/totenart.com\/acuarelas\/estuches-de-acuarelas?manufacturer=45&amp;utm_source=post&amp;utm_medium=que-regalar&amp;utm_campaign=aficionado-acuarela\" target=\"_blank\" rel=\"noopener noreferrer\"><span style=\"text-decoration: underline;\">Schmincke<\/span><\/a>, Van Gogh, <a href=\"https:\/\/totenart.com\/acuarelas\/estuches-de-acuarelas?manufacturer=822&amp;utm_source=post&amp;utm_medium=que-regalar&amp;utm_campaign=aficionado-acuarela\" target=\"_blank\" rel=\"noopener noreferrer\"><span style=\"text-decoration: underline;\">Sakura<\/span><\/a>&#8230; Lo que hace especiales a estas cajas es que incluyen todo lo necesario para salir a pintar a cualquier parte \u00a1Esto es ideal si tienes que hacer un regalo a un acuarelista al que le gusta viajar!<\/p>\n<p style=\"text-align: center;\"><a href=\"https:\/\/totenart.com\/caja-campo-acuarela-cotman-12-1-2-godets-y-pincel-y-deposito-htm?utm_source=post&amp;utm_medium=que-regalar&amp;utm_campaign=aficionado-acuarela\" target=\"_blank\" rel=\"noopener noreferrer\"><img loading=\"lazy\" decoding=\"async\" class=\"alignnone wp-image-14051 size-full\" src=\"https:\/\/totenart.com\/noticias\/wp-content\/uploads\/2020\/12\/acuarela-compacta-pocket-winsor.jpg\" alt=\"toteanrt-que-reglara-aficionado-acuarela\" width=\"720\" height=\"381\" srcset=\"https:\/\/totenart.com\/noticias\/wp-content\/uploads\/2020\/12\/acuarela-compacta-pocket-winsor.jpg 720w, https:\/\/totenart.com\/noticias\/wp-content\/uploads\/2020\/12\/acuarela-compacta-pocket-winsor-300x159.jpg 300w\" sizes=\"auto, (max-width: 720px) 100vw, 720px\" \/><\/a><\/p>\n<p>Nuestra recomendaci\u00f3n es que optes por la gama Cotman de <span style=\"text-decoration: underline;\"><a href=\"https:\/\/totenart.com\/acuarelas\/estuches-de-acuarelas?manufacturer=14&amp;utm_source=post&amp;utm_medium=que-regalar&amp;utm_campaign=aficionado-acuarela\" target=\"_blank\" rel=\"noopener noreferrer\">Winsor &amp; Newton<\/a><\/span> creada para artistas aficionados y estudiantes. Su relaci\u00f3n calidad precio las hacen perfectas para regalar. Adem\u00e1s, Winsor&amp;Newton es una de las marcas m\u00e1s creativas a la hora de crear estas cajas compactas. En ellas puedes encontrar acuarelas, pinceles, paletas, esponjas e incluso frascos para llevar agua a todas partes.<\/p>\n<h2><span class=\"ez-toc-section\" id=\"Acuarela_de_diferentes_formatos\"><\/span>Acuarela de diferentes formatos<span class=\"ez-toc-section-end\"><\/span><\/h2>\n<p>Por \u00faltimo, si est\u00e1s buscando un regalo sorprendente para un artista de acuarela esto es para ti. En la actualidad puedes encontrar <strong>acuarela en todos los formatos<\/strong> que se te ocurran <em>(<\/em><em>o en casi todos). <\/em>Pocos artistas aficionados conocen estas gamas por lo que ser\u00e1 el regalo m\u00e1s original. Entre los diferentes formatos de acuarelas puedes encontrar:<\/p>\n<h3><span class=\"ez-toc-section\" id=\"Acuarelas_en_barra\"><\/span>Acuarelas en barra<span class=\"ez-toc-section-end\"><\/span><\/h3>\n<p>Similar a un pastel, las <span style=\"text-decoration: underline;\"><a href=\"https:\/\/totenart.com\/estuche-acuarela-barra-winsor-newton-caja-metal-10-unidades?utm_source=post&amp;utm_medium=que-regalar&amp;utm_campaign=aficionado-acuarela\" target=\"_blank\" rel=\"noopener noreferrer\">acuarelas en barra<\/a><\/span> destacan por sus m\u00faltiples usos. Por una parte, puedes utilizar estos <em>sticks <\/em>de acuarela como si fuera un godet <em>(una pastilla de acuarela, vamos)<\/em>. Tambi\u00e9n pueden utilizarse para pintar en seco sobre un soporte de acuarela. Despu\u00e9s, con un pincel h\u00famedo puedes difuminar los colores y darle un aspecto de pintura al agua \u00a1Lo tienen todo!<\/p>\n<h3><span class=\"ez-toc-section\" id=\"Rotuladores_de_acuarela\"><\/span>Rotuladores de acuarela<span class=\"ez-toc-section-end\"><\/span><\/h3>\n<p>Otro de los formatos de acuarela que cada vez est\u00e1n m\u00e1s de moda son los rotuladores acuarelables. M\u00faltiples marcas han sacado su versi\u00f3n de estos rotuladores al agua. Nuestra recomendaci\u00f3n es que optes por la l\u00ednea de <span style=\"text-decoration: underline;\"><a href=\"https:\/\/totenart.com\/otras-pinturas\/rotuladores\/todos-los-rotuladores\/rotuladores-de-acuarela-ecoline-brush-pen?utm_source=post&amp;utm_medium=que-regalar&amp;utm_campaign=aficionado-acuarela\" target=\"_blank\" rel=\"noopener noreferrer\">Rotuladores al agua de Ecooline<\/a><\/span>. Esta marca tiene una amplia oferta de estuches de rotuladores acuarelables a muy buen precio:<\/p>\n<p><a href=\"https:\/\/totenart.com\/otras-pinturas\/rotuladores\/todos-los-rotuladores\/rotuladores-de-acuarela-ecoline-brush-pen?utm_source=post&amp;utm_medium=que-regalar&amp;utm_campaign=aficionado-acuarela\" target=\"_blank\" rel=\"noopener noreferrer\"><img loading=\"lazy\" decoding=\"async\" class=\"wp-image-14059 size-full aligncenter\" src=\"https:\/\/totenart.com\/noticias\/wp-content\/uploads\/2020\/12\/ecoline-acuarelables-1.jpg\" alt=\"que-regalar-aficionado-acuarela\" width=\"720\" height=\"180\" srcset=\"https:\/\/totenart.com\/noticias\/wp-content\/uploads\/2020\/12\/ecoline-acuarelables-1.jpg 720w, https:\/\/totenart.com\/noticias\/wp-content\/uploads\/2020\/12\/ecoline-acuarelables-1-300x75.jpg 300w\" sizes=\"auto, (max-width: 720px) 100vw, 720px\" \/><\/a><\/p>\n<p>Como ves en la imagen, estos rotuladores est\u00e1n disponibles en estuches de diferentes tonos. Puedes escoger el estilo pict\u00f3rico que m\u00e1s se adapte a ti: Colores pasteles, colores para ilustradores, dise\u00f1adores e incluso en rotuladores acuarelables en escala de grises.<\/p>\n<div id=\"ez-toc-container\" class=\"ez-toc-v2_0_82_1 counter-hierarchy ez-toc-counter ez-toc-grey ez-toc-container-direction\">\n<div class=\"ez-toc-title-container\">\n<p class=\"ez-toc-title\" style=\"cursor:inherit\">Tabla de contenidos<\/p>\n<span class=\"ez-toc-title-toggle\"><a href=\"#\" class=\"ez-toc-pull-right ez-toc-btn ez-toc-btn-xs ez-toc-btn-default ez-toc-toggle\" aria-label=\"Alternar tabla de contenidos\"><span class=\"ez-toc-js-icon-con\"><span class=\"\"><span class=\"eztoc-hide\" style=\"display:none;\">Toggle<\/span><span class=\"ez-toc-icon-toggle-span\"><svg style=\"fill: #999;color:#999\" xmlns=\"http:\/\/www.w3.org\/2000\/svg\" class=\"list-377408\" width=\"20px\" height=\"20px\" viewBox=\"0 0 24 24\" fill=\"none\"><path d=\"M6 6H4v2h2V6zm14 0H8v2h12V6zM4 11h2v2H4v-2zm16 0H8v2h12v-2zM4 16h2v2H4v-2zm16 0H8v2h12v-2z\" fill=\"currentColor\"><\/path><\/svg><svg style=\"fill: #999;color:#999\" class=\"arrow-unsorted-368013\" xmlns=\"http:\/\/www.w3.org\/2000\/svg\" width=\"10px\" height=\"10px\" viewBox=\"0 0 24 24\" version=\"1.2\" baseProfile=\"tiny\"><path d=\"M18.2 9.3l-6.2-6.3-6.2 6.3c-.2.2-.3.4-.3.7s.1.5.3.7c.2.2.4.3.7.3h11c.3 0 .5-.1.7-.3.2-.2.3-.5.3-.7s-.1-.5-.3-.7zM5.8 14.7l6.2 6.3 6.2-6.3c.2-.2.3-.5.3-.7s-.1-.5-.3-.7c-.2-.2-.4-.3-.7-.3h-11c-.3 0-.5.1-.7.3-.2.2-.3.5-.3.7s.1.5.3.7z\"\/><\/svg><\/span><\/span><\/span><\/a><\/span><\/div>\n<nav><ul class='ez-toc-list ez-toc-list-level-1 ' ><li class='ez-toc-page-1 ez-toc-heading-level-1'><a class=\"ez-toc-link ez-toc-heading-1\" href=\"https:\/\/totenart.com\/noticias\/que-regalar\/pintor-aficionado\/acuarela\/#%C2%BFQue_regalar_a_un_pintor_de_acuarela_aficionado\" >\u00bfQu\u00e9 regalar a un pintor de acuarela aficionado?<\/a><ul class='ez-toc-list-level-2' ><li class='ez-toc-heading-level-2'><a class=\"ez-toc-link ez-toc-heading-2\" href=\"https:\/\/totenart.com\/noticias\/que-regalar\/pintor-aficionado\/acuarela\/#Pinceles\" >Pinceles<\/a><\/li><li class='ez-toc-page-1 ez-toc-heading-level-2'><a class=\"ez-toc-link ez-toc-heading-3\" href=\"https:\/\/totenart.com\/noticias\/que-regalar\/pintor-aficionado\/acuarela\/#Cajas_de_Acuarela\" >Cajas de Acuarela<\/a><\/li><li class='ez-toc-page-1 ez-toc-heading-level-2'><a class=\"ez-toc-link ez-toc-heading-4\" href=\"https:\/\/totenart.com\/noticias\/que-regalar\/pintor-aficionado\/acuarela\/#Acuarela_de_diferentes_formatos\" >Acuarela de diferentes formatos<\/a><ul class='ez-toc-list-level-3' ><li class='ez-toc-heading-level-3'><a class=\"ez-toc-link ez-toc-heading-5\" href=\"https:\/\/totenart.com\/noticias\/que-regalar\/pintor-aficionado\/acuarela\/#Acuarelas_en_barra\" >Acuarelas en barra<\/a><\/li><li class='ez-toc-page-1 ez-toc-heading-level-3'><a class=\"ez-toc-link ez-toc-heading-6\" href=\"https:\/\/totenart.com\/noticias\/que-regalar\/pintor-aficionado\/acuarela\/#Rotuladores_de_acuarela\" >Rotuladores de acuarela<\/a><\/li><\/ul><\/li><\/ul><\/li><\/ul><\/nav><\/div>\n","protected":false},"excerpt":{"rendered":"<p>\u00bfQu\u00e9 regalar a un pintor de acuarela aficionado? \u00bfTienes un amigo que pinta a la acuarela y no sabes qu\u00e9 regalarle? Para intentar echaros una mano hemos pensado por vosotros&#8230; En este post encontrar\u00e1s 3 Ideas para regalar a un pintor aficionado a la acuarela: Pinceles Una de las opciones m\u00e1s c\u00f3modas y con las [&hellip;]<\/p>\n","protected":false},"author":13,"featured_media":14042,"parent":13995,"menu_order":0,"comment_status":"closed","ping_status":"closed","template":"","meta":{"footnotes":""},"class_list":["post-14041","page","type-page","status-publish","has-post-thumbnail","hentry"],"yoast_head":"<!-- This site is optimized with the Yoast SEO plugin v27.2 - https:\/\/yoast.com\/product\/yoast-seo-wordpress\/ -->\n<title>\u00bfQu\u00e9 regalar a un pintor aficionado a la acuarela? - Ideas para regalar<\/title>\n<meta name=\"description\" content=\"\u00bfTienes un amigo aficionado a la acuarela y no sabes que regalarle? No te pierdas nuestras recomendaciones para un artista de acuarela\" \/>\n<meta name=\"robots\" content=\"index, follow, max-snippet:-1, max-image-preview:large, max-video-preview:-1\" \/>\n<link rel=\"canonical\" href=\"https:\/\/totenart.com\/noticias\/que-regalar\/pintor-aficionado\/acuarela\/\" \/>\n<meta property=\"og:locale\" content=\"es_ES\" \/>\n<meta property=\"og:type\" content=\"article\" \/>\n<meta property=\"og:title\" content=\"\u00bfQu\u00e9 regalar a un pintor aficionado a la acuarela? - Ideas para regalar\" \/>\n<meta property=\"og:description\" content=\"\u00bfTienes un amigo aficionado a la acuarela y no sabes que regalarle? No te pierdas nuestras recomendaciones para un artista de acuarela\" \/>\n<meta property=\"og:url\" content=\"https:\/\/totenart.com\/noticias\/que-regalar\/pintor-aficionado\/acuarela\/\" \/>\n<meta property=\"og:site_name\" content=\"Noticias de Arte Totenart\" \/>\n<meta property=\"article:modified_time\" content=\"2021-01-05T13:16:29+00:00\" \/>\n<meta property=\"og:image\" content=\"https:\/\/totenart.com\/noticias\/wp-content\/uploads\/2020\/12\/cabecera-que-regalar-1.jpg\" \/>\n\t<meta property=\"og:image:width\" content=\"749\" \/>\n\t<meta property=\"og:image:height\" content=\"200\" \/>\n\t<meta property=\"og:image:type\" content=\"image\/jpeg\" \/>\n<meta name=\"twitter:label1\" content=\"Tiempo de lectura\" \/>\n\t<meta name=\"twitter:data1\" content=\"3 minutos\" \/>\n<script type=\"application\/ld+json\" class=\"yoast-schema-graph\">{\"@context\":\"https:\/\/schema.org\",\"@graph\":[{\"@type\":\"WebPage\",\"@id\":\"https:\/\/totenart.com\/noticias\/que-regalar\/pintor-aficionado\/acuarela\/\",\"url\":\"https:\/\/totenart.com\/noticias\/que-regalar\/pintor-aficionado\/acuarela\/\",\"name\":\"\u00bfQu\u00e9 regalar a un pintor aficionado a la acuarela? - Ideas para regalar\",\"isPartOf\":{\"@id\":\"https:\/\/totenart.com\/noticias\/#website\"},\"primaryImageOfPage\":{\"@id\":\"https:\/\/totenart.com\/noticias\/que-regalar\/pintor-aficionado\/acuarela\/#primaryimage\"},\"image\":{\"@id\":\"https:\/\/totenart.com\/noticias\/que-regalar\/pintor-aficionado\/acuarela\/#primaryimage\"},\"thumbnailUrl\":\"https:\/\/totenart.com\/noticias\/wp-content\/uploads\/2020\/12\/cabecera-que-regalar-1.jpg\",\"datePublished\":\"2020-12-19T10:32:09+00:00\",\"dateModified\":\"2021-01-05T13:16:29+00:00\",\"description\":\"\u00bfTienes un amigo aficionado a la acuarela y no sabes que regalarle? No te pierdas nuestras recomendaciones para un artista de acuarela\",\"breadcrumb\":{\"@id\":\"https:\/\/totenart.com\/noticias\/que-regalar\/pintor-aficionado\/acuarela\/#breadcrumb\"},\"inLanguage\":\"es\",\"potentialAction\":[{\"@type\":\"ReadAction\",\"target\":[\"https:\/\/totenart.com\/noticias\/que-regalar\/pintor-aficionado\/acuarela\/\"]}]},{\"@type\":\"ImageObject\",\"inLanguage\":\"es\",\"@id\":\"https:\/\/totenart.com\/noticias\/que-regalar\/pintor-aficionado\/acuarela\/#primaryimage\",\"url\":\"https:\/\/totenart.com\/noticias\/wp-content\/uploads\/2020\/12\/cabecera-que-regalar-1.jpg\",\"contentUrl\":\"https:\/\/totenart.com\/noticias\/wp-content\/uploads\/2020\/12\/cabecera-que-regalar-1.jpg\",\"width\":749,\"height\":200},{\"@type\":\"BreadcrumbList\",\"@id\":\"https:\/\/totenart.com\/noticias\/que-regalar\/pintor-aficionado\/acuarela\/#breadcrumb\",\"itemListElement\":[{\"@type\":\"ListItem\",\"position\":1,\"name\":\"Portada\",\"item\":\"https:\/\/totenart.com\/noticias\/\"},{\"@type\":\"ListItem\",\"position\":2,\"name\":\"\u00bfQu\u00e9 regalar a un artista?\",\"item\":\"https:\/\/totenart.com\/noticias\/que-regalar\/\"},{\"@type\":\"ListItem\",\"position\":3,\"name\":\"\u00bfQu\u00e9 regalar a un pintor aficionado?\",\"item\":\"https:\/\/totenart.com\/noticias\/que-regalar\/pintor-aficionado\/\"},{\"@type\":\"ListItem\",\"position\":4,\"name\":\"\u00bfQu\u00e9 regalar a un pintor aficionado a la acuarela?\"}]},{\"@type\":\"WebSite\",\"@id\":\"https:\/\/totenart.com\/noticias\/#website\",\"url\":\"https:\/\/totenart.com\/noticias\/\",\"name\":\"Noticias de Arte Totenart\",\"description\":\"Blog de noticias del mundo del arte: exposiciones, eventos, nuevos productos y materiales para artistas...\",\"potentialAction\":[{\"@type\":\"SearchAction\",\"target\":{\"@type\":\"EntryPoint\",\"urlTemplate\":\"https:\/\/totenart.com\/noticias\/?s={search_term_string}\"},\"query-input\":{\"@type\":\"PropertyValueSpecification\",\"valueRequired\":true,\"valueName\":\"search_term_string\"}}],\"inLanguage\":\"es\"}]}<\/script>\n<!-- \/ Yoast SEO plugin. -->","yoast_head_json":{"title":"\u00bfQu\u00e9 regalar a un pintor aficionado a la acuarela? - Ideas para regalar","description":"\u00bfTienes un amigo aficionado a la acuarela y no sabes que regalarle? No te pierdas nuestras recomendaciones para un artista de acuarela","robots":{"index":"index","follow":"follow","max-snippet":"max-snippet:-1","max-image-preview":"max-image-preview:large","max-video-preview":"max-video-preview:-1"},"canonical":"https:\/\/totenart.com\/noticias\/que-regalar\/pintor-aficionado\/acuarela\/","og_locale":"es_ES","og_type":"article","og_title":"\u00bfQu\u00e9 regalar a un pintor aficionado a la acuarela? - Ideas para regalar","og_description":"\u00bfTienes un amigo aficionado a la acuarela y no sabes que regalarle? No te pierdas nuestras recomendaciones para un artista de acuarela","og_url":"https:\/\/totenart.com\/noticias\/que-regalar\/pintor-aficionado\/acuarela\/","og_site_name":"Noticias de Arte Totenart","article_modified_time":"2021-01-05T13:16:29+00:00","og_image":[{"width":749,"height":200,"url":"https:\/\/totenart.com\/noticias\/wp-content\/uploads\/2020\/12\/cabecera-que-regalar-1.jpg","type":"image\/jpeg"}],"twitter_misc":{"Tiempo de lectura":"3 minutos"},"schema":{"@context":"https:\/\/schema.org","@graph":[{"@type":"WebPage","@id":"https:\/\/totenart.com\/noticias\/que-regalar\/pintor-aficionado\/acuarela\/","url":"https:\/\/totenart.com\/noticias\/que-regalar\/pintor-aficionado\/acuarela\/","name":"\u00bfQu\u00e9 regalar a un pintor aficionado a la acuarela? - Ideas para regalar","isPartOf":{"@id":"https:\/\/totenart.com\/noticias\/#website"},"primaryImageOfPage":{"@id":"https:\/\/totenart.com\/noticias\/que-regalar\/pintor-aficionado\/acuarela\/#primaryimage"},"image":{"@id":"https:\/\/totenart.com\/noticias\/que-regalar\/pintor-aficionado\/acuarela\/#primaryimage"},"thumbnailUrl":"https:\/\/totenart.com\/noticias\/wp-content\/uploads\/2020\/12\/cabecera-que-regalar-1.jpg","datePublished":"2020-12-19T10:32:09+00:00","dateModified":"2021-01-05T13:16:29+00:00","description":"\u00bfTienes un amigo aficionado a la acuarela y no sabes que regalarle? No te pierdas nuestras recomendaciones para un artista de acuarela","breadcrumb":{"@id":"https:\/\/totenart.com\/noticias\/que-regalar\/pintor-aficionado\/acuarela\/#breadcrumb"},"inLanguage":"es","potentialAction":[{"@type":"ReadAction","target":["https:\/\/totenart.com\/noticias\/que-regalar\/pintor-aficionado\/acuarela\/"]}]},{"@type":"ImageObject","inLanguage":"es","@id":"https:\/\/totenart.com\/noticias\/que-regalar\/pintor-aficionado\/acuarela\/#primaryimage","url":"https:\/\/totenart.com\/noticias\/wp-content\/uploads\/2020\/12\/cabecera-que-regalar-1.jpg","contentUrl":"https:\/\/totenart.com\/noticias\/wp-content\/uploads\/2020\/12\/cabecera-que-regalar-1.jpg","width":749,"height":200},{"@type":"BreadcrumbList","@id":"https:\/\/totenart.com\/noticias\/que-regalar\/pintor-aficionado\/acuarela\/#breadcrumb","itemListElement":[{"@type":"ListItem","position":1,"name":"Portada","item":"https:\/\/totenart.com\/noticias\/"},{"@type":"ListItem","position":2,"name":"\u00bfQu\u00e9 regalar a un artista?","item":"https:\/\/totenart.com\/noticias\/que-regalar\/"},{"@type":"ListItem","position":3,"name":"\u00bfQu\u00e9 regalar a un pintor aficionado?","item":"https:\/\/totenart.com\/noticias\/que-regalar\/pintor-aficionado\/"},{"@type":"ListItem","position":4,"name":"\u00bfQu\u00e9 regalar a un pintor aficionado a la acuarela?"}]},{"@type":"WebSite","@id":"https:\/\/totenart.com\/noticias\/#website","url":"https:\/\/totenart.com\/noticias\/","name":"Noticias de Arte Totenart","description":"Blog de noticias del mundo del arte: exposiciones, eventos, nuevos productos y materiales para artistas...","potentialAction":[{"@type":"SearchAction","target":{"@type":"EntryPoint","urlTemplate":"https:\/\/totenart.com\/noticias\/?s={search_term_string}"},"query-input":{"@type":"PropertyValueSpecification","valueRequired":true,"valueName":"search_term_string"}}],"inLanguage":"es"}]}},"_links":{"self":[{"href":"https:\/\/totenart.com\/noticias\/wp-json\/wp\/v2\/pages\/14041","targetHints":{"allow":["GET"]}}],"collection":[{"href":"https:\/\/totenart.com\/noticias\/wp-json\/wp\/v2\/pages"}],"about":[{"href":"https:\/\/totenart.com\/noticias\/wp-json\/wp\/v2\/types\/page"}],"author":[{"embeddable":true,"href":"https:\/\/totenart.com\/noticias\/wp-json\/wp\/v2\/users\/13"}],"replies":[{"embeddable":true,"href":"https:\/\/totenart.com\/noticias\/wp-json\/wp\/v2\/comments?post=14041"}],"version-history":[{"count":3,"href":"https:\/\/totenart.com\/noticias\/wp-json\/wp\/v2\/pages\/14041\/revisions"}],"predecessor-version":[{"id":14179,"href":"https:\/\/totenart.com\/noticias\/wp-json\/wp\/v2\/pages\/14041\/revisions\/14179"}],"up":[{"embeddable":true,"href":"https:\/\/totenart.com\/noticias\/wp-json\/wp\/v2\/pages\/13995"}],"wp:featuredmedia":[{"embeddable":true,"href":"https:\/\/totenart.com\/noticias\/wp-json\/wp\/v2\/media\/14042"}],"wp:attachment":[{"href":"https:\/\/totenart.com\/noticias\/wp-json\/wp\/v2\/media?parent=14041"}],"curies":[{"name":"wp","href":"https:\/\/api.w.org\/{rel}","templated":true}]}}