{"id":14709,"date":"2021-05-12T12:30:37","date_gmt":"2021-05-12T10:30:37","guid":{"rendered":"https:\/\/totenart.com\/noticias\/?page_id=14709"},"modified":"2021-05-20T14:15:04","modified_gmt":"2021-05-20T12:15:04","slug":"manga","status":"publish","type":"page","link":"https:\/\/totenart.com\/noticias\/que-regalar\/dibujante\/manga\/","title":{"rendered":"\u00bfQu\u00e9 regalar a alguien que le gusta el manga?"},"content":{"rendered":"<h1><span class=\"ez-toc-section\" id=\"Ideas_para_regalar_a_dibujantes_de_manga\"><\/span>Ideas para regalar a dibujantes de manga<span class=\"ez-toc-section-end\"><\/span><\/h1>\n<p>Si tienes que hacer un regalo a un artista que le gusta el manga no le des m\u00e1s vueltas y acierta seguro con alguna de las ideas que te dejamos a continuaci\u00f3n:<\/p>\n<h2><span class=\"ez-toc-section\" id=\"Rotuladores_para_manga\"><\/span>Rotuladores para manga<span class=\"ez-toc-section-end\"><\/span><\/h2>\n<p>Uno de los <strong>mejores regalos para dibujantes de manga son los rotuladores.<\/strong> En la gama de rotuladores para manga hay diferentes tipos y marcas seg\u00fan el conocimiento que tenga el artista:<\/p>\n<p style=\"text-align: center;\"><img loading=\"lazy\" decoding=\"async\" class=\"wp-image-15678 size-full aligncenter\" src=\"https:\/\/totenart.com\/noticias\/wp-content\/uploads\/2021\/05\/rotuladores-promarker-1.jpg\" alt=\"totenart-rotuladores-promarker-regalos-para-manga\" width=\"700\" height=\"220\" srcset=\"https:\/\/totenart.com\/noticias\/wp-content\/uploads\/2021\/05\/rotuladores-promarker-1.jpg 700w, https:\/\/totenart.com\/noticias\/wp-content\/uploads\/2021\/05\/rotuladores-promarker-1-300x94.jpg 300w\" sizes=\"auto, (max-width: 700px) 100vw, 700px\" \/><\/p>\n<p>Entre los <strong>mejores rotuladores para principiantes<\/strong> encontramos los <a href=\"https:\/\/totenart.com\/otras-pinturas\/rotuladores\/todos-los-rotuladores\/rotuladores-letraset-promarker-y-flexmarker?utm_source=post&amp;utm_medium=que-regalar&amp;utm_campaign=dibujante-manga\" target=\"_blank\" rel=\"noopener\"><span style=\"text-decoration: underline;\">rotuladores promarker<\/span><\/a>. Esta gama de doble punta permite realizar trazos finos y l\u00edneas, as\u00ed como rellenar zonas m\u00e1s grandes. Adem\u00e1s, los rotuladores al alcohol Promarker incluyen una gama con punta pincel. Como ves en la imagen, la gama denominada <a href=\"https:\/\/totenart.com\/otras-pinturas\/rotuladores\/todos-los-rotuladores\/rotuladores-brushmarker-winsor-newton?utm_source=post&amp;utm_medium=que-regalar&amp;utm_campaign=dibujante-manga\" target=\"_blank\" rel=\"noopener\"><span style=\"text-decoration: underline;\">Brushmarker<\/span><\/a> es perfecta para realizar trazos m\u00e1s expresivos.<\/p>\n<p>Por otra parte, si buscas un regalo original para alguien que le guste el manga, los <a href=\"https:\/\/totenart.com\/otras-pinturas\/rotuladores\/todos-los-rotuladores\/rotuladores-chameleon?utm_source=post&amp;utm_medium=que-regalar&amp;utm_campaign=dibujante-manga\" target=\"_blank\" rel=\"noopener\"><span style=\"text-decoration: underline;\">rotuladores Chameleon<\/span><\/a> son para ti. Estos rotuladores de doble punta destacan por su curiosa forma de uso. Gracias a un sistema externo, estos <strong>rotuladores permiten degradados de un color o de varios de una forma muy original<\/strong>.<\/p>\n<div id=\"attachment_15679\" style=\"width: 710px\" class=\"wp-caption alignnone\"><img loading=\"lazy\" decoding=\"async\" aria-describedby=\"caption-attachment-15679\" class=\"wp-image-15679 size-full\" src=\"https:\/\/totenart.com\/noticias\/wp-content\/uploads\/2021\/05\/rotuladores-para-manga-1.jpg\" alt=\"totenart-rotuladores-chameleon\" width=\"700\" height=\"220\" srcset=\"https:\/\/totenart.com\/noticias\/wp-content\/uploads\/2021\/05\/rotuladores-para-manga-1.jpg 700w, https:\/\/totenart.com\/noticias\/wp-content\/uploads\/2021\/05\/rotuladores-para-manga-1-300x94.jpg 300w\" sizes=\"auto, (max-width: 700px) 100vw, 700px\" \/><p id=\"caption-attachment-15679\" class=\"wp-caption-text\">Puedes comprar rotuladores Chameleon en <a href=\"https:\/\/totenart.com\/otras-pinturas\/rotuladores\/todos-los-rotuladores\/rotuladores-chameleon?utm_source=post&amp;utm_medium=que-regalar&amp;utm_campaign=dibujante-manga\" target=\"_blank\" rel=\"noopener\">Totenart<\/a><\/p><\/div>\n<p>Finalmente, si buscas un rotulador para un dibujante de manga profesional, tambi\u00e9n tenemos algo para ti. En este caso, los <a href=\"https:\/\/totenart.com\/otras-pinturas\/rotuladores\/todos-los-rotuladores\/rotulador-doble-punta-brush-twin-marker-touch?utm_source=post&amp;utm_medium=que-regalar&amp;utm_campaign=dibujante-manga\" target=\"_blank\" rel=\"noopener\"><span style=\"text-decoration: underline;\">rotuladores Twin Touch<\/span><\/a> de doble punta son los m\u00e1s vers\u00e1tiles del mercado. Esta l\u00ednea de rotuladores al alcohol permite mezclas perfectas con un resultado suave y homog\u00e9neo. Adem\u00e1s, los puedes encontrar en diferentes sets en funci\u00f3n a tus gustos.<\/p>\n<h2><span class=\"ez-toc-section\" id=\"Set_de_dibujo\"><\/span>Set de dibujo<span class=\"ez-toc-section-end\"><\/span><\/h2>\n<p>Por otra parte, si quieres hacer un regalo de calidad a un principiante del manga<strong> te recomendamos que prepares un set de dibujo con los materiales necesarios para dibujar manga.<\/strong> Para empezar puedes optar por l\u00e1pices de grafito, rotuladores calibrados y un maniqu\u00ed.<\/p>\n<p style=\"text-align: center;\"><img loading=\"lazy\" decoding=\"async\" class=\"alignnone wp-image-15686 size-full\" src=\"https:\/\/totenart.com\/noticias\/wp-content\/uploads\/2021\/05\/que-regalar-a-un-amante-del-comic-1.jpg\" alt=\"totenart-ideas-para-regalar-a-un-amante-del-comic\" width=\"700\" height=\"213\" srcset=\"https:\/\/totenart.com\/noticias\/wp-content\/uploads\/2021\/05\/que-regalar-a-un-amante-del-comic-1.jpg 700w, https:\/\/totenart.com\/noticias\/wp-content\/uploads\/2021\/05\/que-regalar-a-un-amante-del-comic-1-300x91.jpg 300w\" sizes=\"auto, (max-width: 700px) 100vw, 700px\" \/><\/p>\n<p>Adem\u00e1s de los <a href=\"https:\/\/totenart.com\/otros-materiales-bellas-artes\/dibujo-lapices-estuches-papel-y-complementos?utm_source=post&amp;utm_medium=que-regalar&amp;utm_campaign=dibujante-manga\" target=\"_blank\" rel=\"noopener\"><span style=\"text-decoration: underline;\">l\u00e1pices de grafito<\/span><\/a>,\u00a0a la hora de entintar, un dibujante de manga necesita <span style=\"text-decoration: underline;\"><a href=\"https:\/\/totenart.com\/otras-pinturas\/rotuladores\/todos-los-rotuladores\/rotuladores-calibrados?utm_source=post&amp;utm_medium=que-regalar&amp;utm_campaign=dibujante-manga\" target=\"_blank\" rel=\"noopener\">rotuladores calibrados<\/a><\/span>. Estos son los m\u00e1s utilizados en este tipo de pinturas para repasar los bordes y entintar las figuras.<\/p>\n<p>Otro indispensable para un kit de manga es el maniqu\u00ed. <strong>El manga es un tipo de dibujo que destaca por su expresi\u00f3n y dinamismo.<\/strong> Sobre todo, por los dif\u00edciles movimientos que representa. Por este motivo, un <a href=\"https:\/\/totenart.com\/otros-materiales-bellas-artes\/dibujo-lapices-estuches-papel-y-complementos\/maniquies-para-dibujo?utm_source=post&amp;utm_medium=que-regalar&amp;utm_campaign=dibujante-manga\" target=\"_blank\" rel=\"noopener\"><span style=\"text-decoration: underline;\">maniqu\u00ed articulado<\/span><\/a> ser\u00e1 de gran ayuda para representar de forma correcta las proporciones y los movimientos corporales.<\/p>\n<h2><span class=\"ez-toc-section\" id=\"Kit_regalo_manga_y_comic\"><\/span>Kit regalo manga y c\u00f3mic<span class=\"ez-toc-section-end\"><\/span><\/h2>\n<p>Si no quieres complicarte, opta por un kit regalo. Entre nuestras recomendaciones est\u00e1 el <a href=\"https:\/\/totenart.com\/set-ilustracion-comic-the-famazings-faber-castell?utm_source=post&amp;utm_medium=que-regalar&amp;utm_campaign=dibujante-manga\" target=\"_blank\" rel=\"noopener\"><span style=\"text-decoration: underline;\">kit para ilustraci\u00f3n c\u00f3mic<\/span><\/a> de Faber Castell. Si bien es cierto que no es manga como tal, es el compa\u00f1ero perfecto de todo artista al que le guste el c\u00f3mic o manga.<\/p>\n<div id=\"attachment_15681\" style=\"width: 710px\" class=\"wp-caption alignnone\"><img loading=\"lazy\" decoding=\"async\" aria-describedby=\"caption-attachment-15681\" class=\"wp-image-15681 size-full\" src=\"https:\/\/totenart.com\/noticias\/wp-content\/uploads\/2021\/05\/que-regalar-a-un-amante-del-manga-1.jpg\" alt=\"ideas-de-regalos-para-amentes-del-comic\" width=\"700\" height=\"217\" srcset=\"https:\/\/totenart.com\/noticias\/wp-content\/uploads\/2021\/05\/que-regalar-a-un-amante-del-manga-1.jpg 700w, https:\/\/totenart.com\/noticias\/wp-content\/uploads\/2021\/05\/que-regalar-a-un-amante-del-manga-1-300x93.jpg 300w\" sizes=\"auto, (max-width: 700px) 100vw, 700px\" \/><p id=\"caption-attachment-15681\" class=\"wp-caption-text\">Puedes comprar el kit de ilustraci\u00f3n para c\u00f3mic en <a href=\"https:\/\/totenart.com\/set-ilustracion-comic-the-famazings-faber-castell?utm_source=post&amp;utm_medium=que-regalar&amp;utm_campaign=dibujante-manga\" target=\"_blank\" rel=\"noopener\">Totenart<\/a><\/p><\/div>\n<p>En este kit encontrar\u00e1s todo lo necesario para iniciaci\u00f3n en el mundo del c\u00f3mic. As\u00ed, tu artista podr\u00e1 dar sus primeros pasos para llegar a ser un artista de manga de forma f\u00e1cil. Por otra parte, si el c\u00f3mic no te convence, hay otra opci\u00f3n para artistas del manga.<\/p>\n<p>El <a href=\"https:\/\/totenart.com\/kit-para-dibujar-manga-talens?utm_source=post&amp;utm_medium=que-regalar&amp;utm_campaign=dibujante-manga\" target=\"_blank\" rel=\"noopener\"><span style=\"text-decoration: underline;\">Set de dibujo manga de Royal Talens<\/span><\/a> incluye todo lo que necesita un artista para aprender esta t\u00e9cnica de dibujo. Adem\u00e1s de los materiales necesarios para pintar y colorear tus obras de manga, este kit incluye un cuaderno de aprendizaje paso a paso ilustrado por el famoso artista Jape de <a href=\"https:\/\/www.instagram.com\/365bocetos\/\" target=\"_blank\" rel=\"noopener\"><span style=\"text-decoration: underline;\">365bocetos<\/span><\/a>. Toda una oportunidad para cualquier <strong>artista que quiera aprender a dibujar manga.<\/strong><\/p>\n<p style=\"text-align: center;\"><img loading=\"lazy\" decoding=\"async\" class=\"alignnone wp-image-15772 size-full\" src=\"https:\/\/totenart.com\/noticias\/wp-content\/uploads\/2021\/05\/que-regalar-amante-de-manga-1.jpg\" alt=\"totenart-que-regalar-amante-manga\" width=\"700\" height=\"243\" srcset=\"https:\/\/totenart.com\/noticias\/wp-content\/uploads\/2021\/05\/que-regalar-amante-de-manga-1.jpg 700w, https:\/\/totenart.com\/noticias\/wp-content\/uploads\/2021\/05\/que-regalar-amante-de-manga-1-300x104.jpg 300w\" sizes=\"auto, (max-width: 700px) 100vw, 700px\" \/><\/p>\n<p style=\"text-align: center;\">Si te ha gustado no dudes en visitar nuestra p\u00e1gina sobre <a href=\"https:\/\/totenart.com\/noticias\/que-regalar\/dibujante\/ilustrador\/\" target=\"_blank\" rel=\"noopener\"><span style=\"text-decoration: underline;\">qu\u00e9 regalar a amantes de la ilustraci\u00f3n<\/span><\/a>.<\/p>\n<div id=\"ez-toc-container\" class=\"ez-toc-v2_0_82_1 counter-hierarchy ez-toc-counter ez-toc-grey ez-toc-container-direction\">\n<div class=\"ez-toc-title-container\">\n<p class=\"ez-toc-title\" style=\"cursor:inherit\">Tabla de contenidos<\/p>\n<span class=\"ez-toc-title-toggle\"><a href=\"#\" class=\"ez-toc-pull-right ez-toc-btn ez-toc-btn-xs ez-toc-btn-default ez-toc-toggle\" aria-label=\"Alternar tabla de contenidos\"><span class=\"ez-toc-js-icon-con\"><span class=\"\"><span class=\"eztoc-hide\" style=\"display:none;\">Toggle<\/span><span class=\"ez-toc-icon-toggle-span\"><svg style=\"fill: #999;color:#999\" xmlns=\"http:\/\/www.w3.org\/2000\/svg\" class=\"list-377408\" width=\"20px\" height=\"20px\" viewBox=\"0 0 24 24\" fill=\"none\"><path d=\"M6 6H4v2h2V6zm14 0H8v2h12V6zM4 11h2v2H4v-2zm16 0H8v2h12v-2zM4 16h2v2H4v-2zm16 0H8v2h12v-2z\" fill=\"currentColor\"><\/path><\/svg><svg style=\"fill: #999;color:#999\" class=\"arrow-unsorted-368013\" xmlns=\"http:\/\/www.w3.org\/2000\/svg\" width=\"10px\" height=\"10px\" viewBox=\"0 0 24 24\" version=\"1.2\" baseProfile=\"tiny\"><path d=\"M18.2 9.3l-6.2-6.3-6.2 6.3c-.2.2-.3.4-.3.7s.1.5.3.7c.2.2.4.3.7.3h11c.3 0 .5-.1.7-.3.2-.2.3-.5.3-.7s-.1-.5-.3-.7zM5.8 14.7l6.2 6.3 6.2-6.3c.2-.2.3-.5.3-.7s-.1-.5-.3-.7c-.2-.2-.4-.3-.7-.3h-11c-.3 0-.5.1-.7.3-.2.2-.3.5-.3.7s.1.5.3.7z\"\/><\/svg><\/span><\/span><\/span><\/a><\/span><\/div>\n<nav><ul class='ez-toc-list ez-toc-list-level-1 ' ><li class='ez-toc-page-1 ez-toc-heading-level-1'><a class=\"ez-toc-link ez-toc-heading-1\" href=\"https:\/\/totenart.com\/noticias\/que-regalar\/dibujante\/manga\/#Ideas_para_regalar_a_dibujantes_de_manga\" >Ideas para regalar a dibujantes de manga<\/a><ul class='ez-toc-list-level-2' ><li class='ez-toc-heading-level-2'><a class=\"ez-toc-link ez-toc-heading-2\" href=\"https:\/\/totenart.com\/noticias\/que-regalar\/dibujante\/manga\/#Rotuladores_para_manga\" >Rotuladores para manga<\/a><\/li><li class='ez-toc-page-1 ez-toc-heading-level-2'><a class=\"ez-toc-link ez-toc-heading-3\" href=\"https:\/\/totenart.com\/noticias\/que-regalar\/dibujante\/manga\/#Set_de_dibujo\" >Set de dibujo<\/a><\/li><li class='ez-toc-page-1 ez-toc-heading-level-2'><a class=\"ez-toc-link ez-toc-heading-4\" href=\"https:\/\/totenart.com\/noticias\/que-regalar\/dibujante\/manga\/#Kit_regalo_manga_y_comic\" >Kit regalo manga y c\u00f3mic<\/a><\/li><\/ul><\/li><\/ul><\/nav><\/div>\n","protected":false},"excerpt":{"rendered":"<p>Ideas para regalar a dibujantes de manga Si tienes que hacer un regalo a un artista que le gusta el manga no le des m\u00e1s vueltas y acierta seguro con alguna de las ideas que te dejamos a continuaci\u00f3n: Rotuladores para manga Uno de los mejores regalos para dibujantes de manga son los rotuladores. En [&hellip;]<\/p>\n","protected":false},"author":13,"featured_media":15677,"parent":14385,"menu_order":0,"comment_status":"closed","ping_status":"closed","template":"","meta":{"footnotes":""},"class_list":["post-14709","page","type-page","status-publish","has-post-thumbnail","hentry"],"yoast_head":"<!-- This site is optimized with the Yoast SEO plugin v27.2 - https:\/\/yoast.com\/product\/yoast-seo-wordpress\/ -->\n<title>\u00bfQu\u00e9 regalar a alguien que le gusta el manga? - Ideas para regalar<\/title>\n<meta name=\"description\" content=\"Si est\u00e1s buscando un regalo para un amante del manga aqu\u00ed te proponemos algunas ideas con las que acertar\u00e1s seguro: Los mejores rotuladores par...\" \/>\n<meta name=\"robots\" content=\"index, follow, max-snippet:-1, max-image-preview:large, max-video-preview:-1\" \/>\n<link rel=\"canonical\" href=\"https:\/\/totenart.com\/noticias\/que-regalar\/dibujante\/manga\/\" \/>\n<meta property=\"og:locale\" content=\"es_ES\" \/>\n<meta property=\"og:type\" content=\"article\" \/>\n<meta property=\"og:title\" content=\"\u00bfQu\u00e9 regalar a alguien que le gusta el manga? - Ideas para regalar\" \/>\n<meta property=\"og:description\" content=\"Si est\u00e1s buscando un regalo para un amante del manga aqu\u00ed te proponemos algunas ideas con las que acertar\u00e1s seguro: Los mejores rotuladores par...\" \/>\n<meta property=\"og:url\" content=\"https:\/\/totenart.com\/noticias\/que-regalar\/dibujante\/manga\/\" \/>\n<meta property=\"og:site_name\" content=\"Noticias de Arte Totenart\" \/>\n<meta property=\"article:modified_time\" content=\"2021-05-20T12:15:04+00:00\" \/>\n<meta property=\"og:image\" content=\"https:\/\/totenart.com\/noticias\/wp-content\/uploads\/2021\/05\/cabecera-optimizda-1-2.jpg\" \/>\n\t<meta property=\"og:image:width\" content=\"720\" \/>\n\t<meta property=\"og:image:height\" content=\"300\" \/>\n\t<meta property=\"og:image:type\" content=\"image\/jpeg\" \/>\n<meta name=\"twitter:label1\" content=\"Tiempo de lectura\" \/>\n\t<meta name=\"twitter:data1\" content=\"4 minutos\" \/>\n<script type=\"application\/ld+json\" class=\"yoast-schema-graph\">{\"@context\":\"https:\/\/schema.org\",\"@graph\":[{\"@type\":\"WebPage\",\"@id\":\"https:\/\/totenart.com\/noticias\/que-regalar\/dibujante\/manga\/\",\"url\":\"https:\/\/totenart.com\/noticias\/que-regalar\/dibujante\/manga\/\",\"name\":\"\u00bfQu\u00e9 regalar a alguien que le gusta el manga? - Ideas para regalar\",\"isPartOf\":{\"@id\":\"https:\/\/totenart.com\/noticias\/#website\"},\"primaryImageOfPage\":{\"@id\":\"https:\/\/totenart.com\/noticias\/que-regalar\/dibujante\/manga\/#primaryimage\"},\"image\":{\"@id\":\"https:\/\/totenart.com\/noticias\/que-regalar\/dibujante\/manga\/#primaryimage\"},\"thumbnailUrl\":\"https:\/\/totenart.com\/noticias\/wp-content\/uploads\/2021\/05\/cabecera-optimizda-1-2.jpg\",\"datePublished\":\"2021-05-12T10:30:37+00:00\",\"dateModified\":\"2021-05-20T12:15:04+00:00\",\"description\":\"Si est\u00e1s buscando un regalo para un amante del manga aqu\u00ed te proponemos algunas ideas con las que acertar\u00e1s seguro: Los mejores rotuladores par...\",\"breadcrumb\":{\"@id\":\"https:\/\/totenart.com\/noticias\/que-regalar\/dibujante\/manga\/#breadcrumb\"},\"inLanguage\":\"es\",\"potentialAction\":[{\"@type\":\"ReadAction\",\"target\":[\"https:\/\/totenart.com\/noticias\/que-regalar\/dibujante\/manga\/\"]}]},{\"@type\":\"ImageObject\",\"inLanguage\":\"es\",\"@id\":\"https:\/\/totenart.com\/noticias\/que-regalar\/dibujante\/manga\/#primaryimage\",\"url\":\"https:\/\/totenart.com\/noticias\/wp-content\/uploads\/2021\/05\/cabecera-optimizda-1-2.jpg\",\"contentUrl\":\"https:\/\/totenart.com\/noticias\/wp-content\/uploads\/2021\/05\/cabecera-optimizda-1-2.jpg\",\"width\":720,\"height\":300},{\"@type\":\"BreadcrumbList\",\"@id\":\"https:\/\/totenart.com\/noticias\/que-regalar\/dibujante\/manga\/#breadcrumb\",\"itemListElement\":[{\"@type\":\"ListItem\",\"position\":1,\"name\":\"Portada\",\"item\":\"https:\/\/totenart.com\/noticias\/\"},{\"@type\":\"ListItem\",\"position\":2,\"name\":\"\u00bfQu\u00e9 regalar a un artista?\",\"item\":\"https:\/\/totenart.com\/noticias\/que-regalar\/\"},{\"@type\":\"ListItem\",\"position\":3,\"name\":\"Qu\u00e9 regalar a alguien que le gusta dibujar\",\"item\":\"https:\/\/totenart.com\/noticias\/que-regalar\/dibujante\/\"},{\"@type\":\"ListItem\",\"position\":4,\"name\":\"\u00bfQu\u00e9 regalar a alguien que le gusta el manga?\"}]},{\"@type\":\"WebSite\",\"@id\":\"https:\/\/totenart.com\/noticias\/#website\",\"url\":\"https:\/\/totenart.com\/noticias\/\",\"name\":\"Noticias de Arte Totenart\",\"description\":\"Blog de noticias del mundo del arte: exposiciones, eventos, nuevos productos y materiales para artistas...\",\"potentialAction\":[{\"@type\":\"SearchAction\",\"target\":{\"@type\":\"EntryPoint\",\"urlTemplate\":\"https:\/\/totenart.com\/noticias\/?s={search_term_string}\"},\"query-input\":{\"@type\":\"PropertyValueSpecification\",\"valueRequired\":true,\"valueName\":\"search_term_string\"}}],\"inLanguage\":\"es\"}]}<\/script>\n<!-- \/ Yoast SEO plugin. -->","yoast_head_json":{"title":"\u00bfQu\u00e9 regalar a alguien que le gusta el manga? - Ideas para regalar","description":"Si est\u00e1s buscando un regalo para un amante del manga aqu\u00ed te proponemos algunas ideas con las que acertar\u00e1s seguro: Los mejores rotuladores par...","robots":{"index":"index","follow":"follow","max-snippet":"max-snippet:-1","max-image-preview":"max-image-preview:large","max-video-preview":"max-video-preview:-1"},"canonical":"https:\/\/totenart.com\/noticias\/que-regalar\/dibujante\/manga\/","og_locale":"es_ES","og_type":"article","og_title":"\u00bfQu\u00e9 regalar a alguien que le gusta el manga? - Ideas para regalar","og_description":"Si est\u00e1s buscando un regalo para un amante del manga aqu\u00ed te proponemos algunas ideas con las que acertar\u00e1s seguro: Los mejores rotuladores par...","og_url":"https:\/\/totenart.com\/noticias\/que-regalar\/dibujante\/manga\/","og_site_name":"Noticias de Arte Totenart","article_modified_time":"2021-05-20T12:15:04+00:00","og_image":[{"width":720,"height":300,"url":"https:\/\/totenart.com\/noticias\/wp-content\/uploads\/2021\/05\/cabecera-optimizda-1-2.jpg","type":"image\/jpeg"}],"twitter_misc":{"Tiempo de lectura":"4 minutos"},"schema":{"@context":"https:\/\/schema.org","@graph":[{"@type":"WebPage","@id":"https:\/\/totenart.com\/noticias\/que-regalar\/dibujante\/manga\/","url":"https:\/\/totenart.com\/noticias\/que-regalar\/dibujante\/manga\/","name":"\u00bfQu\u00e9 regalar a alguien que le gusta el manga? - Ideas para regalar","isPartOf":{"@id":"https:\/\/totenart.com\/noticias\/#website"},"primaryImageOfPage":{"@id":"https:\/\/totenart.com\/noticias\/que-regalar\/dibujante\/manga\/#primaryimage"},"image":{"@id":"https:\/\/totenart.com\/noticias\/que-regalar\/dibujante\/manga\/#primaryimage"},"thumbnailUrl":"https:\/\/totenart.com\/noticias\/wp-content\/uploads\/2021\/05\/cabecera-optimizda-1-2.jpg","datePublished":"2021-05-12T10:30:37+00:00","dateModified":"2021-05-20T12:15:04+00:00","description":"Si est\u00e1s buscando un regalo para un amante del manga aqu\u00ed te proponemos algunas ideas con las que acertar\u00e1s seguro: Los mejores rotuladores par...","breadcrumb":{"@id":"https:\/\/totenart.com\/noticias\/que-regalar\/dibujante\/manga\/#breadcrumb"},"inLanguage":"es","potentialAction":[{"@type":"ReadAction","target":["https:\/\/totenart.com\/noticias\/que-regalar\/dibujante\/manga\/"]}]},{"@type":"ImageObject","inLanguage":"es","@id":"https:\/\/totenart.com\/noticias\/que-regalar\/dibujante\/manga\/#primaryimage","url":"https:\/\/totenart.com\/noticias\/wp-content\/uploads\/2021\/05\/cabecera-optimizda-1-2.jpg","contentUrl":"https:\/\/totenart.com\/noticias\/wp-content\/uploads\/2021\/05\/cabecera-optimizda-1-2.jpg","width":720,"height":300},{"@type":"BreadcrumbList","@id":"https:\/\/totenart.com\/noticias\/que-regalar\/dibujante\/manga\/#breadcrumb","itemListElement":[{"@type":"ListItem","position":1,"name":"Portada","item":"https:\/\/totenart.com\/noticias\/"},{"@type":"ListItem","position":2,"name":"\u00bfQu\u00e9 regalar a un artista?","item":"https:\/\/totenart.com\/noticias\/que-regalar\/"},{"@type":"ListItem","position":3,"name":"Qu\u00e9 regalar a alguien que le gusta dibujar","item":"https:\/\/totenart.com\/noticias\/que-regalar\/dibujante\/"},{"@type":"ListItem","position":4,"name":"\u00bfQu\u00e9 regalar a alguien que le gusta el manga?"}]},{"@type":"WebSite","@id":"https:\/\/totenart.com\/noticias\/#website","url":"https:\/\/totenart.com\/noticias\/","name":"Noticias de Arte Totenart","description":"Blog de noticias del mundo del arte: exposiciones, eventos, nuevos productos y materiales para artistas...","potentialAction":[{"@type":"SearchAction","target":{"@type":"EntryPoint","urlTemplate":"https:\/\/totenart.com\/noticias\/?s={search_term_string}"},"query-input":{"@type":"PropertyValueSpecification","valueRequired":true,"valueName":"search_term_string"}}],"inLanguage":"es"}]}},"_links":{"self":[{"href":"https:\/\/totenart.com\/noticias\/wp-json\/wp\/v2\/pages\/14709","targetHints":{"allow":["GET"]}}],"collection":[{"href":"https:\/\/totenart.com\/noticias\/wp-json\/wp\/v2\/pages"}],"about":[{"href":"https:\/\/totenart.com\/noticias\/wp-json\/wp\/v2\/types\/page"}],"author":[{"embeddable":true,"href":"https:\/\/totenart.com\/noticias\/wp-json\/wp\/v2\/users\/13"}],"replies":[{"embeddable":true,"href":"https:\/\/totenart.com\/noticias\/wp-json\/wp\/v2\/comments?post=14709"}],"version-history":[{"count":3,"href":"https:\/\/totenart.com\/noticias\/wp-json\/wp\/v2\/pages\/14709\/revisions"}],"predecessor-version":[{"id":15774,"href":"https:\/\/totenart.com\/noticias\/wp-json\/wp\/v2\/pages\/14709\/revisions\/15774"}],"up":[{"embeddable":true,"href":"https:\/\/totenart.com\/noticias\/wp-json\/wp\/v2\/pages\/14385"}],"wp:featuredmedia":[{"embeddable":true,"href":"https:\/\/totenart.com\/noticias\/wp-json\/wp\/v2\/media\/15677"}],"wp:attachment":[{"href":"https:\/\/totenart.com\/noticias\/wp-json\/wp\/v2\/media?parent=14709"}],"curies":[{"name":"wp","href":"https:\/\/api.w.org\/{rel}","templated":true}]}}