



{"id":15265,"date":"2021-04-09T14:26:36","date_gmt":"2021-04-09T12:26:36","guid":{"rendered":"https:\/\/totenart.com\/noticias\/?page_id=15265"},"modified":"2021-11-02T15:05:57","modified_gmt":"2021-11-02T14:05:57","slug":"decoracion","status":"publish","type":"page","link":"https:\/\/totenart.com\/noticias\/que-regalar\/artista-aficionado\/decoracion\/","title":{"rendered":"\u00bfQu\u00e9 regalar a un amante de la decoraci\u00f3n?"},"content":{"rendered":"<h1><span class=\"ez-toc-section\" id=\"Regalos_para_alguien_que_le_gusta_la_decoracion\"><\/span>Regalos para alguien que le gusta la decoraci\u00f3n<span class=\"ez-toc-section-end\"><\/span><\/h1>\n<p>Lo mires por donde lo mires, los decoradores son artistas y, por ello, merecen arte. Si tienes que hacer un regalo a un artista de la decoraci\u00f3n \u00a1sigue leyendo! A continuaci\u00f3n te dejamos algunas <strong>ideas de regalos originales para aficionados a la decoraci\u00f3n:<\/strong><\/p>\n<h2><span class=\"ez-toc-section\" id=\"Pintura_de_tiza_Chalk_Paint\"><\/span>Pintura de tiza: Chalk Paint<span class=\"ez-toc-section-end\"><\/span><\/h2>\n<p>Para empezar te dejamos con la pintura de moda.\u00a0Si todav\u00eda no conoces la <a href=\"https:\/\/totenart.com\/acrilicos\/colores-acrilicos\/pintura-acrilicas-chalk-paint-ultramate-la-pajarita?utm_source=post&amp;utm_medium=que-regalar&amp;utm_campaign=decoracion\" target=\"_blank\" rel=\"noopener\"><span style=\"text-decoration: underline;\">pintura Chalk Paint<\/span><\/a>, no te preocupes, yo te pongo al d\u00eda. <strong>Por su acabado la pintura a la tiza es el \u00faltimo grito en decoraci\u00f3n:<\/strong><\/p>\n<p><img loading=\"lazy\" decoding=\"async\" class=\"alignnone wp-image-15271 size-full\" src=\"https:\/\/totenart.com\/noticias\/wp-content\/uploads\/2021\/04\/totenart-chalk-paint-1.jpg\" alt=\"totenart-que-regalar-amante-decoracion\" width=\"700\" height=\"187\" srcset=\"https:\/\/totenart.com\/noticias\/wp-content\/uploads\/2021\/04\/totenart-chalk-paint-1.jpg 700w, https:\/\/totenart.com\/noticias\/wp-content\/uploads\/2021\/04\/totenart-chalk-paint-1-300x80.jpg 300w\" sizes=\"auto, (max-width: 700px) 100vw, 700px\" \/><\/p>\n<p>Esto se debe a que es muy <strong>sencilla de utilizar, puedes aplicarla en cualquier superficie y no necesita preparaci\u00f3n previa. <\/strong>\u00bfLo mejor? Su acabado ultramate que le dar\u00e1 un toque especial a cualquier lugar. Hazte con varios botes de pintura o busca otros formatos como la <a href=\"https:\/\/totenart.com\/acrilicos\/colores-acrilicos\/pintura-acrilicas-chalk-paint-ultramate-la-pajarita?formato=164&amp;utm_source=post&amp;utm_medium=que-regalar&amp;utm_campaign=decoracion\" target=\"_blank\" rel=\"noopener\"><span style=\"text-decoration: underline;\">pintura a la tiza en spray<\/span><\/a> o en rotulador.<\/p>\n<p>Si lo que quieres es completar un regalo para alguien que le gusta decorar, tenemos una <strong>sorpresa chalk paint para ti. <\/strong>El <a href=\"https:\/\/totenart.com\/tiza-liquida-al-agua-la-pajarita?utm_source=post&amp;utm_medium=que-regalar&amp;utm_campaign=decoracion\" target=\"_blank\" rel=\"noopener\"><span style=\"text-decoration: underline;\">rotulador de tiza l\u00edquida<\/span><\/a> es el compa\u00f1ero perfecto para cualquier artista. Con \u00e9l podr\u00e1s pintar sobre las ventanas o dejar notas en las tazas del desayuno <strong>\u00a1El regalo m\u00e1s original para una decoradora!<\/strong><\/p>\n<p style=\"text-align: center;\"><img loading=\"lazy\" decoding=\"async\" class=\"alignnone wp-image-15293 size-full\" src=\"https:\/\/totenart.com\/noticias\/wp-content\/uploads\/2021\/04\/totenart-chalk-paint-marker-1.jpg\" alt=\"totenart-rotulador-de-tiza-regalos-para-decoradores\" width=\"700\" height=\"211\" srcset=\"https:\/\/totenart.com\/noticias\/wp-content\/uploads\/2021\/04\/totenart-chalk-paint-marker-1.jpg 700w, https:\/\/totenart.com\/noticias\/wp-content\/uploads\/2021\/04\/totenart-chalk-paint-marker-1-300x90.jpg 300w\" sizes=\"auto, (max-width: 700px) 100vw, 700px\" \/><\/p>\n<h2><span class=\"ez-toc-section\" id=\"Auxiliares_para_decoracion\"><\/span>Auxiliares para decoraci\u00f3n<span class=\"ez-toc-section-end\"><\/span><\/h2>\n<p>Otra opci\u00f3n para completar un regalo son los auxiliares de decoraci\u00f3n<strong>. Estos accesorios aportan acabados sorprendentes<\/strong> para decorar todo lo que se te ocurra. \u00a1Puedes comprar un auxiliar para completar un regalo o hacer un <strong>pack completo de ideas para decorar!<\/strong><\/p>\n<p>Entre ellos puedes encontrar el <a href=\"https:\/\/totenart.com\/barniz-craquele-la-pajarita-75ml?utm_source=post&amp;utm_medium=que-regalar&amp;utm_campaign=decoracion\" target=\"_blank\" rel=\"noopener\"><span style=\"text-decoration: underline;\">craquelador<\/span><\/a> que aporta un efecto cuarteado a cualquier pintura o la\u00a0 <a href=\"https:\/\/totenart.com\/cola-para-decoupage-la-pajarita-75ml?utm_source=post&amp;utm_medium=que-regalar&amp;utm_campaign=decoracion\" target=\"_blank\" rel=\"noopener\"><span style=\"text-decoration: underline;\">cola decoupage<\/span><\/a>:<\/p>\n<p><img loading=\"lazy\" decoding=\"async\" class=\"wp-image-15297 size-full aligncenter\" src=\"https:\/\/totenart.com\/noticias\/wp-content\/uploads\/2021\/04\/totenart-regalos-para-decorar-tu-casa-1.jpg\" alt=\"totenart-que-regalar-a-alguien-que-le-gusta-decorar\" width=\"700\" height=\"211\" srcset=\"https:\/\/totenart.com\/noticias\/wp-content\/uploads\/2021\/04\/totenart-regalos-para-decorar-tu-casa-1.jpg 700w, https:\/\/totenart.com\/noticias\/wp-content\/uploads\/2021\/04\/totenart-regalos-para-decorar-tu-casa-1-300x90.jpg 300w\" sizes=\"auto, (max-width: 700px) 100vw, 700px\" \/><\/p>\n<p>El decoupage es una <strong>t\u00e9cnica manual que consiste en pegar papeles o telas sobre diversos soportes. <\/strong>As\u00ed podr\u00e1s dar un toque especial a cualquier rinc\u00f3n de tu hogar. Es ideal para decorar cualquier objeto de una forma sencilla y un acabado perfecto.<\/p>\n<h3><span class=\"ez-toc-section\" id=\"Transferencia_de_imagenes\"><\/span>Transferencia de im\u00e1genes<span class=\"ez-toc-section-end\"><\/span><\/h3>\n<p>Mi favorito y seguro que el <strong>regalo favorito de ese amante de la decoraci\u00f3n al que quieres sorprender<\/strong> es el <a href=\"https:\/\/totenart.com\/foto-transfer-la-pajarita-75-ml?utm_source=post&amp;utm_medium=que-regalar&amp;utm_campaign=decoracion\" target=\"_blank\" rel=\"noopener\"><span style=\"text-decoration: underline;\">medium de transferencias<\/span><\/a>. Este auxiliar es perfecto para decorar cualquier superficie con vuestras im\u00e1genes favoritas. Su funcionamiento es muy simple y funciona sobre cualquier soporte: madera, papel o cer\u00e1mica, entre otros. Gracias a esta cola foto transfer puede customizar cualquier objeto de una forma sencilla.<\/p>\n<p style=\"text-align: center;\"><img loading=\"lazy\" decoding=\"async\" class=\"alignnone wp-image-15302 size-full\" src=\"https:\/\/totenart.com\/noticias\/wp-content\/uploads\/2021\/04\/totenart-regalos-para-decorar-tu-casa-2-1.jpg\" alt=\"totenart-regalos-para-decoradores\" width=\"700\" height=\"205\" srcset=\"https:\/\/totenart.com\/noticias\/wp-content\/uploads\/2021\/04\/totenart-regalos-para-decorar-tu-casa-2-1.jpg 700w, https:\/\/totenart.com\/noticias\/wp-content\/uploads\/2021\/04\/totenart-regalos-para-decorar-tu-casa-2-1-300x88.jpg 300w\" sizes=\"auto, (max-width: 700px) 100vw, 700px\" \/><\/p>\n<p><strong>\u00a1AHORA M\u00c1S F\u00c1CIL! <\/strong><strong>Adem\u00e1s del medium para transferencias l\u00edquido<\/strong>, ya puedes comprar el <a href=\"https:\/\/totenart.com\/rotulador-transfer-marker-la-pajarita?utm_source=post&amp;utm_medium=que-regalar&amp;utm_campaign=decoracion\" target=\"_blank\" rel=\"noopener\"><span style=\"text-decoration: underline;\">rotulador transfer marker<\/span><\/a>. Todo lo bueno del medium de transferencias en un formato rotulador revolucionario.<\/p>\n<h2><span class=\"ez-toc-section\" id=\"Pintura_para_tela\"><\/span>Pintura para tela<span class=\"ez-toc-section-end\"><\/span><\/h2>\n<p>Por \u00faltimo, os dejo con un producto muy vers\u00e1til. Aunque mucha gente relaciona la <a href=\"https:\/\/totenart.com\/otras-pinturas\/pintura-textil-para-ropa\/pintura-textil-art-creation?utm_source=post&amp;utm_medium=que-regalar&amp;utm_campaign=decoracion\" target=\"_blank\" rel=\"noopener\"><span style=\"text-decoration: underline;\">pintura textil<\/span> <\/a>con la ropa, hay un mont\u00f3n de proyectos que puedes llevar a cabo con ella. Por este motivo, <strong>la pintura para tela es el compa\u00f1ero ideal de cualquier amante de la decoraci\u00f3n.\u00a0<\/strong><\/p>\n<div style=\"text-align: center;\"><iframe loading=\"lazy\" title=\"YouTube video player\" src=\"https:\/\/www.youtube.com\/embed\/9FWdkHMBXQw\" width=\"560\" height=\"315\" frameborder=\"0\" allowfullscreen=\"allowfullscreen\"><\/iframe><\/div>\n<p>A continuaci\u00f3n te dejamos con un v\u00eddeo sobre c\u00f3mo decorar un coj\u00edn con pintura textil \u00a1No lo dudes y aprovecha estas ideas para regalar a artistas de la decoraci\u00f3n!<\/p>\n<p style=\"text-align: center;\">\u00bfQuieres saber m\u00e1s? P\u00e1sate por nuestro post de <a href=\"https:\/\/totenart.com\/noticias\/que-regalar\/artista-aficionado\/manualidades\/\" target=\"_blank\" rel=\"noopener\"><span style=\"text-decoration: underline;\">ideas para regalar a amantes de las manualidades<\/span><\/a>.<\/p>\n<div id=\"ez-toc-container\" class=\"ez-toc-v2_0_82_1 counter-hierarchy ez-toc-counter ez-toc-grey ez-toc-container-direction\">\n<div class=\"ez-toc-title-container\">\n<p class=\"ez-toc-title\" style=\"cursor:inherit\">Tabla de contenidos<\/p>\n<span class=\"ez-toc-title-toggle\"><a href=\"#\" class=\"ez-toc-pull-right ez-toc-btn ez-toc-btn-xs ez-toc-btn-default ez-toc-toggle\" aria-label=\"Alternar tabla de contenidos\"><span class=\"ez-toc-js-icon-con\"><span class=\"\"><span class=\"eztoc-hide\" style=\"display:none;\">Toggle<\/span><span class=\"ez-toc-icon-toggle-span\"><svg style=\"fill: #999;color:#999\" xmlns=\"http:\/\/www.w3.org\/2000\/svg\" class=\"list-377408\" width=\"20px\" height=\"20px\" viewBox=\"0 0 24 24\" fill=\"none\"><path d=\"M6 6H4v2h2V6zm14 0H8v2h12V6zM4 11h2v2H4v-2zm16 0H8v2h12v-2zM4 16h2v2H4v-2zm16 0H8v2h12v-2z\" fill=\"currentColor\"><\/path><\/svg><svg style=\"fill: #999;color:#999\" class=\"arrow-unsorted-368013\" xmlns=\"http:\/\/www.w3.org\/2000\/svg\" width=\"10px\" height=\"10px\" viewBox=\"0 0 24 24\" version=\"1.2\" baseProfile=\"tiny\"><path d=\"M18.2 9.3l-6.2-6.3-6.2 6.3c-.2.2-.3.4-.3.7s.1.5.3.7c.2.2.4.3.7.3h11c.3 0 .5-.1.7-.3.2-.2.3-.5.3-.7s-.1-.5-.3-.7zM5.8 14.7l6.2 6.3 6.2-6.3c.2-.2.3-.5.3-.7s-.1-.5-.3-.7c-.2-.2-.4-.3-.7-.3h-11c-.3 0-.5.1-.7.3-.2.2-.3.5-.3.7s.1.5.3.7z\"\/><\/svg><\/span><\/span><\/span><\/a><\/span><\/div>\n<nav><ul class='ez-toc-list ez-toc-list-level-1 ' ><li class='ez-toc-page-1 ez-toc-heading-level-1'><a class=\"ez-toc-link ez-toc-heading-1\" href=\"https:\/\/totenart.com\/noticias\/que-regalar\/artista-aficionado\/decoracion\/#Regalos_para_alguien_que_le_gusta_la_decoracion\" >Regalos para alguien que le gusta la decoraci\u00f3n<\/a><ul class='ez-toc-list-level-2' ><li class='ez-toc-heading-level-2'><a class=\"ez-toc-link ez-toc-heading-2\" href=\"https:\/\/totenart.com\/noticias\/que-regalar\/artista-aficionado\/decoracion\/#Pintura_de_tiza_Chalk_Paint\" >Pintura de tiza: Chalk Paint<\/a><\/li><li class='ez-toc-page-1 ez-toc-heading-level-2'><a class=\"ez-toc-link ez-toc-heading-3\" href=\"https:\/\/totenart.com\/noticias\/que-regalar\/artista-aficionado\/decoracion\/#Auxiliares_para_decoracion\" >Auxiliares para decoraci\u00f3n<\/a><ul class='ez-toc-list-level-3' ><li class='ez-toc-heading-level-3'><a class=\"ez-toc-link ez-toc-heading-4\" href=\"https:\/\/totenart.com\/noticias\/que-regalar\/artista-aficionado\/decoracion\/#Transferencia_de_imagenes\" >Transferencia de im\u00e1genes<\/a><\/li><\/ul><\/li><li class='ez-toc-page-1 ez-toc-heading-level-2'><a class=\"ez-toc-link ez-toc-heading-5\" href=\"https:\/\/totenart.com\/noticias\/que-regalar\/artista-aficionado\/decoracion\/#Pintura_para_tela\" >Pintura para tela<\/a><\/li><\/ul><\/li><\/ul><\/nav><\/div>\n","protected":false},"excerpt":{"rendered":"<p>Regalos para alguien que le gusta la decoraci\u00f3n Lo mires por donde lo mires, los decoradores son artistas y, por ello, merecen arte. Si tienes que hacer un regalo a un artista de la decoraci\u00f3n \u00a1sigue leyendo! A continuaci\u00f3n te dejamos algunas ideas de regalos originales para aficionados a la decoraci\u00f3n: Pintura de tiza: Chalk [&hellip;]<\/p>\n","protected":false},"author":13,"featured_media":15266,"parent":14678,"menu_order":0,"comment_status":"closed","ping_status":"closed","template":"","meta":{"footnotes":""},"class_list":["post-15265","page","type-page","status-publish","has-post-thumbnail","hentry"],"yoast_head":"<!-- This site is optimized with the Yoast SEO plugin v27.2 - https:\/\/yoast.com\/product\/yoast-seo-wordpress\/ -->\n<title>\u00bfQu\u00e9 regalar a un amante de la decoraci\u00f3n? - Ideas de regalos<\/title>\n<meta name=\"robots\" content=\"index, follow, max-snippet:-1, max-image-preview:large, max-video-preview:-1\" \/>\n<link rel=\"canonical\" href=\"https:\/\/totenart.com\/noticias\/que-regalar\/artista-aficionado\/decoracion\/\" \/>\n<meta property=\"og:locale\" content=\"es_ES\" \/>\n<meta property=\"og:type\" content=\"article\" \/>\n<meta property=\"og:title\" content=\"\u00bfQu\u00e9 regalar a un amante de la decoraci\u00f3n? - Ideas de regalos\" \/>\n<meta property=\"og:description\" content=\"Regalos para alguien que le gusta la decoraci\u00f3n Lo mires por donde lo mires, los decoradores son artistas y, por ello, merecen arte. Si tienes que hacer un regalo a un artista de la decoraci\u00f3n \u00a1sigue leyendo! A continuaci\u00f3n te dejamos algunas ideas de regalos originales para aficionados a la decoraci\u00f3n: Pintura de tiza: Chalk [&hellip;]\" \/>\n<meta property=\"og:url\" content=\"https:\/\/totenart.com\/noticias\/que-regalar\/artista-aficionado\/decoracion\/\" \/>\n<meta property=\"og:site_name\" content=\"Noticias de Arte Totenart\" \/>\n<meta property=\"article:modified_time\" content=\"2021-11-02T14:05:57+00:00\" \/>\n<meta property=\"og:image\" content=\"https:\/\/totenart.com\/noticias\/wp-content\/uploads\/2021\/04\/cabecera-optimizda-1-1.jpg\" \/>\n\t<meta property=\"og:image:width\" content=\"720\" \/>\n\t<meta property=\"og:image:height\" content=\"300\" \/>\n\t<meta property=\"og:image:type\" content=\"image\/jpeg\" \/>\n<meta name=\"twitter:label1\" content=\"Tiempo de lectura\" \/>\n\t<meta name=\"twitter:data1\" content=\"3 minutos\" \/>\n<script type=\"application\/ld+json\" class=\"yoast-schema-graph\">{\"@context\":\"https:\/\/schema.org\",\"@graph\":[{\"@type\":\"WebPage\",\"@id\":\"https:\/\/totenart.com\/noticias\/que-regalar\/artista-aficionado\/decoracion\/\",\"url\":\"https:\/\/totenart.com\/noticias\/que-regalar\/artista-aficionado\/decoracion\/\",\"name\":\"\u00bfQu\u00e9 regalar a un amante de la decoraci\u00f3n? - Ideas de regalos\",\"isPartOf\":{\"@id\":\"https:\/\/totenart.com\/noticias\/#website\"},\"primaryImageOfPage\":{\"@id\":\"https:\/\/totenart.com\/noticias\/que-regalar\/artista-aficionado\/decoracion\/#primaryimage\"},\"image\":{\"@id\":\"https:\/\/totenart.com\/noticias\/que-regalar\/artista-aficionado\/decoracion\/#primaryimage\"},\"thumbnailUrl\":\"https:\/\/totenart.com\/noticias\/wp-content\/uploads\/2021\/04\/cabecera-optimizda-1-1.jpg\",\"datePublished\":\"2021-04-09T12:26:36+00:00\",\"dateModified\":\"2021-11-02T14:05:57+00:00\",\"breadcrumb\":{\"@id\":\"https:\/\/totenart.com\/noticias\/que-regalar\/artista-aficionado\/decoracion\/#breadcrumb\"},\"inLanguage\":\"es\",\"potentialAction\":[{\"@type\":\"ReadAction\",\"target\":[\"https:\/\/totenart.com\/noticias\/que-regalar\/artista-aficionado\/decoracion\/\"]}]},{\"@type\":\"ImageObject\",\"inLanguage\":\"es\",\"@id\":\"https:\/\/totenart.com\/noticias\/que-regalar\/artista-aficionado\/decoracion\/#primaryimage\",\"url\":\"https:\/\/totenart.com\/noticias\/wp-content\/uploads\/2021\/04\/cabecera-optimizda-1-1.jpg\",\"contentUrl\":\"https:\/\/totenart.com\/noticias\/wp-content\/uploads\/2021\/04\/cabecera-optimizda-1-1.jpg\",\"width\":720,\"height\":300},{\"@type\":\"BreadcrumbList\",\"@id\":\"https:\/\/totenart.com\/noticias\/que-regalar\/artista-aficionado\/decoracion\/#breadcrumb\",\"itemListElement\":[{\"@type\":\"ListItem\",\"position\":1,\"name\":\"Portada\",\"item\":\"https:\/\/totenart.com\/noticias\/\"},{\"@type\":\"ListItem\",\"position\":2,\"name\":\"\u00bfQu\u00e9 regalar a un artista?\",\"item\":\"https:\/\/totenart.com\/noticias\/que-regalar\/\"},{\"@type\":\"ListItem\",\"position\":3,\"name\":\"Que regalar a un artista aficionado\",\"item\":\"https:\/\/totenart.com\/noticias\/que-regalar\/artista-aficionado\/\"},{\"@type\":\"ListItem\",\"position\":4,\"name\":\"\u00bfQu\u00e9 regalar a un amante de la decoraci\u00f3n?\"}]},{\"@type\":\"WebSite\",\"@id\":\"https:\/\/totenart.com\/noticias\/#website\",\"url\":\"https:\/\/totenart.com\/noticias\/\",\"name\":\"Noticias de Arte Totenart\",\"description\":\"Blog de noticias del mundo del arte: exposiciones, eventos, nuevos productos y materiales para artistas...\",\"potentialAction\":[{\"@type\":\"SearchAction\",\"target\":{\"@type\":\"EntryPoint\",\"urlTemplate\":\"https:\/\/totenart.com\/noticias\/?s={search_term_string}\"},\"query-input\":{\"@type\":\"PropertyValueSpecification\",\"valueRequired\":true,\"valueName\":\"search_term_string\"}}],\"inLanguage\":\"es\"}]}<\/script>\n<!-- \/ Yoast SEO plugin. -->","yoast_head_json":{"title":"\u00bfQu\u00e9 regalar a un amante de la decoraci\u00f3n? - Ideas de regalos","robots":{"index":"index","follow":"follow","max-snippet":"max-snippet:-1","max-image-preview":"max-image-preview:large","max-video-preview":"max-video-preview:-1"},"canonical":"https:\/\/totenart.com\/noticias\/que-regalar\/artista-aficionado\/decoracion\/","og_locale":"es_ES","og_type":"article","og_title":"\u00bfQu\u00e9 regalar a un amante de la decoraci\u00f3n? - Ideas de regalos","og_description":"Regalos para alguien que le gusta la decoraci\u00f3n Lo mires por donde lo mires, los decoradores son artistas y, por ello, merecen arte. Si tienes que hacer un regalo a un artista de la decoraci\u00f3n \u00a1sigue leyendo! A continuaci\u00f3n te dejamos algunas ideas de regalos originales para aficionados a la decoraci\u00f3n: Pintura de tiza: Chalk [&hellip;]","og_url":"https:\/\/totenart.com\/noticias\/que-regalar\/artista-aficionado\/decoracion\/","og_site_name":"Noticias de Arte Totenart","article_modified_time":"2021-11-02T14:05:57+00:00","og_image":[{"width":720,"height":300,"url":"https:\/\/totenart.com\/noticias\/wp-content\/uploads\/2021\/04\/cabecera-optimizda-1-1.jpg","type":"image\/jpeg"}],"twitter_misc":{"Tiempo de lectura":"3 minutos"},"schema":{"@context":"https:\/\/schema.org","@graph":[{"@type":"WebPage","@id":"https:\/\/totenart.com\/noticias\/que-regalar\/artista-aficionado\/decoracion\/","url":"https:\/\/totenart.com\/noticias\/que-regalar\/artista-aficionado\/decoracion\/","name":"\u00bfQu\u00e9 regalar a un amante de la decoraci\u00f3n? - Ideas de regalos","isPartOf":{"@id":"https:\/\/totenart.com\/noticias\/#website"},"primaryImageOfPage":{"@id":"https:\/\/totenart.com\/noticias\/que-regalar\/artista-aficionado\/decoracion\/#primaryimage"},"image":{"@id":"https:\/\/totenart.com\/noticias\/que-regalar\/artista-aficionado\/decoracion\/#primaryimage"},"thumbnailUrl":"https:\/\/totenart.com\/noticias\/wp-content\/uploads\/2021\/04\/cabecera-optimizda-1-1.jpg","datePublished":"2021-04-09T12:26:36+00:00","dateModified":"2021-11-02T14:05:57+00:00","breadcrumb":{"@id":"https:\/\/totenart.com\/noticias\/que-regalar\/artista-aficionado\/decoracion\/#breadcrumb"},"inLanguage":"es","potentialAction":[{"@type":"ReadAction","target":["https:\/\/totenart.com\/noticias\/que-regalar\/artista-aficionado\/decoracion\/"]}]},{"@type":"ImageObject","inLanguage":"es","@id":"https:\/\/totenart.com\/noticias\/que-regalar\/artista-aficionado\/decoracion\/#primaryimage","url":"https:\/\/totenart.com\/noticias\/wp-content\/uploads\/2021\/04\/cabecera-optimizda-1-1.jpg","contentUrl":"https:\/\/totenart.com\/noticias\/wp-content\/uploads\/2021\/04\/cabecera-optimizda-1-1.jpg","width":720,"height":300},{"@type":"BreadcrumbList","@id":"https:\/\/totenart.com\/noticias\/que-regalar\/artista-aficionado\/decoracion\/#breadcrumb","itemListElement":[{"@type":"ListItem","position":1,"name":"Portada","item":"https:\/\/totenart.com\/noticias\/"},{"@type":"ListItem","position":2,"name":"\u00bfQu\u00e9 regalar a un artista?","item":"https:\/\/totenart.com\/noticias\/que-regalar\/"},{"@type":"ListItem","position":3,"name":"Que regalar a un artista aficionado","item":"https:\/\/totenart.com\/noticias\/que-regalar\/artista-aficionado\/"},{"@type":"ListItem","position":4,"name":"\u00bfQu\u00e9 regalar a un amante de la decoraci\u00f3n?"}]},{"@type":"WebSite","@id":"https:\/\/totenart.com\/noticias\/#website","url":"https:\/\/totenart.com\/noticias\/","name":"Noticias de Arte Totenart","description":"Blog de noticias del mundo del arte: exposiciones, eventos, nuevos productos y materiales para artistas...","potentialAction":[{"@type":"SearchAction","target":{"@type":"EntryPoint","urlTemplate":"https:\/\/totenart.com\/noticias\/?s={search_term_string}"},"query-input":{"@type":"PropertyValueSpecification","valueRequired":true,"valueName":"search_term_string"}}],"inLanguage":"es"}]}},"_links":{"self":[{"href":"https:\/\/totenart.com\/noticias\/wp-json\/wp\/v2\/pages\/15265","targetHints":{"allow":["GET"]}}],"collection":[{"href":"https:\/\/totenart.com\/noticias\/wp-json\/wp\/v2\/pages"}],"about":[{"href":"https:\/\/totenart.com\/noticias\/wp-json\/wp\/v2\/types\/page"}],"author":[{"embeddable":true,"href":"https:\/\/totenart.com\/noticias\/wp-json\/wp\/v2\/users\/13"}],"replies":[{"embeddable":true,"href":"https:\/\/totenart.com\/noticias\/wp-json\/wp\/v2\/comments?post=15265"}],"version-history":[{"count":3,"href":"https:\/\/totenart.com\/noticias\/wp-json\/wp\/v2\/pages\/15265\/revisions"}],"predecessor-version":[{"id":17364,"href":"https:\/\/totenart.com\/noticias\/wp-json\/wp\/v2\/pages\/15265\/revisions\/17364"}],"up":[{"embeddable":true,"href":"https:\/\/totenart.com\/noticias\/wp-json\/wp\/v2\/pages\/14678"}],"wp:featuredmedia":[{"embeddable":true,"href":"https:\/\/totenart.com\/noticias\/wp-json\/wp\/v2\/media\/15266"}],"wp:attachment":[{"href":"https:\/\/totenart.com\/noticias\/wp-json\/wp\/v2\/media?parent=15265"}],"curies":[{"name":"wp","href":"https:\/\/api.w.org\/{rel}","templated":true}]}}