



{"id":15796,"date":"2021-06-11T15:10:19","date_gmt":"2021-06-11T13:10:19","guid":{"rendered":"https:\/\/totenart.com\/noticias\/?page_id=15796"},"modified":"2021-06-11T15:10:19","modified_gmt":"2021-06-11T13:10:19","slug":"adulto","status":"publish","type":"page","link":"https:\/\/totenart.com\/noticias\/que-regalar\/artista-aficionado\/adulto\/","title":{"rendered":"\u00bfQu\u00e9 regalar a un adulto que le gusta el arte?"},"content":{"rendered":"<p>Si est\u00e1s pensando en regalar algo a un adulto al que le gusta el arte pero no sabes por donde empezar&#8230; En este post encontrar\u00e1s todo lo necesario para acertar seguro. Sigue leyendo y encuentra el mejor regalo para adultos de este a\u00f1o:<\/p>\n<h2><span class=\"ez-toc-section\" id=\"Material_artistico_de_diseno\"><\/span>Material art\u00edstico de dise\u00f1o<span class=\"ez-toc-section-end\"><\/span><\/h2>\n<p>Si lo que quieres es hacer un regalo a un pintor adulto te recomendamos que optes por <strong>algunos de los materiales art\u00edsticos de mayor calidad.<\/strong> Entre nuestras recomendaciones para pintores est\u00e1n los Sets de pinceles Escoda, la combinaci\u00f3n perfecta entre calidad, dise\u00f1o y comodidad en un kit de tres pinceles disponible en diferentes pelos.<\/p>\n<div id=\"attachment_16032\" style=\"width: 710px\" class=\"wp-caption aligncenter\"><img loading=\"lazy\" decoding=\"async\" aria-describedby=\"caption-attachment-16032\" class=\"wp-image-16032 size-full\" src=\"https:\/\/totenart.com\/noticias\/wp-content\/uploads\/2021\/06\/totenart-pinceles-de-viaje-escoda-1.jpg\" alt=\"totenart-que-regalar-a-un-adulto-artista\" width=\"700\" height=\"210\" srcset=\"https:\/\/totenart.com\/noticias\/wp-content\/uploads\/2021\/06\/totenart-pinceles-de-viaje-escoda-1.jpg 700w, https:\/\/totenart.com\/noticias\/wp-content\/uploads\/2021\/06\/totenart-pinceles-de-viaje-escoda-1-300x90.jpg 300w\" sizes=\"auto, (max-width: 700px) 100vw, 700px\" \/><p id=\"caption-attachment-16032\" class=\"wp-caption-text\">Encuentra este set de pinceles en <a href=\"https:\/\/totenart.com\/set-3-pinceles-acuarela-viaje-escoda-con-estuche-rojo?utm_source=post&amp;utm_medium=que-regalar&amp;utm_campaign=aficionado-adulto\" target=\"_blank\" rel=\"noopener\">Totenart<\/a><\/p><\/div>\n<p>Siguiendo con los pinceles, es sabido que los mejores pinceles son los de pelo natural \u00a1hasta ahora! La marca da Vinci ha sacado unos pinceles sint\u00e9ticos de imitaci\u00f3n de Petit Gris de gran calidad: <span style=\"text-decoration: underline;\"><a href=\"https:\/\/totenart.com\/pinceles\/pinceles-de-mango-corto\/pinceles-petit-gris-de-mango-corto?manufacturer=59&amp;utm_source=post&amp;utm_medium=que-regalar&amp;utm_campaign=aficionado-adulto\" target=\"_blank\" rel=\"noopener\">Da Vinci Casaneo<\/a><\/span>.<\/p>\n<h2><span class=\"ez-toc-section\" id=\"Pintura_relajante\"><\/span>Pintura relajante<span class=\"ez-toc-section-end\"><\/span><\/h2>\n<p>Otra opci\u00f3n <strong>muy original para regalar a un adulto al que le gusta el arte es alg\u00fan m\u00e9todo de arte relajante.<\/strong> En estos casos hay algunas t\u00e9cnicas id\u00f3neas para que los adultos desconecten de los problemas y se permitan un momento para ellos:<\/p>\n<h3><span class=\"ez-toc-section\" id=\"Zentangle\"><\/span>Zentangle<span class=\"ez-toc-section-end\"><\/span><\/h3>\n<p>Para empezar con nuestras recomendaciones de pintura relajante, te dejamos con una t\u00e9cnica muy especial. Si est\u00e1s buscando <strong>regalar paz a un adulto al que le guste pintar,<\/strong> no pierdas esta oportunidad.\u00a0 Aunque regalar un estilo de vida tranquilo es imposible puedes empezar por regalar un <a href=\"https:\/\/totenart.com\/otros-materiales-bellas-artes\/dibujo-lapices-estuches-papel-y-complementos\/productos-para-zentangle?dir=desc&amp;order=price&amp;utm_source=post&amp;utm_medium=que-regalar&amp;utm_campaign=aficionado-adulto\" target=\"_blank\" rel=\"noopener\"><span style=\"text-decoration: underline;\">kit de Zentangle<\/span> <\/a>con todos los beneficios que esto incluye:<\/p>\n<p style=\"text-align: center;\"><img loading=\"lazy\" decoding=\"async\" class=\"alignnone size-full wp-image-15997\" src=\"https:\/\/totenart.com\/noticias\/wp-content\/uploads\/2021\/06\/zentangle-kit-1.jpg\" alt=\"\" width=\"700\" height=\"225\" srcset=\"https:\/\/totenart.com\/noticias\/wp-content\/uploads\/2021\/06\/zentangle-kit-1.jpg 700w, https:\/\/totenart.com\/noticias\/wp-content\/uploads\/2021\/06\/zentangle-kit-1-300x96.jpg 300w\" sizes=\"auto, (max-width: 700px) 100vw, 700px\" \/><\/p>\n<p>La t\u00e9cnica del Zentangle es una de las mejores t\u00e9cnicas de pintura relajante. Adem\u00e1s de ser muy divertida, practicar esta t\u00e9cnica aumenta la autoestima. Tambi\u00e9n es perfecta para la <strong>concentraci\u00f3n, la motivaci\u00f3n y, por supuesto, la relajaci\u00f3n.<\/strong><\/p>\n<h3><span class=\"ez-toc-section\" id=\"Pintura_por_numeros\"><\/span>Pintura por n\u00fameros<span class=\"ez-toc-section-end\"><\/span><\/h3>\n<p>Por otra parte, una opci\u00f3n m\u00e1s expresiva y perfecta para artistas de la pintura con pincel son los <a href=\"https:\/\/totenart.com\/otros-materiales-bellas-artes\/kits-y-sets-completos\/pintar-por-numeros?utm_source=post&amp;utm_medium=que-regalar&amp;utm_campaign=aficionado-adulto\" target=\"_blank\" rel=\"noopener\"><span style=\"text-decoration: underline;\">kits de pintura por n\u00fameros<\/span><\/a>. Como su nombre indica, estos sets son como los tradicionales libros de pintura por n\u00famero adaptados a los adultos. En este caso puedes hacerte con uno de los kits que incluyen todo lo necesario para crear un cuadro desde cero:<\/p>\n<p style=\"text-align: center;\"><img loading=\"lazy\" decoding=\"async\" class=\"alignnone size-full wp-image-15996\" src=\"https:\/\/totenart.com\/noticias\/wp-content\/uploads\/2021\/06\/pintura-con-numeros-1-1.jpg\" alt=\"\" width=\"700\" height=\"203\" srcset=\"https:\/\/totenart.com\/noticias\/wp-content\/uploads\/2021\/06\/pintura-con-numeros-1-1.jpg 700w, https:\/\/totenart.com\/noticias\/wp-content\/uploads\/2021\/06\/pintura-con-numeros-1-1-300x87.jpg 300w\" sizes=\"auto, (max-width: 700px) 100vw, 700px\" \/><\/p>\n<h2><span class=\"ez-toc-section\" id=\"Kits_completos_de_pintura\"><\/span>Kits completos de pintura<span class=\"ez-toc-section-end\"><\/span><\/h2>\n<p>Al igual que la pintura por n\u00fameros, hay otras t\u00e9cnicas art\u00edsticas disponibles en sets completos. Si vas a hacer un regalo a un adulto que le guste el arte te recomendamos optar por un <a href=\"https:\/\/totenart.com\/oleos\/maletas-de-oleo?utm_source=post&amp;utm_medium=que-regalar&amp;utm_campaign=aficionado-adulto\" target=\"_blank\" rel=\"noopener\"><span style=\"text-decoration: underline;\">kit de pintura al \u00f3leo<\/span><\/a>. Esta t\u00e9cnica es ideal para adultos ya que tiene un secado muy lento. De esta forma cualquier adulto podr\u00e1 dedicarle el tiempo necesario sin descuidar su vida. Entre nuestras recomendaciones est\u00e1<strong> esta caja de pintura al \u00f3leo edici\u00f3n limitada:<\/strong><\/p>\n<div id=\"attachment_16023\" style=\"width: 710px\" class=\"wp-caption aligncenter\"><img loading=\"lazy\" decoding=\"async\" aria-describedby=\"caption-attachment-16023\" class=\"wp-image-16023 size-full\" src=\"https:\/\/totenart.com\/noticias\/wp-content\/uploads\/2021\/06\/caja-oleo-rembrandt-1.jpg\" alt=\"totenart-regalar-adulto-artista\" width=\"700\" height=\"214\" srcset=\"https:\/\/totenart.com\/noticias\/wp-content\/uploads\/2021\/06\/caja-oleo-rembrandt-1.jpg 700w, https:\/\/totenart.com\/noticias\/wp-content\/uploads\/2021\/06\/caja-oleo-rembrandt-1-300x92.jpg 300w\" sizes=\"auto, (max-width: 700px) 100vw, 700px\" \/><p id=\"caption-attachment-16023\" class=\"wp-caption-text\">Puedes comprar la caja de \u00f3leo edici\u00f3n limitada en <a href=\"https:\/\/totenart.com\/set-edicion-limitada-rembrandt-year-caja-10-oleos-15-ml?utm_source=post&amp;utm_medium=que-regalar&amp;utm_campaign=aficionado-adulto\" target=\"_blank\" rel=\"noopener\">Totenart<\/a><\/p><\/div>\n<p>Por otra parte, si el regalo es para un pintor aficionado, hay otros sets m\u00e1s adecuados. En ese caso te recomendamos que optes por un <a href=\"https:\/\/totenart.com\/set-regalo-oleo-louvre-lefranc-maleta-caballete-y-lienzo?utm_source=post&amp;utm_medium=que-regalar&amp;utm_campaign=aficionado-adulto\" target=\"_blank\" rel=\"noopener\"><span style=\"text-decoration: underline;\">kit completo que incluya caballete y lienzos<\/span> <\/a>\u00a1As\u00ed tu artista favorito no podr\u00e1 negarse a empezar a pintar!<\/p>\n<p style=\"text-align: center;\">\u00bfNecesitas m\u00e1s ideas? \u00c9chale un vistazo a nuestro post sobre <a href=\"https:\/\/totenart.com\/noticias\/que-regalar\/pintor-aficionado\/\" target=\"_blank\" rel=\"noopener\"><span style=\"text-decoration: underline;\">qu\u00e9 regalar a un artista aficionado<\/span><\/a>.<\/p>\n<div id=\"ez-toc-container\" class=\"ez-toc-v2_0_82_1 counter-hierarchy ez-toc-counter ez-toc-grey ez-toc-container-direction\">\n<div class=\"ez-toc-title-container\">\n<p class=\"ez-toc-title\" style=\"cursor:inherit\">Tabla de contenidos<\/p>\n<span class=\"ez-toc-title-toggle\"><a href=\"#\" class=\"ez-toc-pull-right ez-toc-btn ez-toc-btn-xs ez-toc-btn-default ez-toc-toggle\" aria-label=\"Alternar tabla de contenidos\"><span class=\"ez-toc-js-icon-con\"><span class=\"\"><span class=\"eztoc-hide\" style=\"display:none;\">Toggle<\/span><span class=\"ez-toc-icon-toggle-span\"><svg style=\"fill: #999;color:#999\" xmlns=\"http:\/\/www.w3.org\/2000\/svg\" class=\"list-377408\" width=\"20px\" height=\"20px\" viewBox=\"0 0 24 24\" fill=\"none\"><path d=\"M6 6H4v2h2V6zm14 0H8v2h12V6zM4 11h2v2H4v-2zm16 0H8v2h12v-2zM4 16h2v2H4v-2zm16 0H8v2h12v-2z\" fill=\"currentColor\"><\/path><\/svg><svg style=\"fill: #999;color:#999\" class=\"arrow-unsorted-368013\" xmlns=\"http:\/\/www.w3.org\/2000\/svg\" width=\"10px\" height=\"10px\" viewBox=\"0 0 24 24\" version=\"1.2\" baseProfile=\"tiny\"><path d=\"M18.2 9.3l-6.2-6.3-6.2 6.3c-.2.2-.3.4-.3.7s.1.5.3.7c.2.2.4.3.7.3h11c.3 0 .5-.1.7-.3.2-.2.3-.5.3-.7s-.1-.5-.3-.7zM5.8 14.7l6.2 6.3 6.2-6.3c.2-.2.3-.5.3-.7s-.1-.5-.3-.7c-.2-.2-.4-.3-.7-.3h-11c-.3 0-.5.1-.7.3-.2.2-.3.5-.3.7s.1.5.3.7z\"\/><\/svg><\/span><\/span><\/span><\/a><\/span><\/div>\n<nav><ul class='ez-toc-list ez-toc-list-level-1 ' ><li class='ez-toc-page-1 ez-toc-heading-level-2'><a class=\"ez-toc-link ez-toc-heading-1\" href=\"https:\/\/totenart.com\/noticias\/que-regalar\/artista-aficionado\/adulto\/#Material_artistico_de_diseno\" >Material art\u00edstico de dise\u00f1o<\/a><\/li><li class='ez-toc-page-1 ez-toc-heading-level-2'><a class=\"ez-toc-link ez-toc-heading-2\" href=\"https:\/\/totenart.com\/noticias\/que-regalar\/artista-aficionado\/adulto\/#Pintura_relajante\" >Pintura relajante<\/a><ul class='ez-toc-list-level-3' ><li class='ez-toc-heading-level-3'><a class=\"ez-toc-link ez-toc-heading-3\" href=\"https:\/\/totenart.com\/noticias\/que-regalar\/artista-aficionado\/adulto\/#Zentangle\" >Zentangle<\/a><\/li><li class='ez-toc-page-1 ez-toc-heading-level-3'><a class=\"ez-toc-link ez-toc-heading-4\" href=\"https:\/\/totenart.com\/noticias\/que-regalar\/artista-aficionado\/adulto\/#Pintura_por_numeros\" >Pintura por n\u00fameros<\/a><\/li><\/ul><\/li><li class='ez-toc-page-1 ez-toc-heading-level-2'><a class=\"ez-toc-link ez-toc-heading-5\" href=\"https:\/\/totenart.com\/noticias\/que-regalar\/artista-aficionado\/adulto\/#Kits_completos_de_pintura\" >Kits completos de pintura<\/a><\/li><\/ul><\/nav><\/div>\n","protected":false},"excerpt":{"rendered":"<p>Si est\u00e1s pensando en regalar algo a un adulto al que le gusta el arte pero no sabes por donde empezar&#8230; En este post encontrar\u00e1s todo lo necesario para acertar seguro. Sigue leyendo y encuentra el mejor regalo para adultos de este a\u00f1o: Material art\u00edstico de dise\u00f1o Si lo que quieres es hacer un regalo [&hellip;]<\/p>\n","protected":false},"author":13,"featured_media":16021,"parent":14678,"menu_order":0,"comment_status":"closed","ping_status":"closed","template":"","meta":{"footnotes":""},"class_list":["post-15796","page","type-page","status-publish","has-post-thumbnail","hentry"],"yoast_head":"<!-- This site is optimized with the Yoast SEO plugin v27.2 - https:\/\/yoast.com\/product\/yoast-seo-wordpress\/ -->\n<title>\u00bfQu\u00e9 regalar a un adulto que le gusta el arte? - Ideas de regalos<\/title>\n<meta name=\"description\" content=\"Algunas ideas para regalar a un adulto que le gusta el arte con los que acertar seguro: Kit de pintura para adultos, caja de pintura edici\u00f3n limitada...\" \/>\n<meta name=\"robots\" content=\"index, follow, max-snippet:-1, max-image-preview:large, max-video-preview:-1\" \/>\n<link rel=\"canonical\" href=\"https:\/\/totenart.com\/noticias\/que-regalar\/artista-aficionado\/adulto\/\" \/>\n<meta property=\"og:locale\" content=\"es_ES\" \/>\n<meta property=\"og:type\" content=\"article\" \/>\n<meta property=\"og:title\" content=\"\u00bfQu\u00e9 regalar a un adulto que le gusta el arte? - Ideas de regalos\" \/>\n<meta property=\"og:description\" content=\"Algunas ideas para regalar a un adulto que le gusta el arte con los que acertar seguro: Kit de pintura para adultos, caja de pintura edici\u00f3n limitada...\" \/>\n<meta property=\"og:url\" content=\"https:\/\/totenart.com\/noticias\/que-regalar\/artista-aficionado\/adulto\/\" \/>\n<meta property=\"og:site_name\" content=\"Noticias de Arte Totenart\" \/>\n<meta property=\"og:image\" content=\"https:\/\/totenart.com\/noticias\/wp-content\/uploads\/2021\/06\/cabecera-optimizda-1-2.jpg\" \/>\n\t<meta property=\"og:image:width\" content=\"720\" \/>\n\t<meta property=\"og:image:height\" content=\"300\" \/>\n\t<meta property=\"og:image:type\" content=\"image\/jpeg\" \/>\n<meta name=\"twitter:label1\" content=\"Tiempo de lectura\" \/>\n\t<meta name=\"twitter:data1\" content=\"4 minutos\" \/>\n<script type=\"application\/ld+json\" class=\"yoast-schema-graph\">{\"@context\":\"https:\/\/schema.org\",\"@graph\":[{\"@type\":\"WebPage\",\"@id\":\"https:\/\/totenart.com\/noticias\/que-regalar\/artista-aficionado\/adulto\/\",\"url\":\"https:\/\/totenart.com\/noticias\/que-regalar\/artista-aficionado\/adulto\/\",\"name\":\"\u00bfQu\u00e9 regalar a un adulto que le gusta el arte? - Ideas de regalos\",\"isPartOf\":{\"@id\":\"https:\/\/totenart.com\/noticias\/#website\"},\"primaryImageOfPage\":{\"@id\":\"https:\/\/totenart.com\/noticias\/que-regalar\/artista-aficionado\/adulto\/#primaryimage\"},\"image\":{\"@id\":\"https:\/\/totenart.com\/noticias\/que-regalar\/artista-aficionado\/adulto\/#primaryimage\"},\"thumbnailUrl\":\"https:\/\/totenart.com\/noticias\/wp-content\/uploads\/2021\/06\/cabecera-optimizda-1-2.jpg\",\"datePublished\":\"2021-06-11T13:10:19+00:00\",\"description\":\"Algunas ideas para regalar a un adulto que le gusta el arte con los que acertar seguro: Kit de pintura para adultos, caja de pintura edici\u00f3n limitada...\",\"breadcrumb\":{\"@id\":\"https:\/\/totenart.com\/noticias\/que-regalar\/artista-aficionado\/adulto\/#breadcrumb\"},\"inLanguage\":\"es\",\"potentialAction\":[{\"@type\":\"ReadAction\",\"target\":[\"https:\/\/totenart.com\/noticias\/que-regalar\/artista-aficionado\/adulto\/\"]}]},{\"@type\":\"ImageObject\",\"inLanguage\":\"es\",\"@id\":\"https:\/\/totenart.com\/noticias\/que-regalar\/artista-aficionado\/adulto\/#primaryimage\",\"url\":\"https:\/\/totenart.com\/noticias\/wp-content\/uploads\/2021\/06\/cabecera-optimizda-1-2.jpg\",\"contentUrl\":\"https:\/\/totenart.com\/noticias\/wp-content\/uploads\/2021\/06\/cabecera-optimizda-1-2.jpg\",\"width\":720,\"height\":300},{\"@type\":\"BreadcrumbList\",\"@id\":\"https:\/\/totenart.com\/noticias\/que-regalar\/artista-aficionado\/adulto\/#breadcrumb\",\"itemListElement\":[{\"@type\":\"ListItem\",\"position\":1,\"name\":\"Portada\",\"item\":\"https:\/\/totenart.com\/noticias\/\"},{\"@type\":\"ListItem\",\"position\":2,\"name\":\"\u00bfQu\u00e9 regalar a un artista?\",\"item\":\"https:\/\/totenart.com\/noticias\/que-regalar\/\"},{\"@type\":\"ListItem\",\"position\":3,\"name\":\"Que regalar a un artista aficionado\",\"item\":\"https:\/\/totenart.com\/noticias\/que-regalar\/artista-aficionado\/\"},{\"@type\":\"ListItem\",\"position\":4,\"name\":\"\u00bfQu\u00e9 regalar a un adulto que le gusta el arte?\"}]},{\"@type\":\"WebSite\",\"@id\":\"https:\/\/totenart.com\/noticias\/#website\",\"url\":\"https:\/\/totenart.com\/noticias\/\",\"name\":\"Noticias de Arte Totenart\",\"description\":\"Blog de noticias del mundo del arte: exposiciones, eventos, nuevos productos y materiales para artistas...\",\"potentialAction\":[{\"@type\":\"SearchAction\",\"target\":{\"@type\":\"EntryPoint\",\"urlTemplate\":\"https:\/\/totenart.com\/noticias\/?s={search_term_string}\"},\"query-input\":{\"@type\":\"PropertyValueSpecification\",\"valueRequired\":true,\"valueName\":\"search_term_string\"}}],\"inLanguage\":\"es\"}]}<\/script>\n<!-- \/ Yoast SEO plugin. -->","yoast_head_json":{"title":"\u00bfQu\u00e9 regalar a un adulto que le gusta el arte? - Ideas de regalos","description":"Algunas ideas para regalar a un adulto que le gusta el arte con los que acertar seguro: Kit de pintura para adultos, caja de pintura edici\u00f3n limitada...","robots":{"index":"index","follow":"follow","max-snippet":"max-snippet:-1","max-image-preview":"max-image-preview:large","max-video-preview":"max-video-preview:-1"},"canonical":"https:\/\/totenart.com\/noticias\/que-regalar\/artista-aficionado\/adulto\/","og_locale":"es_ES","og_type":"article","og_title":"\u00bfQu\u00e9 regalar a un adulto que le gusta el arte? - Ideas de regalos","og_description":"Algunas ideas para regalar a un adulto que le gusta el arte con los que acertar seguro: Kit de pintura para adultos, caja de pintura edici\u00f3n limitada...","og_url":"https:\/\/totenart.com\/noticias\/que-regalar\/artista-aficionado\/adulto\/","og_site_name":"Noticias de Arte Totenart","og_image":[{"width":720,"height":300,"url":"https:\/\/totenart.com\/noticias\/wp-content\/uploads\/2021\/06\/cabecera-optimizda-1-2.jpg","type":"image\/jpeg"}],"twitter_misc":{"Tiempo de lectura":"4 minutos"},"schema":{"@context":"https:\/\/schema.org","@graph":[{"@type":"WebPage","@id":"https:\/\/totenart.com\/noticias\/que-regalar\/artista-aficionado\/adulto\/","url":"https:\/\/totenart.com\/noticias\/que-regalar\/artista-aficionado\/adulto\/","name":"\u00bfQu\u00e9 regalar a un adulto que le gusta el arte? - Ideas de regalos","isPartOf":{"@id":"https:\/\/totenart.com\/noticias\/#website"},"primaryImageOfPage":{"@id":"https:\/\/totenart.com\/noticias\/que-regalar\/artista-aficionado\/adulto\/#primaryimage"},"image":{"@id":"https:\/\/totenart.com\/noticias\/que-regalar\/artista-aficionado\/adulto\/#primaryimage"},"thumbnailUrl":"https:\/\/totenart.com\/noticias\/wp-content\/uploads\/2021\/06\/cabecera-optimizda-1-2.jpg","datePublished":"2021-06-11T13:10:19+00:00","description":"Algunas ideas para regalar a un adulto que le gusta el arte con los que acertar seguro: Kit de pintura para adultos, caja de pintura edici\u00f3n limitada...","breadcrumb":{"@id":"https:\/\/totenart.com\/noticias\/que-regalar\/artista-aficionado\/adulto\/#breadcrumb"},"inLanguage":"es","potentialAction":[{"@type":"ReadAction","target":["https:\/\/totenart.com\/noticias\/que-regalar\/artista-aficionado\/adulto\/"]}]},{"@type":"ImageObject","inLanguage":"es","@id":"https:\/\/totenart.com\/noticias\/que-regalar\/artista-aficionado\/adulto\/#primaryimage","url":"https:\/\/totenart.com\/noticias\/wp-content\/uploads\/2021\/06\/cabecera-optimizda-1-2.jpg","contentUrl":"https:\/\/totenart.com\/noticias\/wp-content\/uploads\/2021\/06\/cabecera-optimizda-1-2.jpg","width":720,"height":300},{"@type":"BreadcrumbList","@id":"https:\/\/totenart.com\/noticias\/que-regalar\/artista-aficionado\/adulto\/#breadcrumb","itemListElement":[{"@type":"ListItem","position":1,"name":"Portada","item":"https:\/\/totenart.com\/noticias\/"},{"@type":"ListItem","position":2,"name":"\u00bfQu\u00e9 regalar a un artista?","item":"https:\/\/totenart.com\/noticias\/que-regalar\/"},{"@type":"ListItem","position":3,"name":"Que regalar a un artista aficionado","item":"https:\/\/totenart.com\/noticias\/que-regalar\/artista-aficionado\/"},{"@type":"ListItem","position":4,"name":"\u00bfQu\u00e9 regalar a un adulto que le gusta el arte?"}]},{"@type":"WebSite","@id":"https:\/\/totenart.com\/noticias\/#website","url":"https:\/\/totenart.com\/noticias\/","name":"Noticias de Arte Totenart","description":"Blog de noticias del mundo del arte: exposiciones, eventos, nuevos productos y materiales para artistas...","potentialAction":[{"@type":"SearchAction","target":{"@type":"EntryPoint","urlTemplate":"https:\/\/totenart.com\/noticias\/?s={search_term_string}"},"query-input":{"@type":"PropertyValueSpecification","valueRequired":true,"valueName":"search_term_string"}}],"inLanguage":"es"}]}},"_links":{"self":[{"href":"https:\/\/totenart.com\/noticias\/wp-json\/wp\/v2\/pages\/15796","targetHints":{"allow":["GET"]}}],"collection":[{"href":"https:\/\/totenart.com\/noticias\/wp-json\/wp\/v2\/pages"}],"about":[{"href":"https:\/\/totenart.com\/noticias\/wp-json\/wp\/v2\/types\/page"}],"author":[{"embeddable":true,"href":"https:\/\/totenart.com\/noticias\/wp-json\/wp\/v2\/users\/13"}],"replies":[{"embeddable":true,"href":"https:\/\/totenart.com\/noticias\/wp-json\/wp\/v2\/comments?post=15796"}],"version-history":[{"count":3,"href":"https:\/\/totenart.com\/noticias\/wp-json\/wp\/v2\/pages\/15796\/revisions"}],"predecessor-version":[{"id":16034,"href":"https:\/\/totenart.com\/noticias\/wp-json\/wp\/v2\/pages\/15796\/revisions\/16034"}],"up":[{"embeddable":true,"href":"https:\/\/totenart.com\/noticias\/wp-json\/wp\/v2\/pages\/14678"}],"wp:featuredmedia":[{"embeddable":true,"href":"https:\/\/totenart.com\/noticias\/wp-json\/wp\/v2\/media\/16021"}],"wp:attachment":[{"href":"https:\/\/totenart.com\/noticias\/wp-json\/wp\/v2\/media?parent=15796"}],"curies":[{"name":"wp","href":"https:\/\/api.w.org\/{rel}","templated":true}]}}