



{"id":16405,"date":"2021-07-29T11:53:41","date_gmt":"2021-07-29T09:53:41","guid":{"rendered":"https:\/\/totenart.com\/noticias\/?page_id=16405"},"modified":"2021-07-29T11:53:41","modified_gmt":"2021-07-29T09:53:41","slug":"graffiti","status":"publish","type":"page","link":"https:\/\/totenart.com\/noticias\/que-regalar\/artista-aficionado\/graffiti\/","title":{"rendered":"Qu\u00e9 regalar a alguien que le gusta el graffiti"},"content":{"rendered":"<h1><span class=\"ez-toc-section\" id=\"Regalos_para_amantes_del_graffiti\"><\/span>Regalos para amantes del graffiti<span class=\"ez-toc-section-end\"><\/span><\/h1>\n<p>Si tienes que hace un regalo a un artista del graffiti, lo mejor que puedes hacer es apoyar su arte. Como sabemos que es muy complicado hemos seleccionado algunas de nuestras propuestas para regalar a amantes del grafiti. As\u00ed que, a continuaci\u00f3n te dejamos algunas de nuestras <strong>ideas para regalar a grafiteros\u00a0<\/strong>con las que acertar seguro:<\/p>\n<h2><span class=\"ez-toc-section\" id=\"Pintura_para_grafiti\"><\/span>Pintura para grafiti<span class=\"ez-toc-section-end\"><\/span><\/h2>\n<p>Entre los regalos para una persona que se dedica a hacer grafitis, lo que nunca falla son los Sprais. En este caso te dejamos con los <span style=\"text-decoration: underline;\"><a href=\"https:\/\/totenart.com\/otras-pinturas\/pinturas-en-spray\/liquitex-spray-acrilico-color?utm_source=post&amp;utm_medium=que-regalar&amp;utm_campaign=aficionado-graffiti\">sprais acr\u00edlicos de Liquitex<\/a><\/span>, una <strong>gama ideal para regalar a un amante de graffiti.\u00a0<\/strong>Esta pintura en aerosol est\u00e1 fabricada con pigmentos de alta calidad muy resistentes a la luz. A diferencia de los sprais normales, es <strong>una pintura sin olor pensada para interior y exterior. <\/strong>Tambi\u00e9n destaca por ser una f\u00f3rmula sin humos y de f\u00e1cil limpieza.<\/p>\n<div id=\"attachment_16416\" style=\"width: 710px\" class=\"wp-caption aligncenter\"><img loading=\"lazy\" decoding=\"async\" aria-describedby=\"caption-attachment-16416\" class=\"wp-image-16416 size-full\" src=\"https:\/\/totenart.com\/noticias\/wp-content\/uploads\/2021\/07\/que-regalar-a-un-grafitero-1-2.jpg\" alt=\"que-spray-regalar-a-un-grafitero\" width=\"700\" height=\"217\" srcset=\"https:\/\/totenart.com\/noticias\/wp-content\/uploads\/2021\/07\/que-regalar-a-un-grafitero-1-2.jpg 700w, https:\/\/totenart.com\/noticias\/wp-content\/uploads\/2021\/07\/que-regalar-a-un-grafitero-1-2-300x93.jpg 300w\" sizes=\"auto, (max-width: 700px) 100vw, 700px\" \/><p id=\"caption-attachment-16416\" class=\"wp-caption-text\">Compra los rotuladores acr\u00edlicos Liquitex en <a href=\"https:\/\/totenart.com\/otras-pinturas\/pinturas-en-spray\/liquitex-spray-acrilico-color?utm_source=post&amp;utm_medium=que-regalar&amp;utm_campaign=aficionado-graffiti\" target=\"_blank\" rel=\"noopener\">Totenart<\/a><\/p><\/div>\n<p>Adem\u00e1s, la marca <a href=\"https:\/\/totenart.com\/liquitex?utm_source=post&amp;utm_medium=que-regalar&amp;utm_campaign=aficionado-graffiti\" target=\"_blank\" rel=\"noopener\"><span style=\"text-decoration: underline;\">Liquitex<\/span><\/a> destaca por su intermixabilidad. Es decir, por su<strong> capacidad para mezclarse y combinarse con el resto de pinturas de la gama<\/strong>. Por ese motivo, es una pintura perfecta para realizar trabajos con t\u00e9cnica mixta. Gracias a esta caracter\u00edstica, cualquier grafitero podr\u00e1 mezclar sus sprais con <a href=\"https:\/\/totenart.com\/otras-pinturas\/pinturas-en-spray\/liquitex-spray-acrilico-color?utm_source=post&amp;utm_medium=que-regalar&amp;utm_campaign=aficionado-graffiti\" target=\"_blank\" rel=\"noopener\"><span style=\"text-decoration: underline;\">rotuladores acr\u00edlicos Liquitex<\/span><\/a> o con pintura acr\u00edlica l\u00edquida \u00a1Un regalo super original para probar distintas t\u00e9cnicas!<\/p>\n<h3><span class=\"ez-toc-section\" id=\"Rotuladores_al_alcohol\"><\/span>Rotuladores al alcohol<span class=\"ez-toc-section-end\"><\/span><\/h3>\n<p>Si tu amante de los grafitis est\u00e1 todav\u00eda aprendiendo te proponemos un regalo m\u00e1s \u00fatil. Los <a href=\"https:\/\/totenart.com\/otras-pinturas\/rotuladores\/estuches-de-rotuladores?tipo=247&amp;utm_source=post&amp;utm_medium=que-regalar&amp;utm_campaign=aficionado-graffiti\" target=\"_blank\" rel=\"noopener\">rotuladores al alcohol <\/a>son un indispensable a la hora de realizar bocetos. Estos rotuladores son los m\u00e1s utilizados por grafiteros a la hora de crear sus obras sobre papel. Por este motivo, si quieres hacer un <strong>regalo a un grafitero o grafitera que est\u00e1 empezando<\/strong> te recomendamos los <a href=\"https:\/\/totenart.com\/material-dibujo\/rotulador-promarker-y-flexmarker?utm_source=post&amp;utm_medium=que-regalar&amp;utm_campaign=aficionado-graffiti\" target=\"_blank\" rel=\"noopener\"><span style=\"text-decoration: underline;\">rotuladores Promarker<\/span><\/a>.<\/p>\n<div id=\"attachment_16432\" style=\"width: 710px\" class=\"wp-caption aligncenter\"><img loading=\"lazy\" decoding=\"async\" aria-describedby=\"caption-attachment-16432\" class=\"wp-image-16432 size-full\" src=\"https:\/\/totenart.com\/noticias\/wp-content\/uploads\/2021\/07\/rotuladores-promarker-1.jpg\" alt=\"regalos-para-artistas-del-graffiti\" width=\"700\" height=\"220\" srcset=\"https:\/\/totenart.com\/noticias\/wp-content\/uploads\/2021\/07\/rotuladores-promarker-1.jpg 700w, https:\/\/totenart.com\/noticias\/wp-content\/uploads\/2021\/07\/rotuladores-promarker-1-300x94.jpg 300w\" sizes=\"auto, (max-width: 700px) 100vw, 700px\" \/><p id=\"caption-attachment-16432\" class=\"wp-caption-text\">Compra los rotuladores Promarker en <a href=\"https:\/\/totenart.com\/material-dibujo\/rotulador-promarker-y-flexmarker?utm_source=post&amp;utm_medium=que-regalar&amp;utm_campaign=aficionado-graffiti\" target=\"_blank\" rel=\"noopener\">Totenart<\/a><\/p><\/div>\n<p>Gracias a la <strong>doble punta de los rotuladores al alcohol promarker<\/strong> podr\u00e1 realizar esbozos de sus obras antes de pasarlas a la pared. De esta forma, podr\u00e1 llevar practicar antes de coger el spray as\u00ed como hacer estudios de color y forma.<\/p>\n<h2><span class=\"ez-toc-section\" id=\"Regala_papel_para_graffiti\"><\/span>Regala papel para graffiti<span class=\"ez-toc-section-end\"><\/span><\/h2>\n<p>El <strong>papel para grafiti<\/strong> se ha convertido desde su lanzamiento en uno de los <strong>mejores regalos para grafiteros.<\/strong> El <a href=\"https:\/\/totenart.com\/canson-the-wall-block-30h-220-gr-a4?utm_source=post&amp;utm_medium=que-regalar&amp;utm_campaign=aficionado-graffiti\" target=\"_blank\" rel=\"noopener\"><span style=\"text-decoration: underline;\">papel Canson The Wall<\/span> <\/a>destaca entre otros por su capacidad de absorci\u00f3n y resistencia. Gracias a su grosor, este papel permite su utilizaci\u00f3n por ambos lados. Sus 220 gr hace que los colores no traspasen a pesar de que se pinte repetidamente. As\u00ed, se pueden realizar grandes superficies con una gran carga de pintura por ambos lados sin ning\u00fan problema. De esta forma el papel se aprovecha mucho m\u00e1s, permitiendo realizar una obra por cada una de sus caras.<\/p>\n<div id=\"attachment_16410\" style=\"width: 710px\" class=\"wp-caption aligncenter\"><img loading=\"lazy\" decoding=\"async\" aria-describedby=\"caption-attachment-16410\" class=\"wp-image-16410 size-full\" src=\"https:\/\/totenart.com\/noticias\/wp-content\/uploads\/2021\/07\/que-regalar-a-un-grafitero.jpg\" alt=\"totenart-que-regalar-alguien-que-le-gusta-el-graffiti\" width=\"700\" height=\"221\" srcset=\"https:\/\/totenart.com\/noticias\/wp-content\/uploads\/2021\/07\/que-regalar-a-un-grafitero.jpg 700w, https:\/\/totenart.com\/noticias\/wp-content\/uploads\/2021\/07\/que-regalar-a-un-grafitero-300x95.jpg 300w\" sizes=\"auto, (max-width: 700px) 100vw, 700px\" \/><p id=\"caption-attachment-16410\" class=\"wp-caption-text\">Compra papel Canson The Wall en <a href=\"https:\/\/totenart.com\/canson-the-wall-block-30h-220-gr-a4?utm_source=post&amp;utm_medium=que-regalar&amp;utm_campaign=aficionado-graffiti\" target=\"_blank\" rel=\"noopener\">Totenart<\/a><\/p><\/div>\n<p>Aunque por su composici\u00f3n est\u00e1 destinado tambi\u00e9n a<strong> ilustradores y dise\u00f1adores, est\u00e1 pensado para artistas del graffiti.<\/strong> Sobre todo si est\u00e1s buscando una superficie similar a la pared desde la comodidad de un block. Entre otras t\u00e9cnicas, este <a href=\"https:\/\/totenart.com\/canson-the-wall-rollo-220-gr?utm_source=post&amp;utm_medium=que-regalar&amp;utm_campaign=aficionado-graffiti\" target=\"_blank\" rel=\"noopener\">papel para grafiti<\/a> es ideal para rotuladores al alcohol y sprais de pintura.<\/p>\n<h2><span class=\"ez-toc-section\" id=\"Aerografos\"><\/span>Aer\u00f3grafos<span class=\"ez-toc-section-end\"><\/span><\/h2>\n<p>Otra propuesta muy interesante para artistas a los que le gusta el grafiti son los <a href=\"https:\/\/totenart.com\/equipamiento-de-estudio\/equipamiento-para-aerografia?utm_source=post&amp;utm_medium=que-regalar&amp;utm_campaign=aficionado-graffiti\" target=\"_blank\" rel=\"noopener\"><span style=\"text-decoration: underline;\">aer\u00f3grafos<\/span><\/a>. Estos peque\u00f1os aparatos son <strong>ideales para trabajar t\u00e9cnicas similares a las del gaffiti de una forma c\u00f3moda y segura<\/strong>. Gracias a los aer\u00f3grafos tu grafitera o grafitero favorito podr\u00e1 aprender a controlar la presi\u00f3n de una forma m\u00e1s limpia que con los sprais.<\/p>\n<div id=\"attachment_16435\" style=\"width: 710px\" class=\"wp-caption aligncenter\"><img loading=\"lazy\" decoding=\"async\" aria-describedby=\"caption-attachment-16435\" class=\"wp-image-16435 size-full\" src=\"https:\/\/totenart.com\/noticias\/wp-content\/uploads\/2021\/07\/que-regalar-a-un-grafitero-2-1.jpg\" alt=\"ideas-de-regalos-para-un-amante-del-grafiti\" width=\"700\" height=\"207\" srcset=\"https:\/\/totenart.com\/noticias\/wp-content\/uploads\/2021\/07\/que-regalar-a-un-grafitero-2-1.jpg 700w, https:\/\/totenart.com\/noticias\/wp-content\/uploads\/2021\/07\/que-regalar-a-un-grafitero-2-1-300x89.jpg 300w\" sizes=\"auto, (max-width: 700px) 100vw, 700px\" \/><p id=\"caption-attachment-16435\" class=\"wp-caption-text\">Compra aer\u00f3grafos en <a href=\"https:\/\/totenart.com\/equipamiento-de-estudio\/equipamiento-para-aerografia?utm_source=post&amp;utm_medium=que-regalar&amp;utm_campaign=aficionado-graffiti\" target=\"_blank\" rel=\"noopener\">Totenart<\/a><\/p><\/div>\n<p>Para empezar, puedes optar por regalar un aer\u00f3grafo <a href=\"https:\/\/totenart.com\/aerografo-ultra-harder-steenbeck?utm_source=post&amp;utm_medium=que-regalar&amp;utm_campaign=aficionado-graffiti\" target=\"_blank\" rel=\"noopener\">Ultra Harder &amp; Steenbeck<\/a>, ideal para principiantes. <strong>Este aer\u00f3grafo es muy sencillo de utilizar<\/strong> por lo que cualquiera podr\u00e1 lanzarse en la t\u00e9cnica de aerograf\u00eda. Adem\u00e1s, estos aer\u00f3grafos permiten la utilizaci\u00f3n de m\u00faltiples pinturas. Nuestra recomendaci\u00f3n es que optes por las <a href=\"https:\/\/totenart.com\/otras-pinturas\/tinta-china-y-de-dibujo\/todas-las-tintas-chinas-y-de-dibujo\/tintas-acrilicas-liquitex\" target=\"_blank\" rel=\"noopener\">tintas acr\u00edlicas Liquitex<\/a>. Por su opacidad, <strong>estas tintas simular\u00e1n perfectamente la pintura de un Spray acr\u00edlico<\/strong> \u00a1Y se pueden mezclar con ellos!<\/p>\n<p style=\"text-align: center;\">\u00bfQuieres m\u00e1s ideas de regalos para artistas? P\u00e1sate por nuestro post sobre <a href=\"https:\/\/totenart.com\/noticias\/que-regalar\/dibujante\/ilustrador\/\" target=\"_blank\" rel=\"noopener\">qu\u00e9 regalar a un ilustrador<\/a>.<\/p>\n<div id=\"ez-toc-container\" class=\"ez-toc-v2_0_82_1 counter-hierarchy ez-toc-counter ez-toc-grey ez-toc-container-direction\">\n<div class=\"ez-toc-title-container\">\n<p class=\"ez-toc-title\" style=\"cursor:inherit\">Tabla de contenidos<\/p>\n<span class=\"ez-toc-title-toggle\"><a href=\"#\" class=\"ez-toc-pull-right ez-toc-btn ez-toc-btn-xs ez-toc-btn-default ez-toc-toggle\" aria-label=\"Alternar tabla de contenidos\"><span class=\"ez-toc-js-icon-con\"><span class=\"\"><span class=\"eztoc-hide\" style=\"display:none;\">Toggle<\/span><span class=\"ez-toc-icon-toggle-span\"><svg style=\"fill: #999;color:#999\" xmlns=\"http:\/\/www.w3.org\/2000\/svg\" class=\"list-377408\" width=\"20px\" height=\"20px\" viewBox=\"0 0 24 24\" fill=\"none\"><path d=\"M6 6H4v2h2V6zm14 0H8v2h12V6zM4 11h2v2H4v-2zm16 0H8v2h12v-2zM4 16h2v2H4v-2zm16 0H8v2h12v-2z\" fill=\"currentColor\"><\/path><\/svg><svg style=\"fill: #999;color:#999\" class=\"arrow-unsorted-368013\" xmlns=\"http:\/\/www.w3.org\/2000\/svg\" width=\"10px\" height=\"10px\" viewBox=\"0 0 24 24\" version=\"1.2\" baseProfile=\"tiny\"><path d=\"M18.2 9.3l-6.2-6.3-6.2 6.3c-.2.2-.3.4-.3.7s.1.5.3.7c.2.2.4.3.7.3h11c.3 0 .5-.1.7-.3.2-.2.3-.5.3-.7s-.1-.5-.3-.7zM5.8 14.7l6.2 6.3 6.2-6.3c.2-.2.3-.5.3-.7s-.1-.5-.3-.7c-.2-.2-.4-.3-.7-.3h-11c-.3 0-.5.1-.7.3-.2.2-.3.5-.3.7s.1.5.3.7z\"\/><\/svg><\/span><\/span><\/span><\/a><\/span><\/div>\n<nav><ul class='ez-toc-list ez-toc-list-level-1 ' ><li class='ez-toc-page-1 ez-toc-heading-level-1'><a class=\"ez-toc-link ez-toc-heading-1\" href=\"https:\/\/totenart.com\/noticias\/que-regalar\/artista-aficionado\/graffiti\/#Regalos_para_amantes_del_graffiti\" >Regalos para amantes del graffiti<\/a><ul class='ez-toc-list-level-2' ><li class='ez-toc-heading-level-2'><a class=\"ez-toc-link ez-toc-heading-2\" href=\"https:\/\/totenart.com\/noticias\/que-regalar\/artista-aficionado\/graffiti\/#Pintura_para_grafiti\" >Pintura para grafiti<\/a><ul class='ez-toc-list-level-3' ><li class='ez-toc-heading-level-3'><a class=\"ez-toc-link ez-toc-heading-3\" href=\"https:\/\/totenart.com\/noticias\/que-regalar\/artista-aficionado\/graffiti\/#Rotuladores_al_alcohol\" >Rotuladores al alcohol<\/a><\/li><\/ul><\/li><li class='ez-toc-page-1 ez-toc-heading-level-2'><a class=\"ez-toc-link ez-toc-heading-4\" href=\"https:\/\/totenart.com\/noticias\/que-regalar\/artista-aficionado\/graffiti\/#Regala_papel_para_graffiti\" >Regala papel para graffiti<\/a><\/li><li class='ez-toc-page-1 ez-toc-heading-level-2'><a class=\"ez-toc-link ez-toc-heading-5\" href=\"https:\/\/totenart.com\/noticias\/que-regalar\/artista-aficionado\/graffiti\/#Aerografos\" >Aer\u00f3grafos<\/a><\/li><\/ul><\/li><\/ul><\/nav><\/div>\n","protected":false},"excerpt":{"rendered":"<p>Regalos para amantes del graffiti Si tienes que hace un regalo a un artista del graffiti, lo mejor que puedes hacer es apoyar su arte. Como sabemos que es muy complicado hemos seleccionado algunas de nuestras propuestas para regalar a amantes del grafiti. As\u00ed que, a continuaci\u00f3n te dejamos algunas de nuestras ideas para regalar [&hellip;]<\/p>\n","protected":false},"author":13,"featured_media":16412,"parent":14678,"menu_order":0,"comment_status":"closed","ping_status":"closed","template":"","meta":{"footnotes":""},"class_list":["post-16405","page","type-page","status-publish","has-post-thumbnail","hentry"],"yoast_head":"<!-- This site is optimized with the Yoast SEO plugin v27.2 - https:\/\/yoast.com\/product\/yoast-seo-wordpress\/ -->\n<title>Qu\u00e9 regalar a alguien que le gusta el graffiti - Noticias de Arte Totenart<\/title>\n<meta name=\"description\" content=\"Ideas para regalar a amantes del graffiti \u00a1Y acertar seguro! Los mejores sprais, rotuladores y complementos para regalar a un grafitero o grafitera\" \/>\n<meta name=\"robots\" content=\"index, follow, max-snippet:-1, max-image-preview:large, max-video-preview:-1\" \/>\n<link rel=\"canonical\" href=\"https:\/\/totenart.com\/noticias\/que-regalar\/artista-aficionado\/graffiti\/\" \/>\n<meta property=\"og:locale\" content=\"es_ES\" \/>\n<meta property=\"og:type\" content=\"article\" \/>\n<meta property=\"og:title\" content=\"Qu\u00e9 regalar a alguien que le gusta el graffiti - Noticias de Arte Totenart\" \/>\n<meta property=\"og:description\" content=\"Ideas para regalar a amantes del graffiti \u00a1Y acertar seguro! Los mejores sprais, rotuladores y complementos para regalar a un grafitero o grafitera\" \/>\n<meta property=\"og:url\" content=\"https:\/\/totenart.com\/noticias\/que-regalar\/artista-aficionado\/graffiti\/\" \/>\n<meta property=\"og:site_name\" content=\"Noticias de Arte Totenart\" \/>\n<meta property=\"og:image\" content=\"https:\/\/totenart.com\/noticias\/wp-content\/uploads\/2021\/07\/cabecera-2-3.jpg\" \/>\n\t<meta property=\"og:image:width\" content=\"749\" \/>\n\t<meta property=\"og:image:height\" content=\"200\" \/>\n\t<meta property=\"og:image:type\" content=\"image\/jpeg\" \/>\n<meta name=\"twitter:label1\" content=\"Tiempo de lectura\" \/>\n\t<meta name=\"twitter:data1\" content=\"4 minutos\" \/>\n<script type=\"application\/ld+json\" class=\"yoast-schema-graph\">{\"@context\":\"https:\/\/schema.org\",\"@graph\":[{\"@type\":\"WebPage\",\"@id\":\"https:\/\/totenart.com\/noticias\/que-regalar\/artista-aficionado\/graffiti\/\",\"url\":\"https:\/\/totenart.com\/noticias\/que-regalar\/artista-aficionado\/graffiti\/\",\"name\":\"Qu\u00e9 regalar a alguien que le gusta el graffiti - Noticias de Arte Totenart\",\"isPartOf\":{\"@id\":\"https:\/\/totenart.com\/noticias\/#website\"},\"primaryImageOfPage\":{\"@id\":\"https:\/\/totenart.com\/noticias\/que-regalar\/artista-aficionado\/graffiti\/#primaryimage\"},\"image\":{\"@id\":\"https:\/\/totenart.com\/noticias\/que-regalar\/artista-aficionado\/graffiti\/#primaryimage\"},\"thumbnailUrl\":\"https:\/\/totenart.com\/noticias\/wp-content\/uploads\/2021\/07\/cabecera-2-3.jpg\",\"datePublished\":\"2021-07-29T09:53:41+00:00\",\"description\":\"Ideas para regalar a amantes del graffiti \u00a1Y acertar seguro! Los mejores sprais, rotuladores y complementos para regalar a un grafitero o grafitera\",\"breadcrumb\":{\"@id\":\"https:\/\/totenart.com\/noticias\/que-regalar\/artista-aficionado\/graffiti\/#breadcrumb\"},\"inLanguage\":\"es\",\"potentialAction\":[{\"@type\":\"ReadAction\",\"target\":[\"https:\/\/totenart.com\/noticias\/que-regalar\/artista-aficionado\/graffiti\/\"]}]},{\"@type\":\"ImageObject\",\"inLanguage\":\"es\",\"@id\":\"https:\/\/totenart.com\/noticias\/que-regalar\/artista-aficionado\/graffiti\/#primaryimage\",\"url\":\"https:\/\/totenart.com\/noticias\/wp-content\/uploads\/2021\/07\/cabecera-2-3.jpg\",\"contentUrl\":\"https:\/\/totenart.com\/noticias\/wp-content\/uploads\/2021\/07\/cabecera-2-3.jpg\",\"width\":749,\"height\":200},{\"@type\":\"BreadcrumbList\",\"@id\":\"https:\/\/totenart.com\/noticias\/que-regalar\/artista-aficionado\/graffiti\/#breadcrumb\",\"itemListElement\":[{\"@type\":\"ListItem\",\"position\":1,\"name\":\"Portada\",\"item\":\"https:\/\/totenart.com\/noticias\/\"},{\"@type\":\"ListItem\",\"position\":2,\"name\":\"\u00bfQu\u00e9 regalar a un artista?\",\"item\":\"https:\/\/totenart.com\/noticias\/que-regalar\/\"},{\"@type\":\"ListItem\",\"position\":3,\"name\":\"Que regalar a un artista aficionado\",\"item\":\"https:\/\/totenart.com\/noticias\/que-regalar\/artista-aficionado\/\"},{\"@type\":\"ListItem\",\"position\":4,\"name\":\"Qu\u00e9 regalar a alguien que le gusta el graffiti\"}]},{\"@type\":\"WebSite\",\"@id\":\"https:\/\/totenart.com\/noticias\/#website\",\"url\":\"https:\/\/totenart.com\/noticias\/\",\"name\":\"Noticias de Arte Totenart\",\"description\":\"Blog de noticias del mundo del arte: exposiciones, eventos, nuevos productos y materiales para artistas...\",\"potentialAction\":[{\"@type\":\"SearchAction\",\"target\":{\"@type\":\"EntryPoint\",\"urlTemplate\":\"https:\/\/totenart.com\/noticias\/?s={search_term_string}\"},\"query-input\":{\"@type\":\"PropertyValueSpecification\",\"valueRequired\":true,\"valueName\":\"search_term_string\"}}],\"inLanguage\":\"es\"}]}<\/script>\n<!-- \/ Yoast SEO plugin. -->","yoast_head_json":{"title":"Qu\u00e9 regalar a alguien que le gusta el graffiti - Noticias de Arte Totenart","description":"Ideas para regalar a amantes del graffiti \u00a1Y acertar seguro! Los mejores sprais, rotuladores y complementos para regalar a un grafitero o grafitera","robots":{"index":"index","follow":"follow","max-snippet":"max-snippet:-1","max-image-preview":"max-image-preview:large","max-video-preview":"max-video-preview:-1"},"canonical":"https:\/\/totenart.com\/noticias\/que-regalar\/artista-aficionado\/graffiti\/","og_locale":"es_ES","og_type":"article","og_title":"Qu\u00e9 regalar a alguien que le gusta el graffiti - Noticias de Arte Totenart","og_description":"Ideas para regalar a amantes del graffiti \u00a1Y acertar seguro! Los mejores sprais, rotuladores y complementos para regalar a un grafitero o grafitera","og_url":"https:\/\/totenart.com\/noticias\/que-regalar\/artista-aficionado\/graffiti\/","og_site_name":"Noticias de Arte Totenart","og_image":[{"width":749,"height":200,"url":"https:\/\/totenart.com\/noticias\/wp-content\/uploads\/2021\/07\/cabecera-2-3.jpg","type":"image\/jpeg"}],"twitter_misc":{"Tiempo de lectura":"4 minutos"},"schema":{"@context":"https:\/\/schema.org","@graph":[{"@type":"WebPage","@id":"https:\/\/totenart.com\/noticias\/que-regalar\/artista-aficionado\/graffiti\/","url":"https:\/\/totenart.com\/noticias\/que-regalar\/artista-aficionado\/graffiti\/","name":"Qu\u00e9 regalar a alguien que le gusta el graffiti - Noticias de Arte Totenart","isPartOf":{"@id":"https:\/\/totenart.com\/noticias\/#website"},"primaryImageOfPage":{"@id":"https:\/\/totenart.com\/noticias\/que-regalar\/artista-aficionado\/graffiti\/#primaryimage"},"image":{"@id":"https:\/\/totenart.com\/noticias\/que-regalar\/artista-aficionado\/graffiti\/#primaryimage"},"thumbnailUrl":"https:\/\/totenart.com\/noticias\/wp-content\/uploads\/2021\/07\/cabecera-2-3.jpg","datePublished":"2021-07-29T09:53:41+00:00","description":"Ideas para regalar a amantes del graffiti \u00a1Y acertar seguro! Los mejores sprais, rotuladores y complementos para regalar a un grafitero o grafitera","breadcrumb":{"@id":"https:\/\/totenart.com\/noticias\/que-regalar\/artista-aficionado\/graffiti\/#breadcrumb"},"inLanguage":"es","potentialAction":[{"@type":"ReadAction","target":["https:\/\/totenart.com\/noticias\/que-regalar\/artista-aficionado\/graffiti\/"]}]},{"@type":"ImageObject","inLanguage":"es","@id":"https:\/\/totenart.com\/noticias\/que-regalar\/artista-aficionado\/graffiti\/#primaryimage","url":"https:\/\/totenart.com\/noticias\/wp-content\/uploads\/2021\/07\/cabecera-2-3.jpg","contentUrl":"https:\/\/totenart.com\/noticias\/wp-content\/uploads\/2021\/07\/cabecera-2-3.jpg","width":749,"height":200},{"@type":"BreadcrumbList","@id":"https:\/\/totenart.com\/noticias\/que-regalar\/artista-aficionado\/graffiti\/#breadcrumb","itemListElement":[{"@type":"ListItem","position":1,"name":"Portada","item":"https:\/\/totenart.com\/noticias\/"},{"@type":"ListItem","position":2,"name":"\u00bfQu\u00e9 regalar a un artista?","item":"https:\/\/totenart.com\/noticias\/que-regalar\/"},{"@type":"ListItem","position":3,"name":"Que regalar a un artista aficionado","item":"https:\/\/totenart.com\/noticias\/que-regalar\/artista-aficionado\/"},{"@type":"ListItem","position":4,"name":"Qu\u00e9 regalar a alguien que le gusta el graffiti"}]},{"@type":"WebSite","@id":"https:\/\/totenart.com\/noticias\/#website","url":"https:\/\/totenart.com\/noticias\/","name":"Noticias de Arte Totenart","description":"Blog de noticias del mundo del arte: exposiciones, eventos, nuevos productos y materiales para artistas...","potentialAction":[{"@type":"SearchAction","target":{"@type":"EntryPoint","urlTemplate":"https:\/\/totenart.com\/noticias\/?s={search_term_string}"},"query-input":{"@type":"PropertyValueSpecification","valueRequired":true,"valueName":"search_term_string"}}],"inLanguage":"es"}]}},"_links":{"self":[{"href":"https:\/\/totenart.com\/noticias\/wp-json\/wp\/v2\/pages\/16405","targetHints":{"allow":["GET"]}}],"collection":[{"href":"https:\/\/totenart.com\/noticias\/wp-json\/wp\/v2\/pages"}],"about":[{"href":"https:\/\/totenart.com\/noticias\/wp-json\/wp\/v2\/types\/page"}],"author":[{"embeddable":true,"href":"https:\/\/totenart.com\/noticias\/wp-json\/wp\/v2\/users\/13"}],"replies":[{"embeddable":true,"href":"https:\/\/totenart.com\/noticias\/wp-json\/wp\/v2\/comments?post=16405"}],"version-history":[{"count":3,"href":"https:\/\/totenart.com\/noticias\/wp-json\/wp\/v2\/pages\/16405\/revisions"}],"predecessor-version":[{"id":16438,"href":"https:\/\/totenart.com\/noticias\/wp-json\/wp\/v2\/pages\/16405\/revisions\/16438"}],"up":[{"embeddable":true,"href":"https:\/\/totenart.com\/noticias\/wp-json\/wp\/v2\/pages\/14678"}],"wp:featuredmedia":[{"embeddable":true,"href":"https:\/\/totenart.com\/noticias\/wp-json\/wp\/v2\/media\/16412"}],"wp:attachment":[{"href":"https:\/\/totenart.com\/noticias\/wp-json\/wp\/v2\/media?parent=16405"}],"curies":[{"name":"wp","href":"https:\/\/api.w.org\/{rel}","templated":true}]}}