



{"id":17847,"date":"2021-12-17T16:34:36","date_gmt":"2021-12-17T15:34:36","guid":{"rendered":"https:\/\/totenart.com\/noticias\/?page_id=17847"},"modified":"2023-05-19T09:15:11","modified_gmt":"2023-05-19T07:15:11","slug":"dibujar","status":"publish","type":"page","link":"https:\/\/totenart.com\/noticias\/que-regalar\/nino-artista\/dibujar\/","title":{"rendered":"Qu\u00e9 regalar a un ni\u00f1o que le gusta dibujar"},"content":{"rendered":"<h1><span class=\"ez-toc-section\" id=\"Ideas_para_regalar_a_un_nino_que_le_gusta_dibujar\"><\/span>Ideas para regalar a un ni\u00f1o que le gusta dibujar<span class=\"ez-toc-section-end\"><\/span><\/h1>\n<p>Desde muy peque\u00f1os, los ni\u00f1os sienten una gran motivaci\u00f3n de dibujar, un inter\u00e9s especial por la expresi\u00f3n a trav\u00e9s del dibujo. Es importante fomentar ese inter\u00e9s para que los ni\u00f1os evolucionen art\u00edsticamente y nunca dejen de dibujar. Por este motivo, regalar arte siempre es un acierto, as\u00ed que&#8230; Hoy te dejamos con un post para que resuelvas esa pregunta que tanto te preocupa: <strong>\u00bfQu\u00e9 regalar a un ni\u00f1o que le gusta dibujar?<\/strong><\/p>\n<h2><span class=\"ez-toc-section\" id=\"Regalos_para_un_nino_al_que_le_gusta_el_dibujo\"><\/span>Regalos para un ni\u00f1o al que le gusta el dibujo<span class=\"ez-toc-section-end\"><\/span><\/h2>\n<p>En general, los ni\u00f1os y ni\u00f1as a los que le gusta dibujar quieren colores para llenar cualquier superficie y de paso mancharse un poco. Por este motivo <strong>debes buscar una pintura no t\u00f3xica para ni\u00f1os.\u00a0<\/strong>Es el caso de la gama de\u00a0<span style=\"text-decoration: underline;\"><a href=\"https:\/\/totenart.com\/otros-materiales-bellas-artes\/kits-y-sets-completos\/productos-infantiles?utm_source=post&amp;utm_medium=que-regalar&amp;utm_campaign=nino-artista\" target=\"_blank\" rel=\"noopener\">Giotto bebe<\/a><\/span>, una l\u00ednea de pintura no t\u00f3xica pensada para ni\u00f1os que aman dibujar:<\/p>\n<ul>\n<li>\n<h3><span class=\"ez-toc-section\" id=\"Pintura_no_toxica_para_ninos_Giotto\"><\/span>Pintura no t\u00f3xica para ni\u00f1os: Giotto<span class=\"ez-toc-section-end\"><\/span><\/h3>\n<\/li>\n<\/ul>\n<div id=\"attachment_17851\" style=\"width: 610px\" class=\"wp-caption aligncenter\"><img loading=\"lazy\" decoding=\"async\" aria-describedby=\"caption-attachment-17851\" class=\"wp-image-17851 size-full\" src=\"https:\/\/totenart.com\/noticias\/wp-content\/uploads\/2021\/12\/totenart-que-regalar-a-un-nino-que-le-gusta-dibujar.jpg\" alt=\"\" width=\"600\" height=\"600\" srcset=\"https:\/\/totenart.com\/noticias\/wp-content\/uploads\/2021\/12\/totenart-que-regalar-a-un-nino-que-le-gusta-dibujar.jpg 600w, https:\/\/totenart.com\/noticias\/wp-content\/uploads\/2021\/12\/totenart-que-regalar-a-un-nino-que-le-gusta-dibujar-300x300.jpg 300w, https:\/\/totenart.com\/noticias\/wp-content\/uploads\/2021\/12\/totenart-que-regalar-a-un-nino-que-le-gusta-dibujar-150x150.jpg 150w\" sizes=\"auto, (max-width: 600px) 100vw, 600px\" \/><p id=\"caption-attachment-17851\" class=\"wp-caption-text\">Encuentra toda la gama de Giotto Be-b\u00e9 en <a href=\"https:\/\/totenart.com\/otros-materiales-bellas-artes\/kits-y-sets-completos\/productos-infantiles?utm_source=post&amp;utm_medium=que-regalar&amp;utm_campaign=nino-dibujar\" target=\"_blank\" rel=\"noopener\">Totenart<\/a><\/p><\/div>\n<p>Como dec\u00edamos, la gama Giotto para ni\u00f1os es de las m\u00e1s seguras del mercado. Gracias a su composici\u00f3n,<strong> los ni\u00f1os y ni\u00f1as artistas podr\u00e1n utilizar todas las pinturas de Giotto sin miedo.<\/strong> Esta l\u00ednea, pensada para ni\u00f1os y ni\u00f1as que les gusta dibujar est\u00e1 fabricada con ingredientes naturales.<\/p>\n<p>Entre las mejores opciones para regalos de dibujo encontramos la amplia gama de <a href=\"https:\/\/totenart.com\/otros-materiales-bellas-artes\/kits-y-sets-completos\/productos-infantiles?utm_source=post&amp;utm_medium=que-regalar&amp;utm_campaign=nino-dibujar\" target=\"_blank\" rel=\"noopener\"><span style=\"text-decoration: underline;\">cajas de l\u00e1pices y rotuladores Giotto<\/span><\/a>. Entre su l\u00ednea puedes encontrar desde lo m\u00e1s peque\u00f1o para completar un regalo hasta kits completos. Sobre estos \u00faltimos, debes saber que la gama Giotto beb\u00e9 incluye kits infantiles con m\u00faltiples t\u00e9cnicas y materiales a un m\u00f3dico precio. Uno de nuestros favoritos es el <span style=\"text-decoration: underline;\"><a href=\"https:\/\/totenart.com\/set-stick-color-giotto-bebe?utm_source=post&amp;utm_medium=que-regalar&amp;utm_campaign=nino-dibujar\" target=\"_blank\" rel=\"noopener\">kit de iniciaci\u00f3n para ni\u00f1os<\/a><\/span>: <strong>Un set completo lleno de l\u00e1pices de colores y rotuladores que cualquier ni\u00f1o disfrutar\u00e1<\/strong> \u00bfLo mejor? \u00a1Incluye hasta pegatinas!<\/p>\n<ul>\n<li>\n<h3><span class=\"ez-toc-section\" id=\"Kits_de_dibujo_para_ninos\"><\/span>Kits de dibujo para ni\u00f1os<span class=\"ez-toc-section-end\"><\/span><\/h3>\n<\/li>\n<\/ul>\n<p>Siguiendo por los kits de dibujo, cualquier ni\u00f1o se sentir\u00e1 un profesional si le regalas un <a href=\"https:\/\/totenart.com\/otros-materiales-bellas-artes\/kits-y-sets-completos\/kits-de-iniciacion?utm_source=post&amp;utm_medium=que-regalar&amp;utm_campaign=nino-dibujar\" target=\"_blank\" rel=\"noopener\"><span style=\"text-decoration: underline;\">set de dibujo<\/span><\/a>. Entre toda la variedad puedes encontrar algunos kits muy completos en los que se incluyen m\u00faltiples t\u00e9cnicas art\u00edsticas. Una de nuestras recomendaciones m\u00e1s cl\u00e1sicas es el <a href=\"https:\/\/totenart.com\/set-completo-regalo-daler-rowney-122-piezas?utm_source=post&amp;utm_medium=que-regalar&amp;utm_campaign=nino-dibujar\" target=\"_blank\" rel=\"noopener\"><span style=\"text-decoration: underline;\">set de 122 piezas de Daler Rowney<\/span><\/a>.<strong> Este malet\u00edn incluye 122 piezas de dibujo y pintura para que los m\u00e1s peque\u00f1os desarrollen su capacidad art\u00edstica.<\/strong> \u00c9chale un vistazo a este malet\u00edn en v\u00eddeo:<\/p>\n<div style=\"text-align: center;\"><iframe loading=\"lazy\" title=\"YouTube video player\" src=\"https:\/\/www.youtube.com\/embed\/OWquy5Dgpko\" width=\"560\" height=\"315\" frameborder=\"0\" allowfullscreen=\"allowfullscreen\"><span data-mce-type=\"bookmark\" style=\"display: inline-block; width: 0px; overflow: hidden; line-height: 0;\" class=\"mce_SELRES_start\">\ufeff<\/span><\/iframe><\/div>\n<p>Esta marca fabrica adem\u00e1s otros maletines de pintura con diferentes piezas. Entre ellos encontramos el <a href=\"https:\/\/totenart.com\/set-completo-regalo-caballete-daler-rowney-163-piezas?utm_source=post&amp;utm_medium=que-regalar&amp;utm_campaign=nino-dibujar\" target=\"_blank\" rel=\"noopener\">malet\u00edn de 163<\/a>. A diferencia de este que acabamos de ver, este set multi t\u00e9cnica para ni\u00f1os que les gusta dibujar no incluye maleta. Aunque esto puede ser una desventaja para muchos, <strong>este kit si incluye un caballete port\u00e1til. Con este, cualquier ni\u00f1o o ni\u00f1a dibujante se sentir\u00e1 todo un profesional.<\/strong><\/p>\n<ul>\n<li>\n<h3><span class=\"ez-toc-section\" id=\"Detalles_para_regalar_a_ninos_que_les_gusta_dibujar\"><\/span>Detalles para regalar a ni\u00f1os que les gusta dibujar<span class=\"ez-toc-section-end\"><\/span><\/h3>\n<\/li>\n<\/ul>\n<p>En caso de que no quieras un kit completo, puedes optar por otras ideas peque\u00f1as pero originales. Si buscas un regalo sorprendente te recomendamos la caja de <span style=\"text-decoration: underline;\"><a href=\"https:\/\/totenart.com\/estuche-de-50-rotuladores-escolares-bruynzeel?utm_source=post&amp;utm_medium=que-regalar&amp;utm_campaign=nino-dibujar\" target=\"_blank\" rel=\"noopener\">50 rotuladores de Bruynzeel<\/a>.<\/span> Cualquier ni\u00f1o amante del dibujo alucinar\u00e1 cuando reciba esta caja de colores. Adem\u00e1s, esta l\u00ednea de Buynzeel escolar est\u00e1 pensada para que los m\u00e1s peque\u00f1os jueguen sin miedo. Otra opci\u00f3n muy original de la misma marca es la <span style=\"text-decoration: underline;\"><a href=\"https:\/\/totenart.com\/estuche-6-rotuladores-purpurina-glitter-bruynzeel?utm_source=post&amp;utm_medium=que-regalar&amp;utm_campaign=nino-dibujar\" target=\"_blank\" rel=\"noopener\">caja de rotuladores con purpurina<\/a><\/span> \u00a1Regalos originales al mejor precio para amantes del dibujo!<\/p>\n<div id=\"attachment_17862\" style=\"width: 610px\" class=\"wp-caption aligncenter\"><img loading=\"lazy\" decoding=\"async\" aria-describedby=\"caption-attachment-17862\" class=\"wp-image-17862 size-full\" src=\"https:\/\/totenart.com\/noticias\/wp-content\/uploads\/2021\/12\/edding-regalos-nino-artista.jpg\" alt=\"totenart-ideas-para-regalar-a-ni\u00f1o que le gusta dibujar\" width=\"600\" height=\"338\" srcset=\"https:\/\/totenart.com\/noticias\/wp-content\/uploads\/2021\/12\/edding-regalos-nino-artista.jpg 600w, https:\/\/totenart.com\/noticias\/wp-content\/uploads\/2021\/12\/edding-regalos-nino-artista-300x169.jpg 300w\" sizes=\"auto, (max-width: 600px) 100vw, 600px\" \/><p id=\"caption-attachment-17862\" class=\"wp-caption-text\">Encuentra los rotuladores acr\u00edlicos en <a href=\"https:\/\/totenart.com\/acrilicos\/rotuladores-acrilicos-para-pintura\/rotuladores-acrilicos-edding?utm_source=post&amp;utm_medium=que-regalar&amp;utm_campaign=nino-dibujar\" target=\"_blank\" rel=\"noopener\">Totenart<\/a><\/p><\/div>\n<p>Otra opci\u00f3n similar pero con un toque s\u00faper original para cualquier peque\u00f1o dibujante son los <span style=\"text-decoration: underline;\"><a href=\"https:\/\/totenart.com\/acrilicos\/rotuladores-acrilicos-para-pintura\/rotuladores-acrilicos-edding?utm_source=post&amp;utm_medium=que-regalar&amp;utm_campaign=nino-dibujar\" target=\"_blank\" rel=\"noopener\">rotuladores acr\u00edlicos Edding<\/a><\/span>. Una gama innovadora de la cl\u00e1sica marca Edding ideal para los ni\u00f1os dibujantes que quieren disfrutar mientras pintan con los colores m\u00e1s intensos.<\/p>\n<h2><span class=\"ez-toc-section\" id=\"Curso_de_creatividad_para_ninos\"><\/span>Curso de creatividad para ni\u00f1os<span class=\"ez-toc-section-end\"><\/span><\/h2>\n<p>Si quieres continuar alimentando la creatividad de los m\u00e1s peque\u00f1os este curso de para ti. Gracias al equipo de Pin Tam Pom podr\u00e1s divertirte junto a los m\u00e1s peque\u00f1os de la casa creando sellos de colores.\u00a0<strong>Aprende a estimular la creatividad de los ni\u00f1os \u00a1Y construye una f\u00e1brica de sellos \u00fanica!\u00a0<\/strong>\u00a0No necesitar\u00e1s experiencia solo ganas de pas\u00e1rselo bien \u00a1M\u00e1s de 2000 ni\u00f1os ya lo han probado!<\/p>\n<p style=\"text-align: center;\"><a href=\"https:\/\/domestika.sjv.io\/zNz7xx\" class=\"button \" target=\"_blank\">Accede aqu\u00ed al curso de creatividad para ni\u00f1os<\/a><\/p>\n<p>\u00bfTe ha gustado? Si necesitas m\u00e1s ideas para ni\u00f1os artistas, no te pierdas nuestro post sobre<span style=\"text-decoration: underline;\"> <a href=\"https:\/\/totenart.com\/noticias\/que-regalar\/nino-artista\/\" target=\"_blank\" rel=\"noopener\">regalos para ni\u00f1os que les gusta dibujar <\/a><\/span>\u00a1Y acierta seguro con tu pr\u00f3ximo regalo!<\/p>\n<div id=\"ez-toc-container\" class=\"ez-toc-v2_0_82_1 counter-hierarchy ez-toc-counter ez-toc-grey ez-toc-container-direction\">\n<div class=\"ez-toc-title-container\">\n<p class=\"ez-toc-title\" style=\"cursor:inherit\">Tabla de contenidos<\/p>\n<span class=\"ez-toc-title-toggle\"><a href=\"#\" class=\"ez-toc-pull-right ez-toc-btn ez-toc-btn-xs ez-toc-btn-default ez-toc-toggle\" aria-label=\"Alternar tabla de contenidos\"><span class=\"ez-toc-js-icon-con\"><span class=\"\"><span class=\"eztoc-hide\" style=\"display:none;\">Toggle<\/span><span class=\"ez-toc-icon-toggle-span\"><svg style=\"fill: #999;color:#999\" xmlns=\"http:\/\/www.w3.org\/2000\/svg\" class=\"list-377408\" width=\"20px\" height=\"20px\" viewBox=\"0 0 24 24\" fill=\"none\"><path d=\"M6 6H4v2h2V6zm14 0H8v2h12V6zM4 11h2v2H4v-2zm16 0H8v2h12v-2zM4 16h2v2H4v-2zm16 0H8v2h12v-2z\" fill=\"currentColor\"><\/path><\/svg><svg style=\"fill: #999;color:#999\" class=\"arrow-unsorted-368013\" xmlns=\"http:\/\/www.w3.org\/2000\/svg\" width=\"10px\" height=\"10px\" viewBox=\"0 0 24 24\" version=\"1.2\" baseProfile=\"tiny\"><path d=\"M18.2 9.3l-6.2-6.3-6.2 6.3c-.2.2-.3.4-.3.7s.1.5.3.7c.2.2.4.3.7.3h11c.3 0 .5-.1.7-.3.2-.2.3-.5.3-.7s-.1-.5-.3-.7zM5.8 14.7l6.2 6.3 6.2-6.3c.2-.2.3-.5.3-.7s-.1-.5-.3-.7c-.2-.2-.4-.3-.7-.3h-11c-.3 0-.5.1-.7.3-.2.2-.3.5-.3.7s.1.5.3.7z\"\/><\/svg><\/span><\/span><\/span><\/a><\/span><\/div>\n<nav><ul class='ez-toc-list ez-toc-list-level-1 ' ><li class='ez-toc-page-1 ez-toc-heading-level-1'><a class=\"ez-toc-link ez-toc-heading-1\" href=\"https:\/\/totenart.com\/noticias\/que-regalar\/nino-artista\/dibujar\/#Ideas_para_regalar_a_un_nino_que_le_gusta_dibujar\" >Ideas para regalar a un ni\u00f1o que le gusta dibujar<\/a><ul class='ez-toc-list-level-2' ><li class='ez-toc-heading-level-2'><a class=\"ez-toc-link ez-toc-heading-2\" href=\"https:\/\/totenart.com\/noticias\/que-regalar\/nino-artista\/dibujar\/#Regalos_para_un_nino_al_que_le_gusta_el_dibujo\" >Regalos para un ni\u00f1o al que le gusta el dibujo<\/a><ul class='ez-toc-list-level-3' ><li class='ez-toc-heading-level-3'><a class=\"ez-toc-link ez-toc-heading-3\" href=\"https:\/\/totenart.com\/noticias\/que-regalar\/nino-artista\/dibujar\/#Pintura_no_toxica_para_ninos_Giotto\" >Pintura no t\u00f3xica para ni\u00f1os: Giotto<\/a><\/li><li class='ez-toc-page-1 ez-toc-heading-level-3'><a class=\"ez-toc-link ez-toc-heading-4\" href=\"https:\/\/totenart.com\/noticias\/que-regalar\/nino-artista\/dibujar\/#Kits_de_dibujo_para_ninos\" >Kits de dibujo para ni\u00f1os<\/a><\/li><li class='ez-toc-page-1 ez-toc-heading-level-3'><a class=\"ez-toc-link ez-toc-heading-5\" href=\"https:\/\/totenart.com\/noticias\/que-regalar\/nino-artista\/dibujar\/#Detalles_para_regalar_a_ninos_que_les_gusta_dibujar\" >Detalles para regalar a ni\u00f1os que les gusta dibujar<\/a><\/li><\/ul><\/li><li class='ez-toc-page-1 ez-toc-heading-level-2'><a class=\"ez-toc-link ez-toc-heading-6\" href=\"https:\/\/totenart.com\/noticias\/que-regalar\/nino-artista\/dibujar\/#Curso_de_creatividad_para_ninos\" >Curso de creatividad para ni\u00f1os<\/a><\/li><\/ul><\/li><\/ul><\/nav><\/div>\n","protected":false},"excerpt":{"rendered":"<p>Ideas para regalar a un ni\u00f1o que le gusta dibujar Desde muy peque\u00f1os, los ni\u00f1os sienten una gran motivaci\u00f3n de dibujar, un inter\u00e9s especial por la expresi\u00f3n a trav\u00e9s del dibujo. Es importante fomentar ese inter\u00e9s para que los ni\u00f1os evolucionen art\u00edsticamente y nunca dejen de dibujar. Por este motivo, regalar arte siempre es un [&hellip;]<\/p>\n","protected":false},"author":13,"featured_media":17852,"parent":16111,"menu_order":0,"comment_status":"closed","ping_status":"closed","template":"","meta":{"footnotes":""},"class_list":["post-17847","page","type-page","status-publish","has-post-thumbnail","hentry"],"yoast_head":"<!-- This site is optimized with the Yoast SEO plugin v27.2 - https:\/\/yoast.com\/product\/yoast-seo-wordpress\/ -->\n<title>Qu\u00e9 regalar a un ni\u00f1o que le gusta dibujar - Ideas de regalos<\/title>\n<meta name=\"description\" content=\"Hemos preparado ideas de regalos para que aciertes con tu pr\u00f3xima compra, y t\u00fa, \u00bfYa sabes qu\u00e9 regalar a un ni\u00f1o que le gusta dibujar?...\" \/>\n<meta name=\"robots\" content=\"index, follow, max-snippet:-1, max-image-preview:large, max-video-preview:-1\" \/>\n<link rel=\"canonical\" href=\"https:\/\/totenart.com\/noticias\/que-regalar\/nino-artista\/dibujar\/\" \/>\n<meta property=\"og:locale\" content=\"es_ES\" \/>\n<meta property=\"og:type\" content=\"article\" \/>\n<meta property=\"og:title\" content=\"Qu\u00e9 regalar a un ni\u00f1o que le gusta dibujar - Ideas de regalos\" \/>\n<meta property=\"og:description\" content=\"Hemos preparado ideas de regalos para que aciertes con tu pr\u00f3xima compra, y t\u00fa, \u00bfYa sabes qu\u00e9 regalar a un ni\u00f1o que le gusta dibujar?...\" \/>\n<meta property=\"og:url\" content=\"https:\/\/totenart.com\/noticias\/que-regalar\/nino-artista\/dibujar\/\" \/>\n<meta property=\"og:site_name\" content=\"Noticias de Arte Totenart\" \/>\n<meta property=\"article:modified_time\" content=\"2023-05-19T07:15:11+00:00\" \/>\n<meta property=\"og:image\" content=\"https:\/\/totenart.com\/noticias\/wp-content\/uploads\/2021\/12\/totenart-que-regalar-a-un-nino-que-le-gusta-dibujar-2.jpg\" \/>\n\t<meta property=\"og:image:width\" content=\"648\" \/>\n\t<meta property=\"og:image:height\" content=\"340\" \/>\n\t<meta property=\"og:image:type\" content=\"image\/jpeg\" \/>\n<meta name=\"twitter:label1\" content=\"Tiempo de lectura\" \/>\n\t<meta name=\"twitter:data1\" content=\"4 minutos\" \/>\n<script type=\"application\/ld+json\" class=\"yoast-schema-graph\">{\"@context\":\"https:\/\/schema.org\",\"@graph\":[{\"@type\":\"WebPage\",\"@id\":\"https:\/\/totenart.com\/noticias\/que-regalar\/nino-artista\/dibujar\/\",\"url\":\"https:\/\/totenart.com\/noticias\/que-regalar\/nino-artista\/dibujar\/\",\"name\":\"Qu\u00e9 regalar a un ni\u00f1o que le gusta dibujar - Ideas de regalos\",\"isPartOf\":{\"@id\":\"https:\/\/totenart.com\/noticias\/#website\"},\"primaryImageOfPage\":{\"@id\":\"https:\/\/totenart.com\/noticias\/que-regalar\/nino-artista\/dibujar\/#primaryimage\"},\"image\":{\"@id\":\"https:\/\/totenart.com\/noticias\/que-regalar\/nino-artista\/dibujar\/#primaryimage\"},\"thumbnailUrl\":\"https:\/\/totenart.com\/noticias\/wp-content\/uploads\/2021\/12\/totenart-que-regalar-a-un-nino-que-le-gusta-dibujar-2.jpg\",\"datePublished\":\"2021-12-17T15:34:36+00:00\",\"dateModified\":\"2023-05-19T07:15:11+00:00\",\"description\":\"Hemos preparado ideas de regalos para que aciertes con tu pr\u00f3xima compra, y t\u00fa, \u00bfYa sabes qu\u00e9 regalar a un ni\u00f1o que le gusta dibujar?...\",\"breadcrumb\":{\"@id\":\"https:\/\/totenart.com\/noticias\/que-regalar\/nino-artista\/dibujar\/#breadcrumb\"},\"inLanguage\":\"es\",\"potentialAction\":[{\"@type\":\"ReadAction\",\"target\":[\"https:\/\/totenart.com\/noticias\/que-regalar\/nino-artista\/dibujar\/\"]}]},{\"@type\":\"ImageObject\",\"inLanguage\":\"es\",\"@id\":\"https:\/\/totenart.com\/noticias\/que-regalar\/nino-artista\/dibujar\/#primaryimage\",\"url\":\"https:\/\/totenart.com\/noticias\/wp-content\/uploads\/2021\/12\/totenart-que-regalar-a-un-nino-que-le-gusta-dibujar-2.jpg\",\"contentUrl\":\"https:\/\/totenart.com\/noticias\/wp-content\/uploads\/2021\/12\/totenart-que-regalar-a-un-nino-que-le-gusta-dibujar-2.jpg\",\"width\":648,\"height\":340},{\"@type\":\"BreadcrumbList\",\"@id\":\"https:\/\/totenart.com\/noticias\/que-regalar\/nino-artista\/dibujar\/#breadcrumb\",\"itemListElement\":[{\"@type\":\"ListItem\",\"position\":1,\"name\":\"Portada\",\"item\":\"https:\/\/totenart.com\/noticias\/\"},{\"@type\":\"ListItem\",\"position\":2,\"name\":\"\u00bfQu\u00e9 regalar a un artista?\",\"item\":\"https:\/\/totenart.com\/noticias\/que-regalar\/\"},{\"@type\":\"ListItem\",\"position\":3,\"name\":\"Ideas para regalar a un ni\u00f1o artista\",\"item\":\"https:\/\/totenart.com\/noticias\/que-regalar\/nino-artista\/\"},{\"@type\":\"ListItem\",\"position\":4,\"name\":\"Qu\u00e9 regalar a un ni\u00f1o que le gusta dibujar\"}]},{\"@type\":\"WebSite\",\"@id\":\"https:\/\/totenart.com\/noticias\/#website\",\"url\":\"https:\/\/totenart.com\/noticias\/\",\"name\":\"Noticias de Arte Totenart\",\"description\":\"Blog de noticias del mundo del arte: exposiciones, eventos, nuevos productos y materiales para artistas...\",\"potentialAction\":[{\"@type\":\"SearchAction\",\"target\":{\"@type\":\"EntryPoint\",\"urlTemplate\":\"https:\/\/totenart.com\/noticias\/?s={search_term_string}\"},\"query-input\":{\"@type\":\"PropertyValueSpecification\",\"valueRequired\":true,\"valueName\":\"search_term_string\"}}],\"inLanguage\":\"es\"}]}<\/script>\n<!-- \/ Yoast SEO plugin. -->","yoast_head_json":{"title":"Qu\u00e9 regalar a un ni\u00f1o que le gusta dibujar - Ideas de regalos","description":"Hemos preparado ideas de regalos para que aciertes con tu pr\u00f3xima compra, y t\u00fa, \u00bfYa sabes qu\u00e9 regalar a un ni\u00f1o que le gusta dibujar?...","robots":{"index":"index","follow":"follow","max-snippet":"max-snippet:-1","max-image-preview":"max-image-preview:large","max-video-preview":"max-video-preview:-1"},"canonical":"https:\/\/totenart.com\/noticias\/que-regalar\/nino-artista\/dibujar\/","og_locale":"es_ES","og_type":"article","og_title":"Qu\u00e9 regalar a un ni\u00f1o que le gusta dibujar - Ideas de regalos","og_description":"Hemos preparado ideas de regalos para que aciertes con tu pr\u00f3xima compra, y t\u00fa, \u00bfYa sabes qu\u00e9 regalar a un ni\u00f1o que le gusta dibujar?...","og_url":"https:\/\/totenart.com\/noticias\/que-regalar\/nino-artista\/dibujar\/","og_site_name":"Noticias de Arte Totenart","article_modified_time":"2023-05-19T07:15:11+00:00","og_image":[{"width":648,"height":340,"url":"https:\/\/totenart.com\/noticias\/wp-content\/uploads\/2021\/12\/totenart-que-regalar-a-un-nino-que-le-gusta-dibujar-2.jpg","type":"image\/jpeg"}],"twitter_misc":{"Tiempo de lectura":"4 minutos"},"schema":{"@context":"https:\/\/schema.org","@graph":[{"@type":"WebPage","@id":"https:\/\/totenart.com\/noticias\/que-regalar\/nino-artista\/dibujar\/","url":"https:\/\/totenart.com\/noticias\/que-regalar\/nino-artista\/dibujar\/","name":"Qu\u00e9 regalar a un ni\u00f1o que le gusta dibujar - Ideas de regalos","isPartOf":{"@id":"https:\/\/totenart.com\/noticias\/#website"},"primaryImageOfPage":{"@id":"https:\/\/totenart.com\/noticias\/que-regalar\/nino-artista\/dibujar\/#primaryimage"},"image":{"@id":"https:\/\/totenart.com\/noticias\/que-regalar\/nino-artista\/dibujar\/#primaryimage"},"thumbnailUrl":"https:\/\/totenart.com\/noticias\/wp-content\/uploads\/2021\/12\/totenart-que-regalar-a-un-nino-que-le-gusta-dibujar-2.jpg","datePublished":"2021-12-17T15:34:36+00:00","dateModified":"2023-05-19T07:15:11+00:00","description":"Hemos preparado ideas de regalos para que aciertes con tu pr\u00f3xima compra, y t\u00fa, \u00bfYa sabes qu\u00e9 regalar a un ni\u00f1o que le gusta dibujar?...","breadcrumb":{"@id":"https:\/\/totenart.com\/noticias\/que-regalar\/nino-artista\/dibujar\/#breadcrumb"},"inLanguage":"es","potentialAction":[{"@type":"ReadAction","target":["https:\/\/totenart.com\/noticias\/que-regalar\/nino-artista\/dibujar\/"]}]},{"@type":"ImageObject","inLanguage":"es","@id":"https:\/\/totenart.com\/noticias\/que-regalar\/nino-artista\/dibujar\/#primaryimage","url":"https:\/\/totenart.com\/noticias\/wp-content\/uploads\/2021\/12\/totenart-que-regalar-a-un-nino-que-le-gusta-dibujar-2.jpg","contentUrl":"https:\/\/totenart.com\/noticias\/wp-content\/uploads\/2021\/12\/totenart-que-regalar-a-un-nino-que-le-gusta-dibujar-2.jpg","width":648,"height":340},{"@type":"BreadcrumbList","@id":"https:\/\/totenart.com\/noticias\/que-regalar\/nino-artista\/dibujar\/#breadcrumb","itemListElement":[{"@type":"ListItem","position":1,"name":"Portada","item":"https:\/\/totenart.com\/noticias\/"},{"@type":"ListItem","position":2,"name":"\u00bfQu\u00e9 regalar a un artista?","item":"https:\/\/totenart.com\/noticias\/que-regalar\/"},{"@type":"ListItem","position":3,"name":"Ideas para regalar a un ni\u00f1o artista","item":"https:\/\/totenart.com\/noticias\/que-regalar\/nino-artista\/"},{"@type":"ListItem","position":4,"name":"Qu\u00e9 regalar a un ni\u00f1o que le gusta dibujar"}]},{"@type":"WebSite","@id":"https:\/\/totenart.com\/noticias\/#website","url":"https:\/\/totenart.com\/noticias\/","name":"Noticias de Arte Totenart","description":"Blog de noticias del mundo del arte: exposiciones, eventos, nuevos productos y materiales para artistas...","potentialAction":[{"@type":"SearchAction","target":{"@type":"EntryPoint","urlTemplate":"https:\/\/totenart.com\/noticias\/?s={search_term_string}"},"query-input":{"@type":"PropertyValueSpecification","valueRequired":true,"valueName":"search_term_string"}}],"inLanguage":"es"}]}},"_links":{"self":[{"href":"https:\/\/totenart.com\/noticias\/wp-json\/wp\/v2\/pages\/17847","targetHints":{"allow":["GET"]}}],"collection":[{"href":"https:\/\/totenart.com\/noticias\/wp-json\/wp\/v2\/pages"}],"about":[{"href":"https:\/\/totenart.com\/noticias\/wp-json\/wp\/v2\/types\/page"}],"author":[{"embeddable":true,"href":"https:\/\/totenart.com\/noticias\/wp-json\/wp\/v2\/users\/13"}],"replies":[{"embeddable":true,"href":"https:\/\/totenart.com\/noticias\/wp-json\/wp\/v2\/comments?post=17847"}],"version-history":[{"count":4,"href":"https:\/\/totenart.com\/noticias\/wp-json\/wp\/v2\/pages\/17847\/revisions"}],"predecessor-version":[{"id":21409,"href":"https:\/\/totenart.com\/noticias\/wp-json\/wp\/v2\/pages\/17847\/revisions\/21409"}],"up":[{"embeddable":true,"href":"https:\/\/totenart.com\/noticias\/wp-json\/wp\/v2\/pages\/16111"}],"wp:featuredmedia":[{"embeddable":true,"href":"https:\/\/totenart.com\/noticias\/wp-json\/wp\/v2\/media\/17852"}],"wp:attachment":[{"href":"https:\/\/totenart.com\/noticias\/wp-json\/wp\/v2\/media?parent=17847"}],"curies":[{"name":"wp","href":"https:\/\/api.w.org\/{rel}","templated":true}]}}