{"id":22677,"date":"2023-10-20T08:09:04","date_gmt":"2023-10-20T06:09:04","guid":{"rendered":"https:\/\/totenart.com\/noticias\/?page_id=22677"},"modified":"2023-11-20T09:02:40","modified_gmt":"2023-11-20T08:02:40","slug":"ceramica","status":"publish","type":"page","link":"https:\/\/totenart.com\/noticias\/que-regalar\/artista-aficionado\/ceramica\/","title":{"rendered":"Qu\u00e9 regalar a un amante de la cer\u00e1mica"},"content":{"rendered":"<h1><span class=\"ez-toc-section\" id=\"Ideas_para_regalar_a_artistas_de_ceramica\"><\/span>Ideas para regalar a artistas de cer\u00e1mica<span class=\"ez-toc-section-end\"><\/span><\/h1>\n<p>Si tienes <strong>que hacer un regalo a un amigo o amiga que es un amante de la cer\u00e1mica&#8230; \u00a1Te echamos una mano!<\/strong> Como puede ser un poco dif\u00edcil escoger un regalo para un ceramista, te dejamos algunas ideas para que no puedas fallar:<\/p>\n<h2><span class=\"ez-toc-section\" id=\"Que_regalar_a_un_amante_de_la_ceramica\"><\/span>Qu\u00e9 regalar a un amante de la cer\u00e1mica<span class=\"ez-toc-section-end\"><\/span><\/h2>\n<p>Una de las mejores ideas para regalar a tu amiga ceramista son los <a href=\"https:\/\/totenart.com\/otros-materiales-bellas-artes\/modelado-materiales-y-herramientas\/juegos-de-herramientas-para-modelar?utm_source=post&amp;utm_medium=que-regalar&amp;utm_campaign=amante-ceramica\" target=\"_blank\" rel=\"noopener\">sets de cer\u00e1mica<\/a>. Estos <strong>estuches para ceramistas incluyen una gran cantidad de materiales en un estuche muy c\u00f3modo.<\/strong> Gracias a su presentaci\u00f3n es un regalo vistoso que incluye todo tipo de herramientas de cer\u00e1mica que podr\u00e1 utilizar.<\/p>\n<div id=\"attachment_22678\" style=\"width: 710px\" class=\"wp-caption aligncenter\"><img loading=\"lazy\" decoding=\"async\" aria-describedby=\"caption-attachment-22678\" class=\"wp-image-22678 size-full\" src=\"https:\/\/totenart.com\/noticias\/wp-content\/uploads\/2023\/11\/ideas-de-regalos-para-amantes-de-las-manualidades.jpg\" alt=\"que-regalar-amante-ceramica\" width=\"700\" height=\"199\" srcset=\"https:\/\/totenart.com\/noticias\/wp-content\/uploads\/2023\/11\/ideas-de-regalos-para-amantes-de-las-manualidades.jpg 700w, https:\/\/totenart.com\/noticias\/wp-content\/uploads\/2023\/11\/ideas-de-regalos-para-amantes-de-las-manualidades-300x85.jpg 300w\" sizes=\"auto, (max-width: 700px) 100vw, 700px\" \/><p id=\"caption-attachment-22678\" class=\"wp-caption-text\">Descubre aqu\u00ed los <a href=\"https:\/\/totenart.com\/otros-materiales-bellas-artes\/modelado-materiales-y-herramientas\/juegos-de-herramientas-para-modelar?utm_source=post&amp;utm_medium=que-regalar&amp;utm_campaign=amante-ceramica\" target=\"_blank\" rel=\"noopener\">kits de cer\u00e1mica<\/a><\/p><\/div>\n<h3><span class=\"ez-toc-section\" id=\"Herramientas_para_ceramica\"><\/span>Herramientas para cer\u00e1mica<span class=\"ez-toc-section-end\"><\/span><\/h3>\n<p>En el caso de que vayas <strong>a hacer un regalo a un ceramista profesional que ya tenga todas sus herramientas,<\/strong> tenemos otras opciones. Para optar por una idea m\u00e1s profesional y original puedes regalar un <a href=\"https:\/\/totenart.com\/otros-materiales-bellas-artes\/modelado-materiales-y-herramientas\/tornetas-y-herramientas-para-modelado?utm_source=post&amp;utm_medium=que-regalar&amp;utm_campaign=amante-ceramica\" target=\"_blank\" rel=\"noopener\">torno para escultura<\/a> o un taburete.<\/p>\n<h2><span class=\"ez-toc-section\" id=\"Regala_un_curso_de_ceramica\"><\/span>Regala un curso de cer\u00e1mica<span class=\"ez-toc-section-end\"><\/span><\/h2>\n<p>Otra opci\u00f3n para alguien que se est\u00e1 <strong>iniciando en la cer\u00e1mica o que todav\u00eda no ha empezado es un curso de cer\u00e1mica online.<\/strong> Estos cursos est\u00e1n disponibles para todos los niveles por lo que encontrar\u00e1s <a href=\"https:\/\/domestika.sjv.io\/3ekE1k\" target=\"_blank\" rel=\"noopener\">cursos de iniciaci\u00f3n a la cer\u00e1mica<\/a> y otras cosas m\u00e1s t\u00e9cnicas. Dentro de los cursos online para artistas m\u00e1s avanzados encontrar\u00e1s diversas opciones como el <a href=\"https:\/\/domestika.sjv.io\/k0ABo3\" target=\"_blank\" rel=\"noopener\">curso de creaci\u00f3n de moldes para cer\u00e1mica<\/a>.<\/p>\n<div id=\"attachment_22679\" style=\"width: 610px\" class=\"wp-caption aligncenter\"><img loading=\"lazy\" decoding=\"async\" aria-describedby=\"caption-attachment-22679\" class=\"wp-image-22679 size-full\" src=\"https:\/\/totenart.com\/noticias\/wp-content\/uploads\/2023\/11\/ideas-para-regalar-a-un-artista-cursos-de-arte-1.jpg\" alt=\"que-regalar-amante-ceramica\" width=\"600\" height=\"201\" srcset=\"https:\/\/totenart.com\/noticias\/wp-content\/uploads\/2023\/11\/ideas-para-regalar-a-un-artista-cursos-de-arte-1.jpg 600w, https:\/\/totenart.com\/noticias\/wp-content\/uploads\/2023\/11\/ideas-para-regalar-a-un-artista-cursos-de-arte-1-300x101.jpg 300w\" sizes=\"auto, (max-width: 600px) 100vw, 600px\" \/><p id=\"caption-attachment-22679\" class=\"wp-caption-text\">Encuentra los <a href=\"https:\/\/domestika.sjv.io\/VmOP7j\" target=\"_blank\" rel=\"noopener\">cursos para cer\u00e1mica<\/a><\/p><\/div>\n<p><strong>Si no sabes qu\u00e9 curso regalar para una amante de la cer\u00e1mica<\/strong> tambi\u00e9n puedes optar por una <a href=\"https:\/\/domestika.sjv.io\/k046YV\" target=\"_blank\" rel=\"noopener\">tarjeta regalo<\/a>. Gracias a esta podr\u00e1s regalar un curso a elecci\u00f3n de la persona a la que se lo regalas \u00a1Acierta seguro con esta opci\u00f3nj de regalo!<\/p>\n<h2><span class=\"ez-toc-section\" id=\"Cursos_de_ceramica_presencial\"><\/span>Cursos de cer\u00e1mica presencial<span class=\"ez-toc-section-end\"><\/span><\/h2>\n<p>Si prefieres <strong>regalar una experiencia presencial tambi\u00e9n puedes regalar un curso en un taller de cer\u00e1mica.<\/strong> Para ello puedes escoger uno de los <a href=\"https:\/\/totenart.com\/noticias\/talleres-ceramica-valencia\/\" target=\"_blank\" rel=\"noopener\">talleres de cer\u00e1mica de Valencia<\/a> y adquirir una clase especial para regalar. Si no eres de Valencia, busca talleres en tu ciudad y no dudes en preguntar para conseguir la mejor opci\u00f3n.<\/p>\n<h2><span class=\"ez-toc-section\" id=\"Completar_un_regalo\"><\/span>Completar un regalo<span class=\"ez-toc-section-end\"><\/span><\/h2>\n<p><strong>Si ya tienes tu regalo y lo que quieres es un detalle para completar un\u00a0 regalo m\u00e1s grande,<\/strong> tambi\u00e9n tenemos opciones para ti. En caso de que necesites algo peque\u00f1o para completar tu regalo puedes optar por un <a href=\"https:\/\/totenart.com\/compas-metalico-escultura-20-cm?utm_source=post&amp;utm_medium=que-regalar&amp;utm_campaign=amante-ceramica\" target=\"_blank\" rel=\"noopener\">comp\u00e1s para ceramica<\/a>. Una herramienta barata y que cualquier artista de cer\u00e1mica valorar\u00e1.<\/p>\n<p style=\"text-align: center;\"><img loading=\"lazy\" decoding=\"async\" class=\"alignnone wp-image-22683 size-full\" src=\"https:\/\/totenart.com\/noticias\/wp-content\/uploads\/2023\/11\/ideas-para-ragalar-a-amante-ceramica.jpg\" alt=\"que-regalar-a-artista-ceramica\" width=\"500\" height=\"750\" srcset=\"https:\/\/totenart.com\/noticias\/wp-content\/uploads\/2023\/11\/ideas-para-ragalar-a-amante-ceramica.jpg 500w, https:\/\/totenart.com\/noticias\/wp-content\/uploads\/2023\/11\/ideas-para-ragalar-a-amante-ceramica-200x300.jpg 200w\" sizes=\"auto, (max-width: 500px) 100vw, 500px\" \/><\/p>\n<p>Otra opci\u00f3n <strong>para completar un regalo para un ceramista son las herramientas sueltas.<\/strong> Escoge entre <a href=\"https:\/\/totenart.com\/otras-secciones\/material-modelado\/palillo-de-modelar-para-barro?utm_source=post&amp;utm_medium=que-regalar&amp;utm_campaign=amante-ceramica\" target=\"_blank\" rel=\"noopener\">palillos de modelar<\/a>, <a href=\"https:\/\/totenart.com\/otras-secciones\/material-modelado\/teques-para-barro?utm_source=post&amp;utm_medium=que-regalar&amp;utm_campaign=amante-ceramica\" target=\"_blank\" rel=\"noopener\">vaciadores<\/a> y otras herramientas ideales para completar un regalo en Navidad.<\/p>\n<p><strong>\u00bfQu\u00e9 te parecen nuestras ideas para regalar a ceramistas?<\/strong> Si quieres m\u00e1s <a href=\"https:\/\/totenart.com\/noticias\/que-regalar\" target=\"_blank\" rel=\"noopener\">ideas de regalos para artistas<\/a> p\u00e1sate por nuestros post.<\/p>\n<div id=\"ez-toc-container\" class=\"ez-toc-v2_0_82_1 counter-hierarchy ez-toc-counter ez-toc-grey ez-toc-container-direction\">\n<div class=\"ez-toc-title-container\">\n<p class=\"ez-toc-title\" style=\"cursor:inherit\">Tabla de contenidos<\/p>\n<span class=\"ez-toc-title-toggle\"><a href=\"#\" class=\"ez-toc-pull-right ez-toc-btn ez-toc-btn-xs ez-toc-btn-default ez-toc-toggle\" aria-label=\"Alternar tabla de contenidos\"><span class=\"ez-toc-js-icon-con\"><span class=\"\"><span class=\"eztoc-hide\" style=\"display:none;\">Toggle<\/span><span class=\"ez-toc-icon-toggle-span\"><svg style=\"fill: #999;color:#999\" xmlns=\"http:\/\/www.w3.org\/2000\/svg\" class=\"list-377408\" width=\"20px\" height=\"20px\" viewBox=\"0 0 24 24\" fill=\"none\"><path d=\"M6 6H4v2h2V6zm14 0H8v2h12V6zM4 11h2v2H4v-2zm16 0H8v2h12v-2zM4 16h2v2H4v-2zm16 0H8v2h12v-2z\" fill=\"currentColor\"><\/path><\/svg><svg style=\"fill: #999;color:#999\" class=\"arrow-unsorted-368013\" xmlns=\"http:\/\/www.w3.org\/2000\/svg\" width=\"10px\" height=\"10px\" viewBox=\"0 0 24 24\" version=\"1.2\" baseProfile=\"tiny\"><path d=\"M18.2 9.3l-6.2-6.3-6.2 6.3c-.2.2-.3.4-.3.7s.1.5.3.7c.2.2.4.3.7.3h11c.3 0 .5-.1.7-.3.2-.2.3-.5.3-.7s-.1-.5-.3-.7zM5.8 14.7l6.2 6.3 6.2-6.3c.2-.2.3-.5.3-.7s-.1-.5-.3-.7c-.2-.2-.4-.3-.7-.3h-11c-.3 0-.5.1-.7.3-.2.2-.3.5-.3.7s.1.5.3.7z\"\/><\/svg><\/span><\/span><\/span><\/a><\/span><\/div>\n<nav><ul class='ez-toc-list ez-toc-list-level-1 ' ><li class='ez-toc-page-1 ez-toc-heading-level-1'><a class=\"ez-toc-link ez-toc-heading-1\" href=\"https:\/\/totenart.com\/noticias\/que-regalar\/artista-aficionado\/ceramica\/#Ideas_para_regalar_a_artistas_de_ceramica\" >Ideas para regalar a artistas de cer\u00e1mica<\/a><ul class='ez-toc-list-level-2' ><li class='ez-toc-heading-level-2'><a class=\"ez-toc-link ez-toc-heading-2\" href=\"https:\/\/totenart.com\/noticias\/que-regalar\/artista-aficionado\/ceramica\/#Que_regalar_a_un_amante_de_la_ceramica\" >Qu\u00e9 regalar a un amante de la cer\u00e1mica<\/a><ul class='ez-toc-list-level-3' ><li class='ez-toc-heading-level-3'><a class=\"ez-toc-link ez-toc-heading-3\" href=\"https:\/\/totenart.com\/noticias\/que-regalar\/artista-aficionado\/ceramica\/#Herramientas_para_ceramica\" >Herramientas para cer\u00e1mica<\/a><\/li><\/ul><\/li><li class='ez-toc-page-1 ez-toc-heading-level-2'><a class=\"ez-toc-link ez-toc-heading-4\" href=\"https:\/\/totenart.com\/noticias\/que-regalar\/artista-aficionado\/ceramica\/#Regala_un_curso_de_ceramica\" >Regala un curso de cer\u00e1mica<\/a><\/li><li class='ez-toc-page-1 ez-toc-heading-level-2'><a class=\"ez-toc-link ez-toc-heading-5\" href=\"https:\/\/totenart.com\/noticias\/que-regalar\/artista-aficionado\/ceramica\/#Cursos_de_ceramica_presencial\" >Cursos de cer\u00e1mica presencial<\/a><\/li><li class='ez-toc-page-1 ez-toc-heading-level-2'><a class=\"ez-toc-link ez-toc-heading-6\" href=\"https:\/\/totenart.com\/noticias\/que-regalar\/artista-aficionado\/ceramica\/#Completar_un_regalo\" >Completar un regalo<\/a><\/li><\/ul><\/li><\/ul><\/nav><\/div>\n","protected":false},"excerpt":{"rendered":"<p>Ideas para regalar a artistas de cer\u00e1mica Si tienes que hacer un regalo a un amigo o amiga que es un amante de la cer\u00e1mica&#8230; \u00a1Te echamos una mano! Como puede ser un poco dif\u00edcil escoger un regalo para un ceramista, te dejamos algunas ideas para que no puedas fallar: Qu\u00e9 regalar a un amante [&hellip;]<\/p>\n","protected":false},"author":13,"featured_media":22680,"parent":14678,"menu_order":0,"comment_status":"closed","ping_status":"closed","template":"","meta":{"footnotes":""},"class_list":["post-22677","page","type-page","status-publish","has-post-thumbnail","hentry"],"yoast_head":"<!-- This site is optimized with the Yoast SEO plugin v27.2 - https:\/\/yoast.com\/product\/yoast-seo-wordpress\/ -->\n<title>Qu\u00e9 regalar a un amante de la cer\u00e1mica - Noticias de Arte Totenart<\/title>\n<meta name=\"robots\" content=\"index, follow, max-snippet:-1, max-image-preview:large, max-video-preview:-1\" \/>\n<link rel=\"canonical\" href=\"https:\/\/totenart.com\/noticias\/que-regalar\/artista-aficionado\/ceramica\/\" \/>\n<meta property=\"og:locale\" content=\"es_ES\" \/>\n<meta property=\"og:type\" content=\"article\" \/>\n<meta property=\"og:title\" content=\"Qu\u00e9 regalar a un amante de la cer\u00e1mica - Noticias de Arte Totenart\" \/>\n<meta property=\"og:description\" content=\"Ideas para regalar a artistas de cer\u00e1mica Si tienes que hacer un regalo a un amigo o amiga que es un amante de la cer\u00e1mica&#8230; \u00a1Te echamos una mano! Como puede ser un poco dif\u00edcil escoger un regalo para un ceramista, te dejamos algunas ideas para que no puedas fallar: Qu\u00e9 regalar a un amante [&hellip;]\" \/>\n<meta property=\"og:url\" content=\"https:\/\/totenart.com\/noticias\/que-regalar\/artista-aficionado\/ceramica\/\" \/>\n<meta property=\"og:site_name\" content=\"Noticias de Arte Totenart\" \/>\n<meta property=\"article:modified_time\" content=\"2023-11-20T08:02:40+00:00\" \/>\n<meta property=\"og:image\" content=\"https:\/\/totenart.com\/noticias\/wp-content\/uploads\/2023\/11\/totenart-que-regalar-navidad-optimizada-1.jpg\" \/>\n\t<meta property=\"og:image:width\" content=\"648\" \/>\n\t<meta property=\"og:image:height\" content=\"340\" \/>\n\t<meta property=\"og:image:type\" content=\"image\/jpeg\" \/>\n<meta name=\"twitter:label1\" content=\"Tiempo de lectura\" \/>\n\t<meta name=\"twitter:data1\" content=\"3 minutos\" \/>\n<script type=\"application\/ld+json\" class=\"yoast-schema-graph\">{\"@context\":\"https:\/\/schema.org\",\"@graph\":[{\"@type\":\"WebPage\",\"@id\":\"https:\/\/totenart.com\/noticias\/que-regalar\/artista-aficionado\/ceramica\/\",\"url\":\"https:\/\/totenart.com\/noticias\/que-regalar\/artista-aficionado\/ceramica\/\",\"name\":\"Qu\u00e9 regalar a un amante de la cer\u00e1mica - Noticias de Arte Totenart\",\"isPartOf\":{\"@id\":\"https:\/\/totenart.com\/noticias\/#website\"},\"primaryImageOfPage\":{\"@id\":\"https:\/\/totenart.com\/noticias\/que-regalar\/artista-aficionado\/ceramica\/#primaryimage\"},\"image\":{\"@id\":\"https:\/\/totenart.com\/noticias\/que-regalar\/artista-aficionado\/ceramica\/#primaryimage\"},\"thumbnailUrl\":\"https:\/\/totenart.com\/noticias\/wp-content\/uploads\/2023\/11\/totenart-que-regalar-navidad-optimizada-1.jpg\",\"datePublished\":\"2023-10-20T06:09:04+00:00\",\"dateModified\":\"2023-11-20T08:02:40+00:00\",\"breadcrumb\":{\"@id\":\"https:\/\/totenart.com\/noticias\/que-regalar\/artista-aficionado\/ceramica\/#breadcrumb\"},\"inLanguage\":\"es\",\"potentialAction\":[{\"@type\":\"ReadAction\",\"target\":[\"https:\/\/totenart.com\/noticias\/que-regalar\/artista-aficionado\/ceramica\/\"]}]},{\"@type\":\"ImageObject\",\"inLanguage\":\"es\",\"@id\":\"https:\/\/totenart.com\/noticias\/que-regalar\/artista-aficionado\/ceramica\/#primaryimage\",\"url\":\"https:\/\/totenart.com\/noticias\/wp-content\/uploads\/2023\/11\/totenart-que-regalar-navidad-optimizada-1.jpg\",\"contentUrl\":\"https:\/\/totenart.com\/noticias\/wp-content\/uploads\/2023\/11\/totenart-que-regalar-navidad-optimizada-1.jpg\",\"width\":648,\"height\":340},{\"@type\":\"BreadcrumbList\",\"@id\":\"https:\/\/totenart.com\/noticias\/que-regalar\/artista-aficionado\/ceramica\/#breadcrumb\",\"itemListElement\":[{\"@type\":\"ListItem\",\"position\":1,\"name\":\"Portada\",\"item\":\"https:\/\/totenart.com\/noticias\/\"},{\"@type\":\"ListItem\",\"position\":2,\"name\":\"\u00bfQu\u00e9 regalar a un artista?\",\"item\":\"https:\/\/totenart.com\/noticias\/que-regalar\/\"},{\"@type\":\"ListItem\",\"position\":3,\"name\":\"Que regalar a un artista aficionado\",\"item\":\"https:\/\/totenart.com\/noticias\/que-regalar\/artista-aficionado\/\"},{\"@type\":\"ListItem\",\"position\":4,\"name\":\"Qu\u00e9 regalar a un amante de la cer\u00e1mica\"}]},{\"@type\":\"WebSite\",\"@id\":\"https:\/\/totenart.com\/noticias\/#website\",\"url\":\"https:\/\/totenart.com\/noticias\/\",\"name\":\"Noticias de Arte Totenart\",\"description\":\"Blog de noticias del mundo del arte: exposiciones, eventos, nuevos productos y materiales para artistas...\",\"potentialAction\":[{\"@type\":\"SearchAction\",\"target\":{\"@type\":\"EntryPoint\",\"urlTemplate\":\"https:\/\/totenart.com\/noticias\/?s={search_term_string}\"},\"query-input\":{\"@type\":\"PropertyValueSpecification\",\"valueRequired\":true,\"valueName\":\"search_term_string\"}}],\"inLanguage\":\"es\"}]}<\/script>\n<!-- \/ Yoast SEO plugin. -->","yoast_head_json":{"title":"Qu\u00e9 regalar a un amante de la cer\u00e1mica - Noticias de Arte Totenart","robots":{"index":"index","follow":"follow","max-snippet":"max-snippet:-1","max-image-preview":"max-image-preview:large","max-video-preview":"max-video-preview:-1"},"canonical":"https:\/\/totenart.com\/noticias\/que-regalar\/artista-aficionado\/ceramica\/","og_locale":"es_ES","og_type":"article","og_title":"Qu\u00e9 regalar a un amante de la cer\u00e1mica - Noticias de Arte Totenart","og_description":"Ideas para regalar a artistas de cer\u00e1mica Si tienes que hacer un regalo a un amigo o amiga que es un amante de la cer\u00e1mica&#8230; \u00a1Te echamos una mano! Como puede ser un poco dif\u00edcil escoger un regalo para un ceramista, te dejamos algunas ideas para que no puedas fallar: Qu\u00e9 regalar a un amante [&hellip;]","og_url":"https:\/\/totenart.com\/noticias\/que-regalar\/artista-aficionado\/ceramica\/","og_site_name":"Noticias de Arte Totenart","article_modified_time":"2023-11-20T08:02:40+00:00","og_image":[{"width":648,"height":340,"url":"https:\/\/totenart.com\/noticias\/wp-content\/uploads\/2023\/11\/totenart-que-regalar-navidad-optimizada-1.jpg","type":"image\/jpeg"}],"twitter_misc":{"Tiempo de lectura":"3 minutos"},"schema":{"@context":"https:\/\/schema.org","@graph":[{"@type":"WebPage","@id":"https:\/\/totenart.com\/noticias\/que-regalar\/artista-aficionado\/ceramica\/","url":"https:\/\/totenart.com\/noticias\/que-regalar\/artista-aficionado\/ceramica\/","name":"Qu\u00e9 regalar a un amante de la cer\u00e1mica - Noticias de Arte Totenart","isPartOf":{"@id":"https:\/\/totenart.com\/noticias\/#website"},"primaryImageOfPage":{"@id":"https:\/\/totenart.com\/noticias\/que-regalar\/artista-aficionado\/ceramica\/#primaryimage"},"image":{"@id":"https:\/\/totenart.com\/noticias\/que-regalar\/artista-aficionado\/ceramica\/#primaryimage"},"thumbnailUrl":"https:\/\/totenart.com\/noticias\/wp-content\/uploads\/2023\/11\/totenart-que-regalar-navidad-optimizada-1.jpg","datePublished":"2023-10-20T06:09:04+00:00","dateModified":"2023-11-20T08:02:40+00:00","breadcrumb":{"@id":"https:\/\/totenart.com\/noticias\/que-regalar\/artista-aficionado\/ceramica\/#breadcrumb"},"inLanguage":"es","potentialAction":[{"@type":"ReadAction","target":["https:\/\/totenart.com\/noticias\/que-regalar\/artista-aficionado\/ceramica\/"]}]},{"@type":"ImageObject","inLanguage":"es","@id":"https:\/\/totenart.com\/noticias\/que-regalar\/artista-aficionado\/ceramica\/#primaryimage","url":"https:\/\/totenart.com\/noticias\/wp-content\/uploads\/2023\/11\/totenart-que-regalar-navidad-optimizada-1.jpg","contentUrl":"https:\/\/totenart.com\/noticias\/wp-content\/uploads\/2023\/11\/totenart-que-regalar-navidad-optimizada-1.jpg","width":648,"height":340},{"@type":"BreadcrumbList","@id":"https:\/\/totenart.com\/noticias\/que-regalar\/artista-aficionado\/ceramica\/#breadcrumb","itemListElement":[{"@type":"ListItem","position":1,"name":"Portada","item":"https:\/\/totenart.com\/noticias\/"},{"@type":"ListItem","position":2,"name":"\u00bfQu\u00e9 regalar a un artista?","item":"https:\/\/totenart.com\/noticias\/que-regalar\/"},{"@type":"ListItem","position":3,"name":"Que regalar a un artista aficionado","item":"https:\/\/totenart.com\/noticias\/que-regalar\/artista-aficionado\/"},{"@type":"ListItem","position":4,"name":"Qu\u00e9 regalar a un amante de la cer\u00e1mica"}]},{"@type":"WebSite","@id":"https:\/\/totenart.com\/noticias\/#website","url":"https:\/\/totenart.com\/noticias\/","name":"Noticias de Arte Totenart","description":"Blog de noticias del mundo del arte: exposiciones, eventos, nuevos productos y materiales para artistas...","potentialAction":[{"@type":"SearchAction","target":{"@type":"EntryPoint","urlTemplate":"https:\/\/totenart.com\/noticias\/?s={search_term_string}"},"query-input":{"@type":"PropertyValueSpecification","valueRequired":true,"valueName":"search_term_string"}}],"inLanguage":"es"}]}},"_links":{"self":[{"href":"https:\/\/totenart.com\/noticias\/wp-json\/wp\/v2\/pages\/22677","targetHints":{"allow":["GET"]}}],"collection":[{"href":"https:\/\/totenart.com\/noticias\/wp-json\/wp\/v2\/pages"}],"about":[{"href":"https:\/\/totenart.com\/noticias\/wp-json\/wp\/v2\/types\/page"}],"author":[{"embeddable":true,"href":"https:\/\/totenart.com\/noticias\/wp-json\/wp\/v2\/users\/13"}],"replies":[{"embeddable":true,"href":"https:\/\/totenart.com\/noticias\/wp-json\/wp\/v2\/comments?post=22677"}],"version-history":[{"count":3,"href":"https:\/\/totenart.com\/noticias\/wp-json\/wp\/v2\/pages\/22677\/revisions"}],"predecessor-version":[{"id":22684,"href":"https:\/\/totenart.com\/noticias\/wp-json\/wp\/v2\/pages\/22677\/revisions\/22684"}],"up":[{"embeddable":true,"href":"https:\/\/totenart.com\/noticias\/wp-json\/wp\/v2\/pages\/14678"}],"wp:featuredmedia":[{"embeddable":true,"href":"https:\/\/totenart.com\/noticias\/wp-json\/wp\/v2\/media\/22680"}],"wp:attachment":[{"href":"https:\/\/totenart.com\/noticias\/wp-json\/wp\/v2\/media?parent=22677"}],"curies":[{"name":"wp","href":"https:\/\/api.w.org\/{rel}","templated":true}]}}